{"id":1104,"date":"2019-12-09T11:44:12","date_gmt":"2019-12-09T10:44:12","guid":{"rendered":"http:\/\/new.hit-tracking.com\/unsere-anderen-losungen\/"},"modified":"2021-08-12T08:17:12","modified_gmt":"2021-08-12T06:17:12","slug":"unsere-anderen-losungen","status":"publish","type":"page","link":"https:\/\/hit-tracking.com\/de\/unsere-anderen-losungen\/","title":{"rendered":"Unsere anderen L\u00f6sungen"},"content":{"rendered":"\n<style type=\"text\/css\" data-created_by=\"avia_inline_auto\" id=\"style-css-av-1ry6s-8eb3c6e876a5f57b7fd2198a6d90453c\">\n#top .av-special-heading.av-1ry6s-8eb3c6e876a5f57b7fd2198a6d90453c{\npadding-bottom:10px;\ncolor:#ffffff;\nfont-size:40px;\n}\nbody .av-special-heading.av-1ry6s-8eb3c6e876a5f57b7fd2198a6d90453c .av-special-heading-tag .heading-char{\nfont-size:25px;\n}\n#top #wrap_all .av-special-heading.av-1ry6s-8eb3c6e876a5f57b7fd2198a6d90453c .av-special-heading-tag{\nfont-size:40px;\n}\n.av-special-heading.av-1ry6s-8eb3c6e876a5f57b7fd2198a6d90453c .special-heading-inner-border{\nborder-color:#ffffff;\n}\n.av-special-heading.av-1ry6s-8eb3c6e876a5f57b7fd2198a6d90453c .av-subheading{\nfont-size:15px;\n}\n<\/style>\n<div  class='av-special-heading av-1ry6s-8eb3c6e876a5f57b7fd2198a6d90453c av-special-heading-h1 custom-color-heading blockquote modern-quote modern-centered  avia-builder-el-0  el_before_av_hr  avia-builder-el-first  av-inherit-size'><h1 class='av-special-heading-tag'  itemprop=\"headline\"  >FICOS: DER COMPUTEREXPERTE IM BAUWESEN<\/h1><div class=\"special-heading-border\"><div class=\"special-heading-inner-border\"><\/div><\/div><\/div>\n\n<style type=\"text\/css\" data-created_by=\"avia_inline_auto\" id=\"style-css-av-jlncwmfy-08280a8766a812780eff43bcf2f54646\">\n#top .hr.av-jlncwmfy-08280a8766a812780eff43bcf2f54646{\nmargin-top:30px;\nmargin-bottom:30px;\n}\n.hr.av-jlncwmfy-08280a8766a812780eff43bcf2f54646 .hr-inner{\nwidth:70px;\nborder-color:#ffffff;\nmax-width:45%;\n}\n.hr.av-jlncwmfy-08280a8766a812780eff43bcf2f54646 .av-seperator-icon{\ncolor:#19a3b2;\n}\n<\/style>\n<div  class='hr av-jlncwmfy-08280a8766a812780eff43bcf2f54646 hr-custom  avia-builder-el-1  el_after_av_heading  el_before_av_section  avia-builder-el-last  hr-center hr-icon-yes'><span class='hr-inner inner-border-av-border-fat'><span class=\"hr-inner-style\"><\/span><\/span><span class='av-seperator-icon' aria-hidden='true' data-av_icon='\ue82b' data-av_iconfont='entypo-fontello'><\/span><span class='hr-inner inner-border-av-border-fat'><span class=\"hr-inner-style\"><\/span><\/span><\/div>\n<\/div><\/div><\/div><!-- close content main div --><\/div><\/div><div id='av_section_1'  class='avia-section av-b9wao-78dbe5980aced122ed0b3e3082225b9f main_color avia-section-default avia-no-border-styling  avia-builder-el-2  el_after_av_hr  el_before_av_section  avia-bg-style-scroll container_wrap fullsize'  ><div class='container av-section-cont-open' ><div class='template-page content  av-content-full alpha units'><div class='post-entry post-entry-type-page post-entry-1104'><div class='entry-content-wrapper clearfix'>\n\n<style type=\"text\/css\" data-created_by=\"avia_inline_auto\" id=\"style-css-av-abmf8-9b43fce6c51bb45310b1fa41066dad73\">\n.flex_column.av-abmf8-9b43fce6c51bb45310b1fa41066dad73{\nborder-radius:0px 0px 0px 0px;\n-webkit-border-radius:0px 0px 0px 0px;\n-moz-border-radius:0px 0px 0px 0px;\n}\n<\/style>\n<div class='flex_column av-abmf8-9b43fce6c51bb45310b1fa41066dad73 av_one_fifth  avia-builder-el-3  el_before_av_three_fifth  avia-builder-el-first  first flex_column_div av-zero-column-padding '   ><\/div>\n<style type=\"text\/css\" data-created_by=\"avia_inline_auto\" id=\"style-css-av-9m7x0-b61571fc64e0aa939f1fa46e06c0b049\">\n.flex_column.av-9m7x0-b61571fc64e0aa939f1fa46e06c0b049{\nborder-radius:0px 0px 0px 0px;\n-webkit-border-radius:0px 0px 0px 0px;\n-moz-border-radius:0px 0px 0px 0px;\n}\n<\/style>\n<div class='flex_column av-9m7x0-b61571fc64e0aa939f1fa46e06c0b049 av_three_fifth  avia-builder-el-4  el_after_av_one_fifth  el_before_av_one_fifth  flex_column_div av-zero-column-padding '   ><p>\n<style type=\"text\/css\" data-created_by=\"avia_inline_auto\" id=\"style-css-av-jlnmp8lp-994e68d6132eac8b96f0e7c95a3283ca\">\n#top .av-special-heading.av-jlnmp8lp-994e68d6132eac8b96f0e7c95a3283ca{\npadding-bottom:10px;\ncolor:#45494d;\nfont-size:35px;\n}\nbody .av-special-heading.av-jlnmp8lp-994e68d6132eac8b96f0e7c95a3283ca .av-special-heading-tag .heading-char{\nfont-size:25px;\n}\n#top #wrap_all .av-special-heading.av-jlnmp8lp-994e68d6132eac8b96f0e7c95a3283ca .av-special-heading-tag{\nfont-size:35px;\n}\n.av-special-heading.av-jlnmp8lp-994e68d6132eac8b96f0e7c95a3283ca .special-heading-inner-border{\nborder-color:#45494d;\n}\n.av-special-heading.av-jlnmp8lp-994e68d6132eac8b96f0e7c95a3283ca .av-subheading{\nfont-size:15px;\n}\n<\/style>\n<div  class='av-special-heading av-jlnmp8lp-994e68d6132eac8b96f0e7c95a3283ca av-special-heading-h2 custom-color-heading blockquote modern-quote  avia-builder-el-5  el_before_av_textblock  avia-builder-el-first  av-inherit-size'><h2 class='av-special-heading-tag'  itemprop=\"headline\"  >UNSER UNTERNEHMEN<\/h2><div class=\"special-heading-border\"><div class=\"special-heading-inner-border\"><\/div><\/div><\/div><br \/>\n<section  class='av_textblock_section av-jlnmph17-2133b14a20866efbc1f9dd21b8d966ee'  itemscope=\"itemscope\" itemtype=\"https:\/\/schema.org\/CreativeWork\" ><div class='avia_textblock'  itemprop=\"text\" ><p>Ficos Luxembourg ist das IT-Unternehmen der im Bau t\u00e4tigen Gruppe HP-Linden aus Sankt-Vith. Unsere Mission ist es, die Prozesse der Bauunternehmen durch den folgenden Aktionsplan zu optimieren:<\/p>\n<ul>\n<li>Audit Ihres bestehenden Systems<\/li>\n<li>Installation von Produkten, die an Ihr Unternehmen angepasst sind.<\/li>\n<li>Wir unterst\u00fctzen Sie beim Einsatz unserer Produkte (Coaching &#8211; Training).<\/li>\n<\/ul>\n<\/div><\/section><\/p><\/div>\n<style type=\"text\/css\" data-created_by=\"avia_inline_auto\" id=\"style-css-av-8zn9g-a5a208b43f4390d09e7be2392960d9f3\">\n.flex_column.av-8zn9g-a5a208b43f4390d09e7be2392960d9f3{\nborder-radius:0px 0px 0px 0px;\n-webkit-border-radius:0px 0px 0px 0px;\n-moz-border-radius:0px 0px 0px 0px;\n}\n<\/style>\n<div class='flex_column av-8zn9g-a5a208b43f4390d09e7be2392960d9f3 av_one_fifth  avia-builder-el-7  el_after_av_three_fifth  el_before_av_one_fifth  flex_column_div av-zero-column-padding '   ><\/div>\n<style type=\"text\/css\" data-created_by=\"avia_inline_auto\" id=\"style-css-av-8u9z4-a9540c9dadedc7183b7bc1816d2a7241\">\n.flex_column.av-8u9z4-a9540c9dadedc7183b7bc1816d2a7241{\nborder-radius:0px 0px 0px 0px;\n-webkit-border-radius:0px 0px 0px 0px;\n-moz-border-radius:0px 0px 0px 0px;\n}\n<\/style>\n<div class='flex_column av-8u9z4-a9540c9dadedc7183b7bc1816d2a7241 av_one_fifth  avia-builder-el-8  el_after_av_one_fifth  el_before_av_three_fifth  first flex_column_div av-zero-column-padding column-top-margin'   ><\/div>\n<style type=\"text\/css\" data-created_by=\"avia_inline_auto\" id=\"style-css-av-81w50-2e6a7096891fd2d56fcd94adc6f47db3\">\n.flex_column.av-81w50-2e6a7096891fd2d56fcd94adc6f47db3{\nborder-radius:0px 0px 0px 0px;\n-webkit-border-radius:0px 0px 0px 0px;\n-moz-border-radius:0px 0px 0px 0px;\n}\n<\/style>\n<div class='flex_column av-81w50-2e6a7096891fd2d56fcd94adc6f47db3 av_three_fifth  avia-builder-el-9  el_after_av_one_fifth  el_before_av_one_fifth  flex_column_div av-zero-column-padding column-top-margin'   ><p>\n<style type=\"text\/css\" data-created_by=\"avia_inline_auto\" id=\"style-css-av-jlnmp8lp-973c5f8511c1e2a6d86f87446c5f6820\">\n#top .av-special-heading.av-jlnmp8lp-973c5f8511c1e2a6d86f87446c5f6820{\npadding-bottom:10px;\ncolor:#45494d;\nfont-size:35px;\n}\nbody .av-special-heading.av-jlnmp8lp-973c5f8511c1e2a6d86f87446c5f6820 .av-special-heading-tag .heading-char{\nfont-size:25px;\n}\n#top #wrap_all .av-special-heading.av-jlnmp8lp-973c5f8511c1e2a6d86f87446c5f6820 .av-special-heading-tag{\nfont-size:35px;\n}\n.av-special-heading.av-jlnmp8lp-973c5f8511c1e2a6d86f87446c5f6820 .special-heading-inner-border{\nborder-color:#45494d;\n}\n.av-special-heading.av-jlnmp8lp-973c5f8511c1e2a6d86f87446c5f6820 .av-subheading{\nfont-size:15px;\n}\n<\/style>\n<div  class='av-special-heading av-jlnmp8lp-973c5f8511c1e2a6d86f87446c5f6820 av-special-heading-h2 custom-color-heading blockquote modern-quote  avia-builder-el-10  el_before_av_textblock  avia-builder-el-first  av-inherit-size'><h2 class='av-special-heading-tag'  itemprop=\"headline\"  >UNSERE MISSION<\/h2><div class=\"special-heading-border\"><div class=\"special-heading-inner-border\"><\/div><\/div><\/div><br \/>\n<section  class='av_textblock_section av-jlnmph17-2133b14a20866efbc1f9dd21b8d966ee'  itemscope=\"itemscope\" itemtype=\"https:\/\/schema.org\/CreativeWork\" ><div class='avia_textblock'  itemprop=\"text\" ><blockquote>\n<p style=\"text-align: left;\">Unsere Mission ist es, das operative Management aller Akteure im Bausektor zu verbessern.<\/p>\n<\/blockquote>\n<p style=\"text-align: left;\">Mit anderen Worten, Ficos hofft, in den kommenden Jahren in Belgien und Luxemburg die Marktf\u00fchrerschaft in der IT f\u00fcr die Baubranche zu erlangen. Wir hoffen auch, unsere Aktivit\u00e4ten im Ausland auszuweiten, obwohl wir bereits in vielen L\u00e4ndern der Welt pr\u00e4sent sind.<\/p>\n<\/div><\/section><\/p><\/div>\n<style type=\"text\/css\" data-created_by=\"avia_inline_auto\" id=\"style-css-av-7bjzo-4ad7a8fd2fbde0e97cb22ee26a7d6b72\">\n.flex_column.av-7bjzo-4ad7a8fd2fbde0e97cb22ee26a7d6b72{\nborder-radius:0px 0px 0px 0px;\n-webkit-border-radius:0px 0px 0px 0px;\n-moz-border-radius:0px 0px 0px 0px;\n}\n<\/style>\n<div class='flex_column av-7bjzo-4ad7a8fd2fbde0e97cb22ee26a7d6b72 av_one_fifth  avia-builder-el-12  el_after_av_three_fifth  avia-builder-el-last  flex_column_div av-zero-column-padding column-top-margin'   ><\/div>\n\n<\/div><\/div><\/div><!-- close content main div --><\/div><\/div><div id='av_section_2'  class='avia-section av-6pnes-ace35a6ab2d34397c1432b988e16f3b0 main_color avia-section-default avia-no-border-styling  avia-builder-el-13  el_after_av_section  el_before_av_section  avia-bg-style-scroll container_wrap fullsize'  ><div class='container av-section-cont-open' ><div class='template-page content  av-content-full alpha units'><div class='post-entry post-entry-type-page post-entry-1104'><div class='entry-content-wrapper clearfix'>\n\n<style type=\"text\/css\" data-created_by=\"avia_inline_auto\" id=\"style-css-av-jlnmry8n-745e42b2618cebf923b759f6ad0b32c3\">\n#top .av-special-heading.av-jlnmry8n-745e42b2618cebf923b759f6ad0b32c3{\npadding-bottom:10px;\ncolor:#45494d;\nfont-size:35px;\n}\nbody .av-special-heading.av-jlnmry8n-745e42b2618cebf923b759f6ad0b32c3 .av-special-heading-tag .heading-char{\nfont-size:25px;\n}\n#top #wrap_all .av-special-heading.av-jlnmry8n-745e42b2618cebf923b759f6ad0b32c3 .av-special-heading-tag{\nfont-size:35px;\n}\n.av-special-heading.av-jlnmry8n-745e42b2618cebf923b759f6ad0b32c3 .special-heading-inner-border{\nborder-color:#45494d;\n}\n.av-special-heading.av-jlnmry8n-745e42b2618cebf923b759f6ad0b32c3 .av-subheading{\nfont-size:15px;\n}\n<\/style>\n<div  class='av-special-heading av-jlnmry8n-745e42b2618cebf923b759f6ad0b32c3 av-special-heading-h2 custom-color-heading blockquote modern-quote modern-centered  avia-builder-el-14  avia-builder-el-no-sibling  av-inherit-size'><h2 class='av-special-heading-tag'  itemprop=\"headline\"  >Produkteditor : die HIT reihe von Ficos<\/h2><div class='av_custom_color av-subheading av-subheading_below'><p>Wir ver\u00f6ffentlichen und vermarkten die Hit-Produktpalette, die alle Abl\u00e4ufe f\u00fcr alle Arten von Bauunternehmen optimiert.<\/p>\n<\/div><div class=\"special-heading-border\"><div class=\"special-heading-inner-border\"><\/div><\/div><\/div>\n\n<\/div><\/div><\/div><!-- close content main div --><\/div><\/div><div id='av_section_3'  class='avia-section av-o9y4-354bc3abb8f0f65c1510fc098e7952cb main_color avia-section-default avia-no-border-styling  avia-builder-el-15  el_after_av_section  avia-builder-el-last  avia-bg-style-scroll container_wrap fullsize'  ><div class='container av-section-cont-open' ><div class='template-page content  av-content-full alpha units'><div class='post-entry post-entry-type-page post-entry-1104'><div class='entry-content-wrapper clearfix'>\n\n<style type=\"text\/css\" data-created_by=\"avia_inline_auto\" id=\"style-css-av-5a63c-bff295f94ef370dba1018e4bac1988f0\">\n.flex_column.av-5a63c-bff295f94ef370dba1018e4bac1988f0{\nborder-radius:0px 0px 0px 0px;\n-webkit-border-radius:0px 0px 0px 0px;\n-moz-border-radius:0px 0px 0px 0px;\n}\n<\/style>\n<div class='flex_column av-5a63c-bff295f94ef370dba1018e4bac1988f0 av_one_fourth  avia-builder-el-16  el_before_av_one_fourth  avia-builder-el-first  first flex_column_div av-zero-column-padding '   ><style type=\"text\/css\" data-created_by=\"avia_inline_auto\" id=\"style-css-av-k0zdf7qw-b5c15edc2be8a4d33ec7836210d459b5\">\n.avia-image-container.av-k0zdf7qw-b5c15edc2be8a4d33ec7836210d459b5 .av-image-caption-overlay-center{\ncolor:#ffffff;\n}\n<\/style>\n<div  class='avia-image-container av-k0zdf7qw-b5c15edc2be8a4d33ec7836210d459b5 av-styling- avia_animated_image avia_animate_when_almost_visible left-to-right avia-align-right  avia-builder-el-17  avia-builder-el-no-sibling '  itemprop=\"image\" itemscope=\"itemscope\" itemtype=\"https:\/\/schema.org\/ImageObject\" ><div class=\"avia-image-container-inner\"><div class=\"avia-image-overlay-wrap\"><a href=\"https:\/\/www.hit-office.com\" class='avia_image' target=\"_blank\" rel=\"noopener noreferrer\"><img class='avia-img-lazy-loading-not- avia_image' src=\"https:\/\/hit-tracking.com\/wp-content\/uploads\/2018\/09\/Hit-Office-300x300.png\" alt='' title=''   itemprop=\"thumbnailUrl\"  \/><\/a><\/div><\/div><\/div><\/div>\n<style type=\"text\/css\" data-created_by=\"avia_inline_auto\" id=\"style-css-av-1p7s-1ad4ede9d465a2b8b3fbf475a68f3056\">\n.flex_column.av-1p7s-1ad4ede9d465a2b8b3fbf475a68f3056{\nborder-radius:0px 0px 0px 0px;\n-webkit-border-radius:0px 0px 0px 0px;\n-moz-border-radius:0px 0px 0px 0px;\n}\n<\/style>\n<div class='flex_column av-1p7s-1ad4ede9d465a2b8b3fbf475a68f3056 av_one_fourth  avia-builder-el-18  el_after_av_one_fourth  el_before_av_one_fourth  flex_column_div av-zero-column-padding '   ><section  class='av_textblock_section av-k0zdfdqn-8f2716ecec430cb644eaa742e0ab1e02'  itemscope=\"itemscope\" itemtype=\"https:\/\/schema.org\/CreativeWork\" ><div class='avia_textblock'  itemprop=\"text\" ><p>Ficos bietet Ihnen die HIT-Office-Software f\u00fcr Bauunternehmer, Architekten, Installateure und Entwickler. Hit-Office besteht aus einer Vielzahl von kundenspezifischen Modulen, um die Bed\u00fcrfnisse von Unternehmen zu erf\u00fcllen.<\/p>\n<\/div><\/section><\/div>\n<style type=\"text\/css\" data-created_by=\"avia_inline_auto\" id=\"style-css-av-3pb6g-28df753f5cb8d264c4469e185fedb4db\">\n.flex_column.av-3pb6g-28df753f5cb8d264c4469e185fedb4db{\nborder-radius:0px 0px 0px 0px;\n-webkit-border-radius:0px 0px 0px 0px;\n-moz-border-radius:0px 0px 0px 0px;\n}\n<\/style>\n<div class='flex_column av-3pb6g-28df753f5cb8d264c4469e185fedb4db av_one_fourth  avia-builder-el-20  el_after_av_one_fourth  el_before_av_one_fourth  flex_column_div av-zero-column-padding '   ><section  class='av_textblock_section av-k0zdfdqn-8f2716ecec430cb644eaa742e0ab1e02'  itemscope=\"itemscope\" itemtype=\"https:\/\/schema.org\/CreativeWork\" ><div class='avia_textblock'  itemprop=\"text\" ><p>Ficos entwickelt auch verschiedene mobile Anwendungen f\u00fcr Baustellen. HIT-Mobile ist eine Baustellenanwendung, mit der Sie Ihre Baustellen von Ihrem mobilen Ger\u00e4t aus verwalten k\u00f6nnen. Die HIT-Stock-L\u00f6sung erm\u00f6glicht es Ihnen, Ihre Best\u00e4nde \u00fcber ein Smartphone per Scansystem zu verwalten.<\/p>\n<\/div><\/section><\/div>\n<style type=\"text\/css\" data-created_by=\"avia_inline_auto\" id=\"style-css-av-33pv4-d6ef6c6a4cde2664c37b40f0d9b64a77\">\n.flex_column.av-33pv4-d6ef6c6a4cde2664c37b40f0d9b64a77{\nborder-radius:0px 0px 0px 0px;\n-webkit-border-radius:0px 0px 0px 0px;\n-moz-border-radius:0px 0px 0px 0px;\n}\n<\/style>\n<div class='flex_column av-33pv4-d6ef6c6a4cde2664c37b40f0d9b64a77 av_one_fourth  avia-builder-el-22  el_after_av_one_fourth  el_before_av_one_fourth  flex_column_div av-zero-column-padding '   ><style type=\"text\/css\" data-created_by=\"avia_inline_auto\" id=\"style-css-av-k0zdf7qw-dfc4acb6bec3ac0761a595a68becd6fa\">\n.avia-image-container.av-k0zdf7qw-dfc4acb6bec3ac0761a595a68becd6fa .av-image-caption-overlay-center{\ncolor:#ffffff;\n}\n<\/style>\n<div  class='avia-image-container av-k0zdf7qw-dfc4acb6bec3ac0761a595a68becd6fa av-styling- avia_animated_image avia_animate_when_almost_visible right-to-left avia-align-left  avia-builder-el-23  avia-builder-el-no-sibling '  itemprop=\"image\" itemscope=\"itemscope\" itemtype=\"https:\/\/schema.org\/ImageObject\" ><div class=\"avia-image-container-inner\"><div class=\"avia-image-overlay-wrap\"><a href=\"https:\/\/www.hit-mobile.com\" class='avia_image' target=\"_blank\" rel=\"noopener noreferrer\"><img class='avia-img-lazy-loading-not- avia_image' src=\"https:\/\/hit-tracking.com\/wp-content\/uploads\/2018\/09\/Hit-Mobile-300x297-300x297.png\" alt='' title=''   itemprop=\"thumbnailUrl\"  \/><\/a><\/div><\/div><\/div><\/div>\n<style type=\"text\/css\" data-created_by=\"avia_inline_auto\" id=\"style-css-av-2vncs-deaf584968e0417601f7933252b9b02e\">\n.flex_column.av-2vncs-deaf584968e0417601f7933252b9b02e{\nborder-radius:0px 0px 0px 0px;\n-webkit-border-radius:0px 0px 0px 0px;\n-moz-border-radius:0px 0px 0px 0px;\n}\n<\/style>\n<div class='flex_column av-2vncs-deaf584968e0417601f7933252b9b02e av_one_fourth  avia-builder-el-24  el_after_av_one_fourth  el_before_av_one_fourth  first flex_column_div av-zero-column-padding column-top-margin'   ><style type=\"text\/css\" data-created_by=\"avia_inline_auto\" id=\"style-css-av-k0zdf7qw-f7e19096d6284c5c7c21dc48c5c9e53d\">\n.avia-image-container.av-k0zdf7qw-f7e19096d6284c5c7c21dc48c5c9e53d .av-image-caption-overlay-center{\ncolor:#ffffff;\n}\n<\/style>\n<div  class='avia-image-container av-k0zdf7qw-f7e19096d6284c5c7c21dc48c5c9e53d av-styling- avia_animated_image avia_animate_when_almost_visible left-to-right avia-align-right  avia-builder-el-25  avia-builder-el-no-sibling '  itemprop=\"image\" itemscope=\"itemscope\" itemtype=\"https:\/\/schema.org\/ImageObject\" ><div class=\"avia-image-container-inner\"><div class=\"avia-image-overlay-wrap\"><a href=\"https:\/\/www.hit-market.eu\" class='avia_image' target=\"_blank\" rel=\"noopener noreferrer\"><img class='avia-img-lazy-loading-not- avia_image' src=\"https:\/\/hit-tracking.com\/wp-content\/uploads\/2018\/09\/hit-market-300x300.png\" alt='' title=''   itemprop=\"thumbnailUrl\"  \/><\/a><\/div><\/div><\/div><\/div>\n<style type=\"text\/css\" data-created_by=\"avia_inline_auto\" id=\"style-css-av-20jdc-2a07336e0a17dc89bf56747392b60826\">\n.flex_column.av-20jdc-2a07336e0a17dc89bf56747392b60826{\nborder-radius:0px 0px 0px 0px;\n-webkit-border-radius:0px 0px 0px 0px;\n-moz-border-radius:0px 0px 0px 0px;\n}\n<\/style>\n<div class='flex_column av-20jdc-2a07336e0a17dc89bf56747392b60826 av_one_fourth  avia-builder-el-26  el_after_av_one_fourth  el_before_av_one_fourth  flex_column_div av-zero-column-padding column-top-margin'   ><section  class='av_textblock_section av-k0zdfdqn-8f2716ecec430cb644eaa742e0ab1e02'  itemscope=\"itemscope\" itemtype=\"https:\/\/schema.org\/CreativeWork\" ><div class='avia_textblock'  itemprop=\"text\" ><p>Ficos ist auch auf die Entwicklung von WEB-L\u00f6sungen spezialisiert. HIT-Market ist eine Preisanfrageplattform zwischen Auftragnehmern und Subunternehmern, die es Ihnen erm\u00f6glicht, Angebote direkt zu versenden und abzuschlie\u00dfen und Dokumente zu \u00fcbertragen.<\/p>\n<\/div><\/section><\/div>\n<style type=\"text\/css\" data-created_by=\"avia_inline_auto\" id=\"style-css-av-1ajn8-7a6afae61354ff72b5e1ad7c89faa94e\">\n.flex_column.av-1ajn8-7a6afae61354ff72b5e1ad7c89faa94e{\nborder-radius:0px 0px 0px 0px;\n-webkit-border-radius:0px 0px 0px 0px;\n-moz-border-radius:0px 0px 0px 0px;\n}\n<\/style>\n<div class='flex_column av-1ajn8-7a6afae61354ff72b5e1ad7c89faa94e av_one_fourth  avia-builder-el-28  el_after_av_one_fourth  el_before_av_one_fourth  flex_column_div av-zero-column-padding column-top-margin'   ><section  class='av_textblock_section av-k0zdfdqn-8f2716ecec430cb644eaa742e0ab1e02'  itemscope=\"itemscope\" itemtype=\"https:\/\/schema.org\/CreativeWork\" ><div class='avia_textblock'  itemprop=\"text\" ><p>Hit-Clock ist eine Mobilanwendung mit \u201cStart-Stopp\u201d Funktionalit\u00e4t die es Ihnen erm\u00f6glicht Ihr Unternehmen zu verwalten. Sie k\u00f6nnen auf einfache Art die Arbeitszeiten Ihrer Mitarbeiter verfolgen und die Anwendung unterst\u00fctzt Sie bei der Einplanung Ihrer Belegschaft.<\/p>\n<\/div><\/section><\/div>\n<style type=\"text\/css\" data-created_by=\"avia_inline_auto\" id=\"style-css-av-13dgs-ba759f90e774da9a81cf509bbbe989cf\">\n.flex_column.av-13dgs-ba759f90e774da9a81cf509bbbe989cf{\nborder-radius:0px 0px 0px 0px;\n-webkit-border-radius:0px 0px 0px 0px;\n-moz-border-radius:0px 0px 0px 0px;\n}\n<\/style>\n<div class='flex_column av-13dgs-ba759f90e774da9a81cf509bbbe989cf av_one_fourth  avia-builder-el-30  el_after_av_one_fourth  avia-builder-el-last  flex_column_div av-zero-column-padding column-top-margin'   ><style type=\"text\/css\" data-created_by=\"avia_inline_auto\" id=\"style-css-av-k0zdf7qw-5c8fc3dd87ad768038c69a2976e69397\">\n.avia-image-container.av-k0zdf7qw-5c8fc3dd87ad768038c69a2976e69397 .av-image-caption-overlay-center{\ncolor:#ffffff;\n}\n<\/style>\n<div  class='avia-image-container av-k0zdf7qw-5c8fc3dd87ad768038c69a2976e69397 av-styling- avia_animated_image avia_animate_when_almost_visible right-to-left avia-align-left  avia-builder-el-31  avia-builder-el-no-sibling '  itemprop=\"image\" itemscope=\"itemscope\" itemtype=\"https:\/\/schema.org\/ImageObject\" ><div class=\"avia-image-container-inner\"><div class=\"avia-image-overlay-wrap\"><a href=\"https:\/\/www.hit-clock.com\" class='avia_image' target=\"_blank\" rel=\"noopener noreferrer\"><img class='avia-img-lazy-loading-not- avia_image' src=\"https:\/\/hit-tracking.com\/wp-content\/uploads\/2018\/09\/hit-clock-300x300-300x299.png\" alt='' title=''   itemprop=\"thumbnailUrl\"  \/><\/a><\/div><\/div><\/div><\/div>\n","protected":false},"excerpt":{"rendered":"","protected":false},"author":4,"featured_media":0,"parent":0,"menu_order":0,"comment_status":"closed","ping_status":"closed","template":"","meta":[],"_links":{"self":[{"href":"https:\/\/hit-tracking.com\/de\/wp-json\/wp\/v2\/pages\/1104"}],"collection":[{"href":"https:\/\/hit-tracking.com\/de\/wp-json\/wp\/v2\/pages"}],"about":[{"href":"https:\/\/hit-tracking.com\/de\/wp-json\/wp\/v2\/types\/page"}],"author":[{"embeddable":true,"href":"https:\/\/hit-tracking.com\/de\/wp-json\/wp\/v2\/users\/4"}],"replies":[{"embeddable":true,"href":"https:\/\/hit-tracking.com\/de\/wp-json\/wp\/v2\/comments?post=1104"}],"version-history":[{"count":4,"href":"https:\/\/hit-tracking.com\/de\/wp-json\/wp\/v2\/pages\/1104\/revisions"}],"predecessor-version":[{"id":2158,"href":"https:\/\/hit-tracking.com\/de\/wp-json\/wp\/v2\/pages\/1104\/revisions\/2158"}],"wp:attachment":[{"href":"https:\/\/hit-tracking.com\/de\/wp-json\/wp\/v2\/media?parent=1104"}],"curies":[{"name":"wp","href":"https:\/\/api.w.org\/{rel}","templated":true}]}}