{"id":1128,"date":"2019-12-09T12:08:42","date_gmt":"2019-12-09T11:08:42","guid":{"rendered":"http:\/\/new.hit-tracking.com\/unsere-geschichte\/"},"modified":"2021-08-12T11:29:04","modified_gmt":"2021-08-12T09:29:04","slug":"unsere-geschichte","status":"publish","type":"page","link":"https:\/\/hit-tracking.com\/de\/unsere-geschichte\/","title":{"rendered":"Unsere Geschichte"},"content":{"rendered":"\n<p><\/p>\n\n\n\n<style type=\"text\/css\" data-created_by=\"avia_inline_auto\" id=\"style-css-av-457s9-b64d291c094e8e9d91ef98ac324b8d09\">\n#top .av-special-heading.av-457s9-b64d291c094e8e9d91ef98ac324b8d09{\npadding-bottom:10px;\ncolor:#ffffff;\nfont-size:40px;\n}\nbody .av-special-heading.av-457s9-b64d291c094e8e9d91ef98ac324b8d09 .av-special-heading-tag .heading-char{\nfont-size:25px;\n}\n#top #wrap_all .av-special-heading.av-457s9-b64d291c094e8e9d91ef98ac324b8d09 .av-special-heading-tag{\nfont-size:40px;\n}\n.av-special-heading.av-457s9-b64d291c094e8e9d91ef98ac324b8d09 .special-heading-inner-border{\nborder-color:#ffffff;\n}\n.av-special-heading.av-457s9-b64d291c094e8e9d91ef98ac324b8d09 .av-subheading{\nfont-size:15px;\n}\n<\/style>\n<div  class='av-special-heading av-457s9-b64d291c094e8e9d91ef98ac324b8d09 av-special-heading-h1 custom-color-heading blockquote modern-quote modern-centered  avia-builder-el-0  el_before_av_hr  avia-builder-el-first  av-inherit-size'><h1 class='av-special-heading-tag'  itemprop=\"headline\"  >UNSERE GESCHICHTE IM LAUFE DER ZEIT<\/h1><div class=\"special-heading-border\"><div class=\"special-heading-inner-border\"><\/div><\/div><\/div>\n\n<style type=\"text\/css\" data-created_by=\"avia_inline_auto\" id=\"style-css-av-jlncwmfy-e5b7fe9f698114d22abbb42e69ce000b\">\n#top .hr.av-jlncwmfy-e5b7fe9f698114d22abbb42e69ce000b{\nmargin-top:30px;\nmargin-bottom:30px;\n}\n.hr.av-jlncwmfy-e5b7fe9f698114d22abbb42e69ce000b .hr-inner{\nwidth:70px;\nborder-color:#ffffff;\nmax-width:45%;\n}\n.hr.av-jlncwmfy-e5b7fe9f698114d22abbb42e69ce000b .av-seperator-icon{\ncolor:#19a3b2;\n}\n<\/style>\n<div  class='hr av-jlncwmfy-e5b7fe9f698114d22abbb42e69ce000b hr-custom  avia-builder-el-1  el_after_av_heading  el_before_av_section  avia-builder-el-last  hr-center hr-icon-yes'><span class='hr-inner inner-border-av-border-fat'><span class=\"hr-inner-style\"><\/span><\/span><span class='av-seperator-icon' aria-hidden='true' data-av_icon='\ue863' data-av_iconfont='entypo-fontello'><\/span><span class='hr-inner inner-border-av-border-fat'><span class=\"hr-inner-style\"><\/span><\/span><\/div>\n<\/div><\/div><\/div><!-- close content main div --><\/div><\/div>\n<style type=\"text\/css\" data-created_by=\"avia_inline_auto\" id=\"style-css-av-jlnlvabc-eb24ba9a8e9ef2d0dc0a84a1fa9cfec0\">\n.avia-section.av-jlnlvabc-eb24ba9a8e9ef2d0dc0a84a1fa9cfec0{\nbackground-color:ffffff;\n}\n<\/style>\n<div id='av_section_1'  class='avia-section av-jlnlvabc-eb24ba9a8e9ef2d0dc0a84a1fa9cfec0 main_color avia-section-default avia-no-border-styling  avia-builder-el-2  el_after_av_hr  avia-builder-el-last  avia-bg-style-scroll container_wrap fullsize'  ><div class='container av-section-cont-open' ><div class='template-page content  av-content-full alpha units'><div class='post-entry post-entry-type-page post-entry-1128'><div class='entry-content-wrapper clearfix'>\n\n<style type=\"text\/css\" data-created_by=\"avia_inline_auto\" id=\"style-css-av-jlnkkx41-a58fe9e03583971336362e60455d19c3\">\n.avia-timeline-container.av-jlnkkx41-a58fe9e03583971336362e60455d19c3 .av-milestone-icon.milestone-icon-hasborder{\nbackground-color:#45494d;\n}\n.avia-timeline-container.av-jlnkkx41-a58fe9e03583971336362e60455d19c3 .av-milestone-icon-inner{\nbackground-color:#ffffff;\ncolor:#19a3b2;\n}\n.avia-timeline-container.av-jlnkkx41-a58fe9e03583971336362e60455d19c3 .av-milestone-indicator{\nbackground-color:#ffffff;\n}\n.avia-timeline-container.av-jlnkkx41-a58fe9e03583971336362e60455d19c3 .av-milestone-article-footer{\nbackground-color:#ffffff;\n}\n<\/style>\n\n<style type=\"text\/css\" data-created_by=\"avia_inline_auto\" id=\"style-css-sub-av-jlnkkx41-a58fe9e03583971336362e60455d19c3\">\n.avia-timeline-container .av-milestone.av-5kvl1-0d579162ff54ddf314fa698841387f34 .av-milestone-icon-inner{\nbackground-color:#ffffff;\n}\n.avia-timeline-container .av-milestone.av-5kvl1-0d579162ff54ddf314fa698841387f34 .av-milestone-indicator{\nbackground-color:#ffffff;\n}\n.avia-timeline-container .av-milestone.av-5kvl1-0d579162ff54ddf314fa698841387f34 .av-milestone-article-footer{\nbackground-color:#ffffff;\n}\n<\/style>\n<div  id=\"avia-timeline-1\"  class='avia-timeline-container av-jlnkkx41-a58fe9e03583971336362e60455d19c3  avia-builder-el-3  avia-builder-el-no-sibling ' ><ul class='avia-timeline avia-timeline-vertical av-milestone-placement-alternate avia-timeline- avia_animate_when_almost_visible avia-timeline-animate'>\n<li  class='av-milestone av-5kvl1-0d579162ff54ddf314fa698841387f34 av-animated-generic fade-in av-milestone-valign-middle av-milestone-odd'><h2 class='av-milestone-date ' id='milestone-1977'><strong>1977<span class='av-milestone-indicator'><\/span><\/strong><\/h2><div class=\"av-milestone-icon-wrap\"><span class='av-milestone-icon milestone_icon milestone-icon-hasborder avia-font-entypo-fontello'><span class='av-milestone-icon-inner milestone_inner'><i class='milestone-char' aria-hidden='true' data-av_icon='\ue8a6' data-av_iconfont='entypo-fontello'><\/i><\/span><\/span><\/div><article class='av-milestone-content-wrap'><div class='av-milestone-contentbox'><div class='av-milestone-content'><p>1977 wurde die erste Version von Hit-Office unter dem Namen \u201eHite\u201c erstellt. Es handelte sich um eine DOS-Version, die urspr\u00fcnglich f\u00fcr den internen Gebrauch in der Linden-Gruppe verwendet wurde, der Gruppe, zu der Ficos derzeit geh\u00f6rt.<\/p>\n<\/div><\/div><footer class='av-milestone-article-footer entry-footer'><\/footer><\/article><\/li>\n<li  class='av-milestone av-ihj9-272ac7c2bdfb6998d46d79b1fa2660f0 av-animated-generic fade-in av-milestone-valign-middle av-milestone-even'><h2 class='av-milestone-date ' id='milestone-1997'><strong>1997<span class='av-milestone-indicator'><\/span><\/strong><\/h2><article class='av-milestone-content-wrap'><div class='av-milestone-contentbox'><div class='av-milestone-content'><p>Die Windows-Version des Produkts erschien 1997, aber wurde wieder nur f\u00fcr den internen Gebrauch durch die Gruppe genutzt.<\/p>\n<\/div><\/div><footer class='av-milestone-article-footer entry-footer'><\/footer><\/article><div class=\"av-milestone-icon-wrap\"><span class='av-milestone-icon milestone_icon milestone-icon-hasborder avia-font-entypo-fontello'><span class='av-milestone-icon-inner milestone_inner'><i class='milestone-char' aria-hidden='true' data-av_icon='\ue891' data-av_iconfont='entypo-fontello'><\/i><\/span><\/span><\/div><h2 class='av-milestone-date ' id='milestone-1997'><strong>1997<span class='av-milestone-indicator'><\/span><\/strong><\/h2><\/li>\n<li  class='av-milestone av-3k0o1-072480d4c41b7b8b0e5b22497068d256 av-animated-generic fade-in av-milestone-valign-middle av-milestone-odd'><h2 class='av-milestone-date ' id='milestone-2002'><strong>2002<img class=\"custom-img-history\" src=\"https:\/\/hit-tracking.com\/wp-content\/uploads\/2019\/12\/Hit-Office-300x300.png\"><span class='av-milestone-indicator'><\/span><\/strong><\/h2><div class=\"av-milestone-icon-wrap\"><span class='av-milestone-icon milestone_icon milestone-icon-hasborder avia-font-entypo-fontello'><span class='av-milestone-icon-inner milestone_inner'><i class='milestone-char' aria-hidden='true' data-av_icon='\ue859' data-av_iconfont='entypo-fontello'><\/i><\/span><\/span><\/div><article class='av-milestone-content-wrap'><div class='av-milestone-contentbox'><div class='av-milestone-content'><p>Im Jahr 2002 wurde die Softwareentwicklung abgeschlossen und die Kommerzialisierungsphase gestartet. Zu diesem Zeitpunkt wurden die ersten&nbsp;<a href=\"https:\/\/www.hit-office.com\/fr\/\" target=\"_blank\" rel=\"noopener noreferrer\">Hit-Office<\/a>&nbsp;Lizenzen verkauft.<\/p>\n<\/div><\/div><footer class='av-milestone-article-footer entry-footer'><\/footer><\/article><\/li>\n<li  class='av-milestone av-3rno1-c202235d1a9c1fb9267210e22c0551b1 av-animated-generic fade-in av-milestone-valign-middle av-milestone-even'><h2 class='av-milestone-date ' id='milestone-2007'><strong>2007<span class='av-milestone-indicator'><\/span><\/strong><\/h2><article class='av-milestone-content-wrap'><div class='av-milestone-contentbox'><div class='av-milestone-content'><p>Im Jahr 2007 beschloss die Linden Gruppe, das zun\u00e4chst in Sankt-Vith ans\u00e4ssige Unternehmen Ficos zu erweitern und damit ein zweites Team zu bilden. So agiert die Ficos SA Luxemburg, v\u00f6llig unabh\u00e4ngig von der Ficos AG Sankt-Vith. Das neue Unternehmen hat seinen Sitz in Troisvierges.<\/p>\n<\/div><\/div><footer class='av-milestone-article-footer entry-footer'><\/footer><\/article><div class=\"av-milestone-icon-wrap\"><span class='av-milestone-icon milestone_icon milestone-icon-hasborder avia-font-entypo-fontello'><span class='av-milestone-icon-inner milestone_inner'><i class='milestone-char' aria-hidden='true' data-av_icon='\ue817' data-av_iconfont='entypo-fontello'><\/i><\/span><\/span><\/div><h2 class='av-milestone-date ' id='milestone-2007'><strong>2007<span class='av-milestone-indicator'><\/span><\/strong><\/h2><\/li>\n<li  class='av-milestone av-2nynl-4238a7059f4b15f7a541d709ce275939 av-animated-generic fade-in av-milestone-valign-middle av-milestone-odd'><h2 class='av-milestone-date ' id='milestone-2016'><strong>2016 <img class=\"custom-img-history\" src=\"https:\/\/hit-tracking.com\/wp-content\/uploads\/2019\/12\/Hit-Tracking-300x293.png\"><span class='av-milestone-indicator'><\/span><\/strong><\/h2><div class=\"av-milestone-icon-wrap\"><span class='av-milestone-icon milestone_icon milestone-icon-hasborder avia-font-entypo-fontello'><span class='av-milestone-icon-inner milestone_inner'><i class='milestone-char' aria-hidden='true' data-av_icon='\ue842' data-av_iconfont='entypo-fontello'><\/i><\/span><\/span><\/div><article class='av-milestone-content-wrap'><div class='av-milestone-contentbox'><div class='av-milestone-content'><p>Im Jahr 2016 beschloss das Unternehmen, mit der Vermarktung neuer komplement\u00e4rer Produkte zu beginnen. Das erste Produkte in der \u201eHit\u201c-Serie war&nbsp;<a href=\"https:\/\/hit-tracking.com\/de\/\" target=\"_blank\" rel=\"noopener noreferrer\">\u201eHit-Tracking\u201c<\/a>, ein Geolokalisierungssystem. Dieses Produkt war ein direkter Erfolg, weshalb Ficos f\u00fcr die Zukunft beschlie\u00dft neue Produkte anzubieten.<\/p>\n<\/div><\/div><footer class='av-milestone-article-footer entry-footer'><\/footer><\/article><\/li>\n<li  class='av-milestone av-236l1-4a46970646da24d59fddb848a80aa7f2 av-animated-generic fade-in av-milestone-valign-middle av-milestone-even'><h2 class='av-milestone-date ' id='milestone-2017'><strong>2017 <img class=\"custom-img-history\" src=\"https:\/\/hit-tracking.com\/wp-content\/uploads\/2019\/12\/Hit-Mobile-300x297.png\"><span class='av-milestone-indicator'><\/span><\/strong><\/h2><article class='av-milestone-content-wrap'><div class='av-milestone-contentbox'><div class='av-milestone-content'><p>Ein Jahr nach HIT-Tracking wurde ein neues Produkt, eine mobile Anwendung, eingef\u00fchrt:&nbsp;<a href=\"https:\/\/www.hit-mobile.com\/\" target=\"_blank\" rel=\"noopener noreferrer\">Hit-Mobile<\/a>. Diese Anwendung, die auf Smartphones und Tablets verf\u00fcgbar ist, ist die kleine Schwester der ERP-Software Hit-Office, die sie vervollst\u00e4ndigt.<\/p>\n<\/div><\/div><footer class='av-milestone-article-footer entry-footer'><\/footer><\/article><div class=\"av-milestone-icon-wrap\"><span class='av-milestone-icon milestone_icon milestone-icon-hasborder avia-font-entypo-fontello'><span class='av-milestone-icon-inner milestone_inner'><i class='milestone-char' aria-hidden='true' data-av_icon='\ue8ac' data-av_iconfont='entypo-fontello'><\/i><\/span><\/span><\/div><h2 class='av-milestone-date ' id='milestone-2017'><strong>2017 <img class=\"custom-img-history\" src=\"https:\/\/hit-tracking.com\/wp-content\/uploads\/2019\/12\/Hit-Mobile-300x297.png\"><span class='av-milestone-indicator'><\/span><\/strong><\/h2><\/li>\n<li  class='av-milestone av-1hult-8c319c8fb4a53f0618d9898a5e2f617a av-animated-generic fade-in av-milestone-valign-middle av-milestone-odd'><h2 class='av-milestone-date ' id='milestone-debut-2018'><strong>D\u00e9but 2018 <img class=\"custom-img-history\" src=\"https:\/\/hit-tracking.com\/wp-content\/uploads\/2019\/12\/hit-market-300x300.png\"><span class='av-milestone-indicator'><\/span><\/strong><\/h2><div class=\"av-milestone-icon-wrap\"><span class='av-milestone-icon milestone_icon milestone-icon-hasborder avia-font-entypo-fontello'><span class='av-milestone-icon-inner milestone_inner'><i class='milestone-char' aria-hidden='true' data-av_icon='\ue827' data-av_iconfont='entypo-fontello'><\/i><\/span><\/span><\/div><article class='av-milestone-content-wrap'><div class='av-milestone-contentbox'><div class='av-milestone-content'><p>Im Laufe des Monats Juni 2018 wurde ein neues Produkt eingef\u00fchrt:&nbsp;<a href=\"https:\/\/www.hit-market.be\/\" target=\"_blank\" rel=\"noopener noreferrer\">Hit-Market<\/a>, eine Anfrage- und Preisplattform f\u00fcr Auftragnehmer, Subunternehmer und Lieferanten.<\/p>\n<\/div><\/div><footer class='av-milestone-article-footer entry-footer'><\/footer><\/article><\/li>\n<li  class='av-milestone av-qslx-6fd848b199c9076a55dcb9d6f2d54489 av-animated-generic fade-in av-milestone-valign-middle av-milestone-even'><h2 class='av-milestone-date ' id='milestone-2018'><strong>2018 <img class=\"custom-img-history\" src=\"https:\/\/hit-tracking.com\/wp-content\/uploads\/2019\/12\/hit-clock-300x300.png\"><span class='av-milestone-indicator'><\/span><\/strong><\/h2><article class='av-milestone-content-wrap'><div class='av-milestone-contentbox'><div class='av-milestone-content'><p>Kurz nach der Einf\u00fchrung von Hit-Market beschloss Ficos, <a href=\"https:\/\/hit-clock.com\/\" target=\"_blank\" rel=\"noopener noreferrer\">Hit-Clock<\/a>, eine Vor-Ort-Zeiterfassungsanwendung, auf den Markt zu bringen, um die Hit-Reihe zu vervollst\u00e4ndigen.<\/p>\n<\/div><\/div><footer class='av-milestone-article-footer entry-footer'><\/footer><\/article><div class=\"av-milestone-icon-wrap\"><span class='av-milestone-icon milestone_icon milestone-icon-hasborder avia-font-entypo-fontello'><span class='av-milestone-icon-inner milestone_inner'><i class='milestone-char' aria-hidden='true' data-av_icon='\ue907' data-av_iconfont='entypo-fontello'><\/i><\/span><\/span><\/div><h2 class='av-milestone-date ' id='milestone-2018'><strong>2018 <img class=\"custom-img-history\" src=\"https:\/\/hit-tracking.com\/wp-content\/uploads\/2019\/12\/hit-clock-300x300.png\"><span class='av-milestone-indicator'><\/span><\/strong><\/h2><\/li>\n<li  class='av-milestone av-wzu1-a7a896e881a52625af839bc1644aef29 av-animated-generic fade-in av-milestone-valign-middle av-milestone-odd'><h2 class='av-milestone-date ' id='milestone-heute'><strong>HEUTE<span class='av-milestone-indicator'><\/span><\/strong><\/h2><div class=\"av-milestone-icon-wrap\"><span class='av-milestone-icon milestone_icon milestone-icon-hasborder avia-font-entypo-fontello'><span class='av-milestone-icon-inner milestone_inner'><i class='milestone-char' aria-hidden='true' data-av_icon='\ue80b' data-av_iconfont='entypo-fontello'><\/i><\/span><\/span><\/div><article class='av-milestone-content-wrap'><div class='av-milestone-contentbox'><div class='av-milestone-content'><p>Heute w\u00e4chst Ficos stetig. Neue Mitglieder kommen ins Team, sie ziehen in gr\u00f6\u00dfere R\u00e4umlichkeiten, und eine Liste mit mehreren neuen Produkten, die sehr bald eintreffen werden, ist bereits erstellt.<\/p>\n<\/div><\/div><footer class='av-milestone-article-footer entry-footer'><\/footer><\/article><\/li>\n<\/ul><\/div>\n\n","protected":false},"excerpt":{"rendered":"","protected":false},"author":2,"featured_media":0,"parent":0,"menu_order":0,"comment_status":"closed","ping_status":"closed","template":"","meta":[],"_links":{"self":[{"href":"https:\/\/hit-tracking.com\/de\/wp-json\/wp\/v2\/pages\/1128"}],"collection":[{"href":"https:\/\/hit-tracking.com\/de\/wp-json\/wp\/v2\/pages"}],"about":[{"href":"https:\/\/hit-tracking.com\/de\/wp-json\/wp\/v2\/types\/page"}],"author":[{"embeddable":true,"href":"https:\/\/hit-tracking.com\/de\/wp-json\/wp\/v2\/users\/2"}],"replies":[{"embeddable":true,"href":"https:\/\/hit-tracking.com\/de\/wp-json\/wp\/v2\/comments?post=1128"}],"version-history":[{"count":9,"href":"https:\/\/hit-tracking.com\/de\/wp-json\/wp\/v2\/pages\/1128\/revisions"}],"predecessor-version":[{"id":2211,"href":"https:\/\/hit-tracking.com\/de\/wp-json\/wp\/v2\/pages\/1128\/revisions\/2211"}],"wp:attachment":[{"href":"https:\/\/hit-tracking.com\/de\/wp-json\/wp\/v2\/media?parent=1128"}],"curies":[{"name":"wp","href":"https:\/\/api.w.org\/{rel}","templated":true}]}}