{"id":1133,"date":"2022-01-26T14:46:28","date_gmt":"2022-01-26T13:46:28","guid":{"rendered":"http:\/\/new.hit-tracking.com\/?page_id=1133"},"modified":"2022-01-26T16:05:54","modified_gmt":"2022-01-26T15:05:54","slug":"privacy-policy","status":"publish","type":"page","link":"https:\/\/hit-tracking.com\/de\/privacy-policy\/","title":{"rendered":"Privacy Policy"},"content":{"rendered":"<section  class='av_textblock_section av-kyvm7313-bd2b2e25d0492b09dc83cfa8a85b0a6d'  itemscope=\"itemscope\" itemtype=\"https:\/\/schema.org\/CreativeWork\" ><div class='avia_textblock'  itemprop=\"text\" ><p><a href=\"#fr\"><em>Traduction fran\u00e7aise plus bas&#8230;<\/em><\/a><\/p>\n<p><a href=\"#de\"><em>Deutsche \u00dcbersetzung weiter unten&#8230;<\/em><\/a><\/p>\n<p><a href=\"#nl\"><em>Nederlandse vertaling hieronder&#8230;<\/em><\/a><\/p>\n<div id=\"ConnectiveDocSignExtentionInstalled\" data-extension-version=\"1.0.4\"><\/div>\n<\/div><\/section>\n<\/div><\/div><\/div><!-- close content main div --><\/div><\/div><div id='av_section_1'  class='avia-section av-kyvm0c7s-8b4305228c002435c710943e82e737bd main_color avia-section-default avia-no-border-styling  avia-builder-el-1  el_after_av_textblock  el_before_av_hr  avia-bg-style-scroll container_wrap fullsize'  ><div class='container av-section-cont-open' ><div class='template-page content  av-content-full alpha units'><div class='post-entry post-entry-type-page post-entry-1133'><div class='entry-content-wrapper clearfix'>\n<section  class='av_textblock_section av-kyvlzicp-a499e6e59ef0cfd573942c4d0a808ac4'  itemscope=\"itemscope\" itemtype=\"https:\/\/schema.org\/CreativeWork\" ><div class='avia_textblock'  itemprop=\"text\" ><h2><strong>Privacy Policy &#8211; Disclosure Statement<\/strong><\/h2>\n<p>The HIT-Tracking app collects location data from the devices on which a collection item is attached. The collection is done in the background of the app.<\/p>\n<p>No location data or other information about individuals is collected.<\/p>\n<p>Data is collected in the background except when data collection is explicitly turned off in the user interface or when the data collection device is turned off.<\/p>\n<p>The collection is done as follows:<\/p>\n<p>&#8211; By targeting and scanning a QR code on the capture item.<\/p>\n<p>&#8211; By approaching Bluetooth tags at a distance that allows capture by the device on which the app is installed.<\/p>\n<p>The location information and the date and time of capture are stored in a database outside the app. The information and its processing are only accessible to registered users in separate applications.<\/p>\n<p>The data is used to provide the user with information about the location of the items and their change in location over time. The customer can use this data for his own business-related evaluations and applications. The responsibility for further processing on the user&#8217;s side lies with the user.<\/p>\n<p>No data is transferred regarding items whose identity is unknown to the HIT tracking app.<\/p>\n<p>The data is deleted by default from our servers after a maximum of 6 months. Earlier deletion and export for archiving at the customer&#8217;s site are possible on request.<\/p>\n<p>Users may contact Ficos SA for more information on all functions of the application.<\/p>\n<div id=\"ConnectiveDocSignExtentionInstalled\" data-extension-version=\"1.0.4\"><\/div>\n<\/div><\/section>\n<\/div><\/div><\/div><!-- close content main div --><\/div><\/div><div id='after_section_1'  class='main_color av_default_container_wrap container_wrap fullsize'  ><div class='container av-section-cont-open' ><div class='template-page content  av-content-full alpha units'><div class='post-entry post-entry-type-page post-entry-1133'><div class='entry-content-wrapper clearfix'>\n<div  class='hr av-6yw1-16275481160d09d79707846aaa97e768 hr-default  avia-builder-el-3  el_after_av_section  el_before_av_section  avia-builder-el-no-sibling '><span class='hr-inner '><span class=\"hr-inner-style\"><\/span><\/span><\/div>\n<\/div><\/div><\/div><!-- close content main div --><\/div><\/div><div id='av_section_2'  class='avia-section av-8hmb-52d51074fb50f9f60f5cec58fbbdfaf7 main_color avia-section-default avia-no-border-styling  avia-builder-el-4  el_after_av_hr  el_before_av_hr  avia-bg-style-scroll container_wrap fullsize'  ><div class='container av-section-cont-open' ><div class='template-page content  av-content-full alpha units'><div class='post-entry post-entry-type-page post-entry-1133'><div class='entry-content-wrapper clearfix'>\n<section  class='av_textblock_section av-kyvm4h6u-0a8f462596b61670fc0e44236ac168ab'  itemscope=\"itemscope\" itemtype=\"https:\/\/schema.org\/CreativeWork\" ><div class='avia_textblock'  itemprop=\"text\" ><h2 id=\"fr\"><strong>D\u00e9claration de confidentialit\u00e9 &#8211; D\u00e9claration de divulgation<\/strong><\/h2>\n<p>L&#8217;application HIT-Tracking que vous utilisez ici saisit les donn\u00e9es de localisation des appareils sur lesquels un item de saisie est appos\u00e9. La saisie s&#8217;effectue en arri\u00e8re-plan de l&#8217;application.<\/p>\n<p>Aucune donn\u00e9e de localisation ou autre information sur les personnes n&#8217;est saisie.<\/p>\n<p>Les donn\u00e9es sont saisies en arri\u00e8re-plan de l&#8217;application, sauf si la saisie des donn\u00e9es est explicitement d\u00e9sactiv\u00e9e dans l&#8217;interface utilisateur ou si l&#8217;appareil de saisie des donn\u00e9es est \u00e9teint.<\/p>\n<p>La saisie s&#8217;effectue comme suit :<\/p>\n<p>&#8211; En ciblant et en scannant un code QR sur l&#8217;objet de saisie.<\/p>\n<p>&#8211; En s&#8217;approchant des tags Bluetooth \u00e0 une distance qui permet la capture par l&#8217;appareil sur lequel l&#8217;application est install\u00e9e.<\/p>\n<p>Les informations de localisation ainsi que la date et l&#8217;heure de la saisie sont enregistr\u00e9es dans une base de donn\u00e9es en dehors de l&#8217;application. Les informations et leur traitement ne sont accessibles qu&#8217;aux utilisateurs enregistr\u00e9s dans des applications s\u00e9par\u00e9es.<\/p>\n<p>Les donn\u00e9es sont utilis\u00e9es pour informer l&#8217;utilisateur de l&#8217;emplacement des \u00e9l\u00e9ments et de leur changement de localisation au fil du temps. Le client peut utiliser ces donn\u00e9es pour effectuer ses propres \u00e9valuations et applications commerciales. La responsabilit\u00e9 du traitement ult\u00e9rieur du c\u00f4t\u00e9 de l&#8217;utilisateur incombe \u00e0 ce dernier.<\/p>\n<p>Aucune donn\u00e9e n&#8217;est transmise concernant des objets dont l&#8217;identit\u00e9 est inconnue de l&#8217;application de suivi HIT-Tracking.<\/p>\n<p>Par d\u00e9faut, les donn\u00e9es sont effac\u00e9es de nos serveurs au bout de 6 mois maximum. Une suppression plus pr\u00e9coce et une exportation en vue d&#8217;un archivage chez le client sont possibles sur demande.<\/p>\n<p>Les utilisateurs peuvent obtenir de plus amples informations sur toutes les fonctions de l&#8217;application aupr\u00e8s de Ficos SA.<\/p>\n<div id=\"ConnectiveDocSignExtentionInstalled\" data-extension-version=\"1.0.4\"><\/div>\n<\/div><\/section>\n<\/div><\/div><\/div><!-- close content main div --><\/div><\/div><div id='after_section_2'  class='main_color av_default_container_wrap container_wrap fullsize'  ><div class='container av-section-cont-open' ><div class='template-page content  av-content-full alpha units'><div class='post-entry post-entry-type-page post-entry-1133'><div class='entry-content-wrapper clearfix'>\n<div  class='hr av-55xp-a0120c3b27efbee3f87d0f3c3d680276 hr-default  avia-builder-el-6  el_after_av_section  el_before_av_section  avia-builder-el-no-sibling '><span class='hr-inner '><span class=\"hr-inner-style\"><\/span><\/span><\/div>\n<\/div><\/div><\/div><!-- close content main div --><\/div><\/div><div id='av_section_3'  class='avia-section av-4tz5-ec58c86fee8300caa952b92c7ea8d73a main_color avia-section-default avia-no-border-styling  avia-builder-el-7  el_after_av_hr  el_before_av_hr  avia-bg-style-scroll container_wrap fullsize'  ><div class='container av-section-cont-open' ><div class='template-page content  av-content-full alpha units'><div class='post-entry post-entry-type-page post-entry-1133'><div class='entry-content-wrapper clearfix'>\n<section  class='av_textblock_section av-kyvm57fo-cad5887955b75b63195c9849f7c477b2'  itemscope=\"itemscope\" itemtype=\"https:\/\/schema.org\/CreativeWork\" ><div class='avia_textblock'  itemprop=\"text\" ><h2 id=\"de\"><strong>Datenschutzerkl\u00e4rung &#8211; Offenlegungserkl\u00e4rung<\/strong><\/h2>\n<p>Die HIT-Tracking App welche Sie hier benutzen erfasst die Standortdaten der Ger\u00e4te auf denen ein Erfassungsitem angebracht ist. Die Erfassung erfolgt im Hintergrund der Applikation.<\/p>\n<p>Es werden keine Standortangaben oder andere Angaben von Personen erfasst.<\/p>\n<p>Es werden im Hintergrund der Applikation Daten erfasst au\u00dfer, wenn im Benutzer \u2013 Interface die Datenerfassung explizit ausgeschaltet wird oder wenn das Datenerfassungsger\u00e4t ausgeschaltet ist.<\/p>\n<p>Die Erfassung geschieht wie folgt:<\/p>\n<ul>\n<li>Durch bewusstes anzielen und scannen eines QR Codes auf dem Erfassungsitems.<\/li>\n<li>Durch sich n\u00e4hern an Bluetooth Tags auf eine Entfernung welche die Erfassung durch das Ger\u00e4t auf der die App Installiert ist, erm\u00f6glicht.<\/li>\n<\/ul>\n<p>Die Standortinformationen sowie Datum und Zeit der Erfassung werden au\u00dferhalb der App in einer Datenbank gespeichert. Die Informationen und deren Verarbeitung sind nur den registrierten Benutzern in gesonderten Anwendungen zug\u00e4ngig.<\/p>\n<p>Die Daten werden genutzt um dem Benutzer Auskunft zu geben \u00fcber die Lage der Items und deren Orts\u00e4nderung im Laufe der Zeit. Der Kunde kann daraus eigene gesch\u00e4ftsbezogene Auswertungen und Anwendungen t\u00e4tigen. Die Verantwortung der Weiterverarbeitung auf Benutzerseite obliegt dem Benutzer.<\/p>\n<p>Es werden keine Daten \u00fcbertragen bez\u00fcglich Items deren Identit\u00e4t der HIT-Tracking App unbekannt sind.<\/p>\n<p>Die Daten werden standardm\u00e4\u00dfig nach maximal 6 Monaten von unseren Servern gel\u00f6scht. Fr\u00fcheres L\u00f6schen und exportieren zwecks Archivierung beim Kunden sind auf Anfrage m\u00f6glich.<\/p>\n<p>Die Benutzer d\u00fcrfen bei dem Ficos SA n\u00e4here Ausk\u00fcnfte \u00fcber alle Funktionen der Applikation erhalten.<\/p>\n<div id=\"ConnectiveDocSignExtentionInstalled\" data-extension-version=\"1.0.4\"><\/div>\n<\/div><\/section>\n<\/div><\/div><\/div><!-- close content main div --><\/div><\/div><div id='after_section_3'  class='main_color av_default_container_wrap container_wrap fullsize'  ><div class='container av-section-cont-open' ><div class='template-page content  av-content-full alpha units'><div class='post-entry post-entry-type-page post-entry-1133'><div class='entry-content-wrapper clearfix'>\n<div  class='hr av-46br-89b7b920ea4d0f404a882f7bbc7e8fef hr-default  avia-builder-el-9  el_after_av_section  el_before_av_section  avia-builder-el-no-sibling '><span class='hr-inner '><span class=\"hr-inner-style\"><\/span><\/span><\/div>\n<\/div><\/div><\/div><!-- close content main div --><\/div><\/div><div id='av_section_4'  class='avia-section av-41fx-e8e053e6f4e4eff7b6d65bde0f36379c main_color avia-section-default avia-no-border-styling  avia-builder-el-10  el_after_av_hr  avia-builder-el-last  avia-bg-style-scroll container_wrap fullsize'  ><div class='container av-section-cont-open' ><div class='template-page content  av-content-full alpha units'><div class='post-entry post-entry-type-page post-entry-1133'><div class='entry-content-wrapper clearfix'>\n<section  class='av_textblock_section av-kyvm5lo0-d55720dd19534a6c1d2bca9977184513'  itemscope=\"itemscope\" itemtype=\"https:\/\/schema.org\/CreativeWork\" ><div class='avia_textblock'  itemprop=\"text\" ><h2 id=\"nl\"><strong>Privacybeleid &#8211; openbaarmakingsverklaring<\/strong><\/h2>\n<p>De HIT-Tracking app die u hier gebruikt, verzamelt locatiegegevens van de apparaten waarop een verzamelitem is bevestigd. Het verzamelen gebeurt in de achtergrond.<\/p>\n<p>Er worden geen locatiegegevens of andere informatie over personen verzameld.<\/p>\n<p>Gegevens worden verzameld in de achtergrond, behalve wanneer gegevensverzameling expliciet in de gebruikersinterface uitgeschakeld is of wanneer het gegevensverzamelingsapparaat uitgeschakeld is.<\/p>\n<p>De inzameling geschiedt als volgt:<\/p>\n<p>&#8211; Door doelbewust een QR-code op het gevangen voorwerp te richten en te scannen.<\/p>\n<p>&#8211; Door Bluetooth-tags te benaderen op een afstand die opvangen door het apparaat waarop de app is ge\u00efnstalleerd, mogelijk maakt.<\/p>\n<p>De locatiegegevens en de datum en tijd van de opname worden opgeslagen in een database buiten de app. De informatie en de verwerking ervan zijn alleen toegankelijk voor geregistreerde gebruikers in afzonderlijke toepassingen.<\/p>\n<p>De gegevens worden gebruikt om de gebruiker informatie te verschaffen over de plaats van de voorwerpen en de verandering van die plaats in de tijd. De klant kan deze gegevens gebruiken voor zijn eigen bedrijfsgerelateerde evaluaties en toepassingen. De verantwoordelijkheid voor de verdere verwerking aan de kant van de gebruiker ligt bij de gebruiker.<\/p>\n<p>Er worden geen gegevens doorgegeven over voorwerpen waarvan de identiteit onbekend is voor HIT-Tracking.<\/p>\n<p>De gegevens worden standaard na maximaal 6 maanden van onze servers gewist. Eerdere verwijdering en export voor archivering bij de klant zijn op verzoek mogelijk.<\/p>\n<p>Gebruikers kunnen contact opnemen met Ficos SA voor meer informatie over alle functies van de toepassing.<\/p>\n<div id=\"ConnectiveDocSignExtentionInstalled\" data-extension-version=\"1.0.4\"><\/div>\n<\/div><\/section>\n\n","protected":false},"excerpt":{"rendered":"","protected":false},"author":1,"featured_media":0,"parent":0,"menu_order":0,"comment_status":"closed","ping_status":"open","template":"","meta":[],"_links":{"self":[{"href":"https:\/\/hit-tracking.com\/de\/wp-json\/wp\/v2\/pages\/1133"}],"collection":[{"href":"https:\/\/hit-tracking.com\/de\/wp-json\/wp\/v2\/pages"}],"about":[{"href":"https:\/\/hit-tracking.com\/de\/wp-json\/wp\/v2\/types\/page"}],"author":[{"embeddable":true,"href":"https:\/\/hit-tracking.com\/de\/wp-json\/wp\/v2\/users\/1"}],"replies":[{"embeddable":true,"href":"https:\/\/hit-tracking.com\/de\/wp-json\/wp\/v2\/comments?post=1133"}],"version-history":[{"count":11,"href":"https:\/\/hit-tracking.com\/de\/wp-json\/wp\/v2\/pages\/1133\/revisions"}],"predecessor-version":[{"id":2302,"href":"https:\/\/hit-tracking.com\/de\/wp-json\/wp\/v2\/pages\/1133\/revisions\/2302"}],"wp:attachment":[{"href":"https:\/\/hit-tracking.com\/de\/wp-json\/wp\/v2\/media?parent=1133"}],"curies":[{"name":"wp","href":"https:\/\/api.w.org\/{rel}","templated":true}]}}