{"id":24,"date":"2018-09-03T16:22:22","date_gmt":"2018-09-03T14:22:22","guid":{"rendered":"http:\/\/new.hit-tracking.com\/?page_id=24"},"modified":"2020-01-10T09:53:21","modified_gmt":"2020-01-10T08:53:21","slug":"blog","status":"publish","type":"page","link":"https:\/\/hit-tracking.com\/fr\/blog\/","title":{"rendered":"Blog"},"content":{"rendered":"\n<style type=\"text\/css\" data-created_by=\"avia_inline_auto\" id=\"style-css-av-av_heading-91e071843a377c236c53aca1f24eb37a\">\n#top .av-special-heading.av-av_heading-91e071843a377c236c53aca1f24eb37a{\npadding-bottom:10px;\ncolor:#ffffff;\nfont-size:40px;\n}\nbody .av-special-heading.av-av_heading-91e071843a377c236c53aca1f24eb37a .av-special-heading-tag .heading-char{\nfont-size:25px;\n}\n#top #wrap_all .av-special-heading.av-av_heading-91e071843a377c236c53aca1f24eb37a .av-special-heading-tag{\nfont-size:40px;\n}\n.av-special-heading.av-av_heading-91e071843a377c236c53aca1f24eb37a .special-heading-inner-border{\nborder-color:#ffffff;\n}\n.av-special-heading.av-av_heading-91e071843a377c236c53aca1f24eb37a .av-subheading{\nfont-size:15px;\n}\n<\/style>\n<div  class='av-special-heading av-av_heading-91e071843a377c236c53aca1f24eb37a av-special-heading-h1 custom-color-heading blockquote modern-quote modern-centered  avia-builder-el-0  el_before_av_hr  avia-builder-el-first  av-inherit-size'><h1 class='av-special-heading-tag'  itemprop=\"headline\"  >Retrouvez notre actualit\u00e9 et notre documentation ici!<\/h1><div class=\"special-heading-border\"><div class=\"special-heading-inner-border\"><\/div><\/div><\/div>\n\n<style type=\"text\/css\" data-created_by=\"avia_inline_auto\" id=\"style-css-av-jlp3oezm-906505ecb424965f62ec6821acb1f3bf\">\n#top .hr.av-jlp3oezm-906505ecb424965f62ec6821acb1f3bf{\nmargin-top:30px;\nmargin-bottom:30px;\n}\n.hr.av-jlp3oezm-906505ecb424965f62ec6821acb1f3bf .hr-inner{\nwidth:70px;\nborder-color:#ffffff;\nmax-width:45%;\n}\n.hr.av-jlp3oezm-906505ecb424965f62ec6821acb1f3bf .av-seperator-icon{\ncolor:#3a97c2;\n}\n<\/style>\n<div  class='hr av-jlp3oezm-906505ecb424965f62ec6821acb1f3bf hr-custom  avia-builder-el-1  el_after_av_heading  el_before_av_masonry_entries  avia-builder-el-last  hr-center hr-icon-yes'><span class='hr-inner inner-border-av-border-fat'><span class=\"hr-inner-style\"><\/span><\/span><span class='av-seperator-icon' aria-hidden='true' data-av_icon='\ue849' data-av_iconfont='entypo-fontello'><\/span><span class='hr-inner inner-border-av-border-fat'><span class=\"hr-inner-style\"><\/span><\/span><\/div>\n\n<style type=\"text\/css\" data-created_by=\"avia_inline_auto\" id=\"style-css-av-jlp4ckt0-07e795cdc5da9b07338bc66308d6d1ae\">\n#top .av-masonry.av-jlp4ckt0-07e795cdc5da9b07338bc66308d6d1ae{\nbackground-color:#e1e1e1;\n}\n<\/style>\n<div id='av-masonry-1' class='av-masonry av-jlp4ckt0-07e795cdc5da9b07338bc66308d6d1ae noHover av-fixed-size av-large-gap av-hover-overlay-active av-masonry-animation-active av-masonry-col-flexible av-caption-always av-caption-style- av-masonry-entries '><div class=\"av-masonry-container isotope av-js-disabled\"><div class='av-masonry-entry isotope-item av-masonry-item-no-image all_sort actualites-ficos_sort '><\/div><a href=\"https:\/\/hit-tracking.com\/fr\/tout-savoir-sur-la-technologie-nfc-en-2020\/\"  id='av-masonry-1-item-1878' data-av-masonry-item='1878' class='av-masonry-entry isotope-item post-1878 post type-post status-publish format-standard has-post-thumbnail hentry category-actualites-ficos all_sort actualites-ficos_sort  av-masonry-item-with-image av-grid-img' title=\"technologie NFC\"  itemscope=\"itemscope\" itemtype=\"https:\/\/schema.org\/CreativeWork\" ><div class='av-inner-masonry-sizer'><\/div><figure class='av-inner-masonry main_color'><div class=\"av-masonry-outerimage-container\"><div class='av-masonry-image-container' style=\"background-image: url(https:\/\/hit-tracking.com\/wp-content\/uploads\/2020\/12\/technologie-NFC-1.jpg);\"  title=\"technologie NFC\"  ><\/div><\/div><figcaption class='av-inner-masonry-content site-background'><div class='av-inner-masonry-content-pos'><div class='av-inner-masonry-content-pos-content'><div class='avia-arrow'><\/div><h3 class='av-masonry-entry-title entry-title '  itemprop=\"headline\" >Tout savoir sur la technologie NFC en 2020 !<\/h3><div class='av-masonry-entry-content entry-content'  itemprop=\"text\" >\u2026<\/div><span class='av-masonry-date meta-color updated'>2 d\u00e9cembre 2020<\/span><span class=\"av-masonry-text-sep text-sep-author\">\/<\/span><span class='av-masonry-author meta-color author'><span class='fn'>par baptiste roi<\/span><\/span><\/div><\/div><\/figcaption><\/figure><\/a><!--end av-masonry entry--><a href=\"https:\/\/hit-tracking.com\/fr\/planning-des-webinaires\/\"  id='av-masonry-1-item-1734' data-av-masonry-item='1734' class='av-masonry-entry isotope-item post-1734 post type-post status-publish format-standard has-post-thumbnail hentry category-actualites-ficos all_sort actualites-ficos_sort  av-masonry-item-with-image av-landscape-img' title=\"Inscription aux webinaires digitaux\"  itemscope=\"itemscope\" itemtype=\"https:\/\/schema.org\/CreativeWork\" ><div class='av-inner-masonry-sizer'><\/div><figure class='av-inner-masonry main_color'><div class=\"av-masonry-outerimage-container\"><div class='av-masonry-image-container' style=\"background-image: url(https:\/\/hit-tracking.com\/wp-content\/uploads\/2020\/03\/Mailing-webinaire-suite.png);\"  title=\"Inscription aux webinaires digitaux\"  ><\/div><\/div><figcaption class='av-inner-masonry-content site-background'><div class='av-inner-masonry-content-pos'><div class='av-inner-masonry-content-pos-content'><div class='avia-arrow'><\/div><h3 class='av-masonry-entry-title entry-title '  itemprop=\"headline\" >Planning des webinaires<\/h3><span class='av-masonry-date meta-color updated'>20 mars 2020<\/span><span class=\"av-masonry-text-sep text-sep-author\">\/<\/span><span class='av-masonry-author meta-color author'><span class='fn'>par baptiste roi<\/span><\/span><\/div><\/div><\/figcaption><\/figure><\/a><!--end av-masonry entry--><a href=\"https:\/\/hit-tracking.com\/fr\/mauvaise-gestion-parc-materiel-et-vehicules\/\"  id='av-masonry-1-item-1727' data-av-masonry-item='1727' class='av-masonry-entry isotope-item post-1727 post type-post status-publish format-standard has-post-thumbnail hentry category-actualites-ficos all_sort actualites-ficos_sort  av-masonry-item-with-image av-landscape-img' title=\"vue globable sur mat\u00e9riel et v\u00e9hicules\"  itemscope=\"itemscope\" itemtype=\"https:\/\/schema.org\/CreativeWork\" ><div class='av-inner-masonry-sizer'><\/div><figure class='av-inner-masonry main_color'><div class=\"av-masonry-outerimage-container\"><div class='av-masonry-image-container' style=\"background-image: url(https:\/\/hit-tracking.com\/wp-content\/uploads\/2020\/03\/vue-globable-sur-mat\u00e9riel-et-v\u00e9hicules-min-1.jpg);\"  title=\"vue globable sur mat\u00e9riel et v\u00e9hicules\"   alt=\"vue globable sur mat\u00e9riel et v\u00e9hicules\" ><\/div><\/div><figcaption class='av-inner-masonry-content site-background'><div class='av-inner-masonry-content-pos'><div class='av-inner-masonry-content-pos-content'><div class='avia-arrow'><\/div><h3 class='av-masonry-entry-title entry-title '  itemprop=\"headline\" >Les cons\u00e9quences d&rsquo;une mauvaise gestion du parc mat\u00e9riel et v\u00e9hicules<\/h3><span class='av-masonry-date meta-color updated'>19 mars 2020<\/span><span class=\"av-masonry-text-sep text-sep-author\">\/<\/span><span class='av-masonry-author meta-color author'><span class='fn'>par baptiste roi<\/span><\/span><\/div><\/div><\/figcaption><\/figure><\/a><!--end av-masonry entry--><a href=\"https:\/\/hit-tracking.com\/fr\/choix-outil-gestion-de-flotte\/\"  id='av-masonry-1-item-1709' data-av-masonry-item='1709' class='av-masonry-entry isotope-item post-1709 post type-post status-publish format-standard has-post-thumbnail hentry category-actualites-ficos all_sort actualites-ficos_sort  av-masonry-item-with-image av-grid-img' title=\"parc v\u00e9hicules vu de haut\"  itemscope=\"itemscope\" itemtype=\"https:\/\/schema.org\/CreativeWork\" ><div class='av-inner-masonry-sizer'><\/div><figure class='av-inner-masonry main_color'><div class=\"av-masonry-outerimage-container\"><div class='av-masonry-image-container' style=\"background-image: url(https:\/\/hit-tracking.com\/wp-content\/uploads\/2020\/03\/parc-v\u00e9hicules-vu-de-haut-1.jpg);\"  title=\"parc v\u00e9hicules vu de haut\"  ><\/div><\/div><figcaption class='av-inner-masonry-content site-background'><div class='av-inner-masonry-content-pos'><div class='av-inner-masonry-content-pos-content'><div class='avia-arrow'><\/div><h3 class='av-masonry-entry-title entry-title '  itemprop=\"headline\" >Comment choisir son outil de gestion de flotte ?<\/h3><span class='av-masonry-date meta-color updated'>12 mars 2020<\/span><span class=\"av-masonry-text-sep text-sep-author\">\/<\/span><span class='av-masonry-author meta-color author'><span class='fn'>par baptiste roi<\/span><\/span><\/div><\/div><\/figcaption><\/figure><\/a><!--end av-masonry entry--><a href=\"https:\/\/hit-tracking.com\/fr\/tracking-gps-tendances\/\"  id='av-masonry-1-item-1702' data-av-masonry-item='1702' class='av-masonry-entry isotope-item post-1702 post type-post status-publish format-standard has-post-thumbnail hentry category-actualites-ficos all_sort actualites-ficos_sort  av-masonry-item-with-image av-grid-img' title=\"flotte-de-camions\"  itemscope=\"itemscope\" itemtype=\"https:\/\/schema.org\/CreativeWork\" ><div class='av-inner-masonry-sizer'><\/div><figure class='av-inner-masonry main_color'><div class=\"av-masonry-outerimage-container\"><div class='av-masonry-image-container' style=\"background-image: url(https:\/\/hit-tracking.com\/wp-content\/uploads\/2020\/03\/flotte-de-camions.jpg);\"  title=\"flotte-de-camions\"   alt=\"g\u00e9olocalisation de la flotte de camions\" ><\/div><\/div><figcaption class='av-inner-masonry-content site-background'><div class='av-inner-masonry-content-pos'><div class='av-inner-masonry-content-pos-content'><div class='avia-arrow'><\/div><h3 class='av-masonry-entry-title entry-title '  itemprop=\"headline\" >Tracking GPS &#8211; les tendances \u00e0 venir<\/h3><span class='av-masonry-date meta-color updated'>12 mars 2020<\/span><span class=\"av-masonry-text-sep text-sep-author\">\/<\/span><span class='av-masonry-author meta-color author'><span class='fn'>par baptiste roi<\/span><\/span><\/div><\/div><\/figcaption><\/figure><\/a><!--end av-masonry entry--><a href=\"https:\/\/hit-tracking.com\/fr\/flotte-geolocalisation-duo-gagnant\/\"  id='av-masonry-1-item-1695' data-av-masonry-item='1695' class='av-masonry-entry isotope-item post-1695 post type-post status-publish format-standard has-post-thumbnail hentry category-actualites-ficos all_sort actualites-ficos_sort  av-masonry-item-with-image av-grid-img' title=\"geolocalisation de camions\"  itemscope=\"itemscope\" itemtype=\"https:\/\/schema.org\/CreativeWork\" ><div class='av-inner-masonry-sizer'><\/div><figure class='av-inner-masonry main_color'><div class=\"av-masonry-outerimage-container\"><div class='av-masonry-image-container' style=\"background-image: url(https:\/\/hit-tracking.com\/wp-content\/uploads\/2020\/03\/geolocalisation-de-camions.jpg);\"  title=\"geolocalisation de camions\"   alt=\"geolocalisation de camions\" ><\/div><\/div><figcaption class='av-inner-masonry-content site-background'><div class='av-inner-masonry-content-pos'><div class='av-inner-masonry-content-pos-content'><div class='avia-arrow'><\/div><h3 class='av-masonry-entry-title entry-title '  itemprop=\"headline\" >Gestion de flotte et g\u00e9olocalisation, un duo gagnant<\/h3><span class='av-masonry-date meta-color updated'>12 mars 2020<\/span><span class=\"av-masonry-text-sep text-sep-author\">\/<\/span><span class='av-masonry-author meta-color author'><span class='fn'>par baptiste roi<\/span><\/span><\/div><\/div><\/figcaption><\/figure><\/a><!--end av-masonry entry--><a href=\"https:\/\/hit-tracking.com\/fr\/points-forts-logiciel-gestion-de-flotte\/\"  id='av-masonry-1-item-1687' data-av-masonry-item='1687' class='av-masonry-entry isotope-item post-1687 post type-post status-publish format-standard has-post-thumbnail hentry category-actualites-ficos all_sort actualites-ficos_sort  av-masonry-item-with-image av-grid-img' title=\"camion sur route\"  itemscope=\"itemscope\" itemtype=\"https:\/\/schema.org\/CreativeWork\" ><div class='av-inner-masonry-sizer'><\/div><figure class='av-inner-masonry main_color'><div class=\"av-masonry-outerimage-container\"><div class='av-masonry-image-container' style=\"background-image: url(https:\/\/hit-tracking.com\/wp-content\/uploads\/2021\/07\/camion-sur-route.jpg);\"  title=\"camion sur route\"   alt=\"La g\u00e9olocalisation d&#039;un camion sur la route\" ><\/div><\/div><figcaption class='av-inner-masonry-content site-background'><div class='av-inner-masonry-content-pos'><div class='av-inner-masonry-content-pos-content'><div class='avia-arrow'><\/div><h3 class='av-masonry-entry-title entry-title '  itemprop=\"headline\" >Les points forts d&rsquo;un logiciel de gestion de flotte<\/h3><span class='av-masonry-date meta-color updated'>11 mars 2020<\/span><span class=\"av-masonry-text-sep text-sep-author\">\/<\/span><span class='av-masonry-author meta-color author'><span class='fn'>par baptiste roi<\/span><\/span><\/div><\/div><\/figcaption><\/figure><\/a><!--end av-masonry entry--><a href=\"https:\/\/hit-tracking.com\/fr\/logiciel-gestion-de-flotte-cest-quoi\/\"  id='av-masonry-1-item-1676' data-av-masonry-item='1676' class='av-masonry-entry isotope-item post-1676 post type-post status-publish format-standard has-post-thumbnail hentry category-actualites-ficos all_sort actualites-ficos_sort  av-masonry-item-with-image av-grid-img' title=\"gestion de flotte\"  itemscope=\"itemscope\" itemtype=\"https:\/\/schema.org\/CreativeWork\" ><div class='av-inner-masonry-sizer'><\/div><figure class='av-inner-masonry main_color'><div class=\"av-masonry-outerimage-container\"><div class='av-masonry-image-container' style=\"background-image: url(https:\/\/hit-tracking.com\/wp-content\/uploads\/2021\/07\/gestion-de-flotte.jpg);\"  title=\"gestion de flotte\"   alt=\"gestion de flotte\" ><\/div><\/div><figcaption class='av-inner-masonry-content site-background'><div class='av-inner-masonry-content-pos'><div class='av-inner-masonry-content-pos-content'><div class='avia-arrow'><\/div><h3 class='av-masonry-entry-title entry-title '  itemprop=\"headline\" >Qu&rsquo;est-ce qu&rsquo;un logiciel de gestion de flotte ?<\/h3><span class='av-masonry-date meta-color updated'>11 mars 2020<\/span><span class=\"av-masonry-text-sep text-sep-author\">\/<\/span><span class='av-masonry-author meta-color author'><span class='fn'>par baptiste roi<\/span><\/span><\/div><\/div><\/figcaption><\/figure><\/a><!--end av-masonry entry--><a href=\"https:\/\/hit-tracking.com\/fr\/video-explicative-montage-tracker-gps\/\"  id='av-masonry-1-item-522' data-av-masonry-item='522' class='av-masonry-entry isotope-item post-522 post type-post status-publish format-standard has-post-thumbnail hentry category-actualites-ficos all_sort actualites-ficos_sort  av-masonry-item-with-image av-grid-img' title=\"partie-materielle-hit-tracking\"  itemscope=\"itemscope\" itemtype=\"https:\/\/schema.org\/CreativeWork\" ><div class='av-inner-masonry-sizer'><\/div><figure class='av-inner-masonry main_color'><div class=\"av-masonry-outerimage-container\"><div class='av-masonry-image-container' style=\"background-image: url(https:\/\/hit-tracking.com\/wp-content\/uploads\/2018\/09\/partie-materielle-hit-tracking-1.png);\"  title=\"partie-materielle-hit-tracking\"  ><\/div><\/div><figcaption class='av-inner-masonry-content site-background'><div class='av-inner-masonry-content-pos'><div class='av-inner-masonry-content-pos-content'><div class='avia-arrow'><\/div><h3 class='av-masonry-entry-title entry-title '  itemprop=\"headline\" >Vid\u00e9o explicative : le montage d&rsquo;un tracker gps<\/h3><span class='av-masonry-date meta-color updated'>15 octobre 2018<\/span><span class=\"av-masonry-text-sep text-sep-author\">\/<\/span><span class='av-masonry-author meta-color author'><span class='fn'>par baptiste roi<\/span><\/span><\/div><\/div><\/figcaption><\/figure><\/a><!--end av-masonry entry--><a href=\"https:\/\/hit-tracking.com\/fr\/vous-etes-un-installateur-technicien\/\"  id='av-masonry-1-item-284' data-av-masonry-item='284' class='av-masonry-entry isotope-item post-284 post type-post status-publish format-standard has-post-thumbnail hentry category-actualites-ficos all_sort actualites-ficos_sort  av-masonry-item-with-image av-grid-img' title=\"Young road construction workers\"  itemscope=\"itemscope\" itemtype=\"https:\/\/schema.org\/CreativeWork\" ><div class='av-inner-masonry-sizer'><\/div><figure class='av-inner-masonry main_color'><div class=\"av-masonry-outerimage-container\"><div class='av-masonry-image-container' style=\"background-image: url(https:\/\/hit-tracking.com\/wp-content\/uploads\/2018\/09\/homes-sur-chantier_87769768_XS.jpg);\"  title=\"Young road construction workers\"  ><\/div><\/div><figcaption class='av-inner-masonry-content site-background'><div class='av-inner-masonry-content-pos'><div class='av-inner-masonry-content-pos-content'><div class='avia-arrow'><\/div><h3 class='av-masonry-entry-title entry-title '  itemprop=\"headline\" >Vous \u00eates un installateur-technicien<\/h3><span class='av-masonry-date meta-color updated'>5 septembre 2018<\/span><span class=\"av-masonry-text-sep text-sep-author\">\/<\/span><span class='av-masonry-author meta-color author'><span class='fn'>par baptiste roi<\/span><\/span><\/div><\/div><\/figcaption><\/figure><\/a><!--end av-masonry entry--><a href=\"https:\/\/hit-tracking.com\/fr\/entrepreneur\/\"  id='av-masonry-1-item-273' data-av-masonry-item='273' class='av-masonry-entry isotope-item post-273 post type-post status-publish format-standard has-post-thumbnail hentry category-actualites-ficos all_sort actualites-ficos_sort  av-masonry-item-with-image av-grid-img' title=\"businessman with laptop working in office\"  itemscope=\"itemscope\" itemtype=\"https:\/\/schema.org\/CreativeWork\" ><div class='av-inner-masonry-sizer'><\/div><figure class='av-inner-masonry main_color'><div class=\"av-masonry-outerimage-container\"><div class='av-masonry-image-container' style=\"background-image: url(https:\/\/hit-tracking.com\/wp-content\/uploads\/2018\/09\/homme-devant-bureau-et-ordi_75766247_XS.jpg);\"  title=\"businessman with laptop working in office\"  ><\/div><\/div><figcaption class='av-inner-masonry-content site-background'><div class='av-inner-masonry-content-pos'><div class='av-inner-masonry-content-pos-content'><div class='avia-arrow'><\/div><h3 class='av-masonry-entry-title entry-title '  itemprop=\"headline\" >Vous \u00eates un entrepreneur<\/h3><span class='av-masonry-date meta-color updated'>5 septembre 2018<\/span><span class=\"av-masonry-text-sep text-sep-author\">\/<\/span><span class='av-masonry-author meta-color author'><span class='fn'>par baptiste roi<\/span><\/span><\/div><\/div><\/figcaption><\/figure><\/a><!--end av-masonry entry--><\/div><\/div>\n","protected":false},"excerpt":{"rendered":"","protected":false},"author":2,"featured_media":0,"parent":0,"menu_order":0,"comment_status":"closed","ping_status":"closed","template":"","meta":[],"_links":{"self":[{"href":"https:\/\/hit-tracking.com\/fr\/wp-json\/wp\/v2\/pages\/24"}],"collection":[{"href":"https:\/\/hit-tracking.com\/fr\/wp-json\/wp\/v2\/pages"}],"about":[{"href":"https:\/\/hit-tracking.com\/fr\/wp-json\/wp\/v2\/types\/page"}],"author":[{"embeddable":true,"href":"https:\/\/hit-tracking.com\/fr\/wp-json\/wp\/v2\/users\/2"}],"replies":[{"embeddable":true,"href":"https:\/\/hit-tracking.com\/fr\/wp-json\/wp\/v2\/comments?post=24"}],"version-history":[{"count":6,"href":"https:\/\/hit-tracking.com\/fr\/wp-json\/wp\/v2\/pages\/24\/revisions"}],"predecessor-version":[{"id":1721,"href":"https:\/\/hit-tracking.com\/fr\/wp-json\/wp\/v2\/pages\/24\/revisions\/1721"}],"wp:attachment":[{"href":"https:\/\/hit-tracking.com\/fr\/wp-json\/wp\/v2\/media?parent=24"}],"curies":[{"name":"wp","href":"https:\/\/api.w.org\/{rel}","templated":true}]}}