{"id":33,"date":"2018-09-03T16:24:26","date_gmt":"2018-09-03T14:24:26","guid":{"rendered":"http:\/\/new.hit-tracking.com\/?page_id=33"},"modified":"2021-08-12T11:09:53","modified_gmt":"2021-08-12T09:09:53","slug":"notre-histoire","status":"publish","type":"page","link":"https:\/\/hit-tracking.com\/fr\/notre-histoire\/","title":{"rendered":"Notre histoire"},"content":{"rendered":"\n<style type=\"text\/css\" data-created_by=\"avia_inline_auto\" id=\"style-css-av-457s9-3670f381428f869546efffcc2a6fc7e1\">\n#top .av-special-heading.av-457s9-3670f381428f869546efffcc2a6fc7e1{\npadding-bottom:10px;\ncolor:#ffffff;\nfont-size:40px;\n}\nbody .av-special-heading.av-457s9-3670f381428f869546efffcc2a6fc7e1 .av-special-heading-tag .heading-char{\nfont-size:25px;\n}\n#top #wrap_all .av-special-heading.av-457s9-3670f381428f869546efffcc2a6fc7e1 .av-special-heading-tag{\nfont-size:40px;\n}\n.av-special-heading.av-457s9-3670f381428f869546efffcc2a6fc7e1 .special-heading-inner-border{\nborder-color:#ffffff;\n}\n.av-special-heading.av-457s9-3670f381428f869546efffcc2a6fc7e1 .av-subheading{\nfont-size:15px;\n}\n<\/style>\n<div  class='av-special-heading av-457s9-3670f381428f869546efffcc2a6fc7e1 av-special-heading-h1 custom-color-heading blockquote modern-quote modern-centered  avia-builder-el-0  el_before_av_hr  avia-builder-el-first  av-inherit-size'><h1 class='av-special-heading-tag'  itemprop=\"headline\"  >Notre histoire s\u2019est construite au fil du temps<\/h1><div class=\"special-heading-border\"><div class=\"special-heading-inner-border\"><\/div><\/div><\/div>\n\n<style type=\"text\/css\" data-created_by=\"avia_inline_auto\" id=\"style-css-av-jlncwmfy-e5b7fe9f698114d22abbb42e69ce000b\">\n#top .hr.av-jlncwmfy-e5b7fe9f698114d22abbb42e69ce000b{\nmargin-top:30px;\nmargin-bottom:30px;\n}\n.hr.av-jlncwmfy-e5b7fe9f698114d22abbb42e69ce000b .hr-inner{\nwidth:70px;\nborder-color:#ffffff;\nmax-width:45%;\n}\n.hr.av-jlncwmfy-e5b7fe9f698114d22abbb42e69ce000b .av-seperator-icon{\ncolor:#19a3b2;\n}\n<\/style>\n<div  class='hr av-jlncwmfy-e5b7fe9f698114d22abbb42e69ce000b hr-custom  avia-builder-el-1  el_after_av_heading  el_before_av_section  avia-builder-el-last  hr-center hr-icon-yes'><span class='hr-inner inner-border-av-border-fat'><span class=\"hr-inner-style\"><\/span><\/span><span class='av-seperator-icon' aria-hidden='true' data-av_icon='\ue863' data-av_iconfont='entypo-fontello'><\/span><span class='hr-inner inner-border-av-border-fat'><span class=\"hr-inner-style\"><\/span><\/span><\/div>\n<\/div><\/div><\/div><!-- close content main div --><\/div><\/div>\n<style type=\"text\/css\" data-created_by=\"avia_inline_auto\" id=\"style-css-av-jlnlvabc-eb24ba9a8e9ef2d0dc0a84a1fa9cfec0\">\n.avia-section.av-jlnlvabc-eb24ba9a8e9ef2d0dc0a84a1fa9cfec0{\nbackground-color:ffffff;\n}\n<\/style>\n<div id='av_section_1'  class='avia-section av-jlnlvabc-eb24ba9a8e9ef2d0dc0a84a1fa9cfec0 main_color avia-section-default avia-no-border-styling  avia-builder-el-2  el_after_av_hr  avia-builder-el-last  avia-bg-style-scroll container_wrap fullsize'  ><div class='container av-section-cont-open' ><div class='template-page content  av-content-full alpha units'><div class='post-entry post-entry-type-page post-entry-33'><div class='entry-content-wrapper clearfix'>\n\n<style type=\"text\/css\" data-created_by=\"avia_inline_auto\" id=\"style-css-av-jlnkkx41-a58fe9e03583971336362e60455d19c3\">\n.avia-timeline-container.av-jlnkkx41-a58fe9e03583971336362e60455d19c3 .av-milestone-icon.milestone-icon-hasborder{\nbackground-color:#45494d;\n}\n.avia-timeline-container.av-jlnkkx41-a58fe9e03583971336362e60455d19c3 .av-milestone-icon-inner{\nbackground-color:#ffffff;\ncolor:#19a3b2;\n}\n.avia-timeline-container.av-jlnkkx41-a58fe9e03583971336362e60455d19c3 .av-milestone-indicator{\nbackground-color:#ffffff;\n}\n.avia-timeline-container.av-jlnkkx41-a58fe9e03583971336362e60455d19c3 .av-milestone-article-footer{\nbackground-color:#ffffff;\n}\n<\/style>\n\n<style type=\"text\/css\" data-created_by=\"avia_inline_auto\" id=\"style-css-sub-av-jlnkkx41-a58fe9e03583971336362e60455d19c3\">\n.avia-timeline-container .av-milestone.av-5kvl1-b96e1dbebdb6340266ea1d5f2e16c75f .av-milestone-icon-inner{\nbackground-color:#ffffff;\n}\n.avia-timeline-container .av-milestone.av-5kvl1-b96e1dbebdb6340266ea1d5f2e16c75f .av-milestone-indicator{\nbackground-color:#ffffff;\n}\n.avia-timeline-container .av-milestone.av-5kvl1-b96e1dbebdb6340266ea1d5f2e16c75f .av-milestone-article-footer{\nbackground-color:#ffffff;\n}\n<\/style>\n<div  id=\"avia-timeline-1\"  class='avia-timeline-container av-jlnkkx41-a58fe9e03583971336362e60455d19c3  avia-builder-el-3  avia-builder-el-no-sibling ' ><ul class='avia-timeline avia-timeline-vertical av-milestone-placement-alternate avia-timeline- avia_animate_when_almost_visible avia-timeline-animate'>\n<li  class='av-milestone av-5kvl1-b96e1dbebdb6340266ea1d5f2e16c75f av-animated-generic fade-in av-milestone-valign-middle av-milestone-odd'><h2 class='av-milestone-date ' id='milestone-1977'><strong>1977<span class='av-milestone-indicator'><\/span><\/strong><\/h2><div class=\"av-milestone-icon-wrap\"><span class='av-milestone-icon milestone_icon milestone-icon-hasborder avia-font-entypo-fontello'><span class='av-milestone-icon-inner milestone_inner'><i class='milestone-char' aria-hidden='true' data-av_icon='\ue8a6' data-av_iconfont='entypo-fontello'><\/i><\/span><\/span><\/div><article class='av-milestone-content-wrap'><div class='av-milestone-contentbox'><div class='av-milestone-content'><p>En 1977, la premi\u00e8re version d&rsquo;Hit-Office est cr\u00e9\u00e9e sous le nom de \u00ab\u00a0Hite\u00a0\u00bb. Elle est une version DOS utilis\u00e9e au d\u00e9part pour un usage interne dans le groupe Linden, groupe auquel Ficos fait actuellement partie.<\/p>\n<\/div><\/div><footer class='av-milestone-article-footer entry-footer'><\/footer><\/article><\/li>\n<li  class='av-milestone av-ihj9-d5ef17c4ca16121e9d78a2df6abcbf79 av-animated-generic fade-in av-milestone-valign-middle av-milestone-even'><h2 class='av-milestone-date ' id='milestone-1997'><strong>1997<span class='av-milestone-indicator'><\/span><\/strong><\/h2><article class='av-milestone-content-wrap'><div class='av-milestone-contentbox'><div class='av-milestone-content'><p>C&rsquo;est en 1997 qu&rsquo;appara\u00eet le version Windows du produit, mais elle restera \u00e0 usage interne du groupe.<\/p>\n<\/div><\/div><footer class='av-milestone-article-footer entry-footer'><\/footer><\/article><div class=\"av-milestone-icon-wrap\"><span class='av-milestone-icon milestone_icon milestone-icon-hasborder avia-font-entypo-fontello'><span class='av-milestone-icon-inner milestone_inner'><i class='milestone-char' aria-hidden='true' data-av_icon='\ue891' data-av_iconfont='entypo-fontello'><\/i><\/span><\/span><\/div><h2 class='av-milestone-date ' id='milestone-1997'><strong>1997<span class='av-milestone-indicator'><\/span><\/strong><\/h2><\/li>\n<li  class='av-milestone av-3k0o1-98d96a753c79e1f5b98be4618f6bdb1d av-animated-generic fade-in av-milestone-valign-middle av-milestone-odd'><h2 class='av-milestone-date ' id='milestone-2002'><strong>2002<\/p>\n<p><img class=\"custom-img-history\" src=\"https:\/\/hit-tracking.com\/wp-content\/uploads\/2019\/12\/Hit-Office-300x300.png\"\/><span class='av-milestone-indicator'><\/span><\/strong><\/h2><div class=\"av-milestone-icon-wrap\"><span class='av-milestone-icon milestone_icon milestone-icon-hasborder avia-font-entypo-fontello'><span class='av-milestone-icon-inner milestone_inner'><i class='milestone-char' aria-hidden='true' data-av_icon='\ue859' data-av_iconfont='entypo-fontello'><\/i><\/span><\/span><\/div><article class='av-milestone-content-wrap'><div class='av-milestone-contentbox'><div class='av-milestone-content'><p>D\u00e8s 2002, le d\u00e9veloppement du logiciel se voit compl\u00e9t\u00e9 et la phase de commercialisation d\u00e9bute. C&rsquo;est alors que les premi\u00e8res licences <a href=\"https:\/\/www.hit-office.com\/fr\/\" target=\"_blank\" rel=\"noopener noreferrer\">Hit-Office<\/a> sont vendues.<\/p>\n<\/div><\/div><footer class='av-milestone-article-footer entry-footer'><\/footer><\/article><\/li>\n<li  class='av-milestone av-3rno1-db22c16fe47ba2ab01d313cf7e23b30a av-animated-generic fade-in av-milestone-valign-middle av-milestone-even'><h2 class='av-milestone-date ' id='milestone-2007'><strong>2007<span class='av-milestone-indicator'><\/span><\/strong><\/h2><article class='av-milestone-content-wrap'><div class='av-milestone-contentbox'><div class='av-milestone-content'><p>En 2007, le groupe Linden d\u00e9cide d&rsquo;agrandir l&rsquo;entreprise Ficos, au d\u00e9part bas\u00e9e \u00e0 Saint-Vith et donc de cr\u00e9er une seconde \u00e9quipe. C&rsquo;est ainsi que Ficos SA Luxembourg appara\u00eet, totalement ind\u00e9pendant de Ficos AG Saint-Vith. La nouvelle entreprise base ses locaux \u00e0 Troisvierges.<\/p>\n<\/div><\/div><footer class='av-milestone-article-footer entry-footer'><\/footer><\/article><div class=\"av-milestone-icon-wrap\"><span class='av-milestone-icon milestone_icon milestone-icon-hasborder avia-font-entypo-fontello'><span class='av-milestone-icon-inner milestone_inner'><i class='milestone-char' aria-hidden='true' data-av_icon='\ue817' data-av_iconfont='entypo-fontello'><\/i><\/span><\/span><\/div><h2 class='av-milestone-date ' id='milestone-2007'><strong>2007<span class='av-milestone-indicator'><\/span><\/strong><\/h2><\/li>\n<li  class='av-milestone av-2nynl-3588bcc40419865ed7a6a8b1cbc2d449 av-animated-generic fade-in av-milestone-valign-middle av-milestone-odd'><h2 class='av-milestone-date ' id='milestone-2016'><strong>2016<\/p>\n<p><img class=\"custom-img-history\" src=\"https:\/\/hit-tracking.com\/wp-content\/uploads\/2019\/12\/Hit-Tracking-300x293.png\" rel=\"noopener noreferrer\" target=\"_blank\"\/><span class='av-milestone-indicator'><\/span><\/strong><\/h2><div class=\"av-milestone-icon-wrap\"><span class='av-milestone-icon milestone_icon milestone-icon-hasborder avia-font-entypo-fontello'><span class='av-milestone-icon-inner milestone_inner'><i class='milestone-char' aria-hidden='true' data-av_icon='\ue842' data-av_iconfont='entypo-fontello'><\/i><\/span><\/span><\/div><article class='av-milestone-content-wrap'><div class='av-milestone-contentbox'><div class='av-milestone-content'><p>En 2016, l&rsquo;entreprise d\u00e9cide de se lancer dans la commercialisation de nouveaux produits compl\u00e9mentaires. Le premier de la s\u00e9rie \u00ab\u00a0Hit\u00a0\u00bb est alors <a href=\"\/fr\/\" target=\"_blank\" rel=\"noopener noreferrer\">\u00ab\u00a0Hit-Tracking\u00a0\u00bb<\/a>, un syst\u00e8me de g\u00e9olocalisation. Ce produit conna\u00eet directement un franc succ\u00e8s, ce qui pousse Ficos \u00e0 proposer \u00e0 l&rsquo;avenir des nouveaut\u00e9s.<\/p>\n<\/div><\/div><footer class='av-milestone-article-footer entry-footer'><\/footer><\/article><\/li>\n<li  class='av-milestone av-236l1-5fd352663700884e7fefe4a9901eb3d8 av-animated-generic fade-in av-milestone-valign-middle av-milestone-even'><h2 class='av-milestone-date ' id='milestone-2017'><strong>2017<\/p>\n<p><img class=\"custom-img-history\" src=\"https:\/\/hit-tracking.com\/wp-content\/uploads\/2019\/12\/Hit-Mobile-300x297.png\" rel=\"noopener noreferrer\" target=\"_blank\"\/><span class='av-milestone-indicator'><\/span><\/strong><\/h2><article class='av-milestone-content-wrap'><div class='av-milestone-contentbox'><div class='av-milestone-content'><p>Un an apr\u00e8s Hit-Tracking, un nouveau produit, une application mobile, voit le jour : <a href=\"https:\/\/www.hit-mobile.com\" target=\"_blank\" rel=\"noopener noreferrer\">Hit-Mobile<\/a>. Cette application, disponible sur smartphones et tablettes, est la petite s\u0153ur du logiciel ERP Hit-Office, destin\u00e9e \u00e0 le compl\u00e9ter.<\/p>\n<\/div><\/div><footer class='av-milestone-article-footer entry-footer'><\/footer><\/article><div class=\"av-milestone-icon-wrap\"><span class='av-milestone-icon milestone_icon milestone-icon-hasborder avia-font-entypo-fontello'><span class='av-milestone-icon-inner milestone_inner'><i class='milestone-char' aria-hidden='true' data-av_icon='\ue8ac' data-av_iconfont='entypo-fontello'><\/i><\/span><\/span><\/div><h2 class='av-milestone-date ' id='milestone-2017'><strong>2017<\/p>\n<p><img class=\"custom-img-history\" src=\"https:\/\/hit-tracking.com\/wp-content\/uploads\/2019\/12\/Hit-Mobile-300x297.png\" rel=\"noopener noreferrer\" target=\"_blank\"\/><span class='av-milestone-indicator'><\/span><\/strong><\/h2><\/li>\n<li  class='av-milestone av-1hult-5c83e84d90a857e21a76d90e0d101394 av-animated-generic fade-in av-milestone-valign-middle av-milestone-odd'><h2 class='av-milestone-date ' id='milestone-2018'><strong>2018<\/p>\n<p><img class=\"custom-img-history\" src=\"https:\/\/hit-tracking.com\/wp-content\/uploads\/2019\/12\/hit-market-300x300.png\" rel=\"noopener noreferrer\" target=\"_blank\"\/><span class='av-milestone-indicator'><\/span><\/strong><\/h2><div class=\"av-milestone-icon-wrap\"><span class='av-milestone-icon milestone_icon milestone-icon-hasborder avia-font-entypo-fontello'><span class='av-milestone-icon-inner milestone_inner'><i class='milestone-char' aria-hidden='true' data-av_icon='\ue827' data-av_iconfont='entypo-fontello'><\/i><\/span><\/span><\/div><article class='av-milestone-content-wrap'><div class='av-milestone-contentbox'><div class='av-milestone-content'><p>Dans le courant du mois de juin 2018, un nouveau produit voit le jour : <a href=\"https:\/\/www.hit-market.be\/\" target=\"_blank\" rel=\"noopener noreferrer\">Hit-Market<\/a>,\u00a0plateforme de demande et de remise de prix pour entrepreneurs, sous-traitants et fournisseurs<\/p>\n<\/div><\/div><footer class='av-milestone-article-footer entry-footer'><\/footer><\/article><\/li>\n<li  class='av-milestone av-qslx-63de47275b716569105cc249f5dcb961 av-animated-generic fade-in av-milestone-valign-middle av-milestone-even'><h2 class='av-milestone-date ' id='milestone-2018'><strong>2018<\/p>\n<p><img class=\"custom-img-history\" src=\"https:\/\/hit-tracking.com\/wp-content\/uploads\/2019\/12\/hit-clock-300x300.png\" rel=\"noopener noreferrer\" target=\"_blank\"\/><span class='av-milestone-indicator'><\/span><\/strong><\/h2><article class='av-milestone-content-wrap'><div class='av-milestone-contentbox'><div class='av-milestone-content'><p>Peu de temps apr\u00e8s Hit-Market, Ficos d\u00e9cide de lancer <a href=\"https:\/\/www.hit-clock.com\/\" target=\"_blank\" rel=\"noopener noreferrer\">Hit-Clock<\/a>, application de pointage sur chantier, pour compl\u00e9ter la gamme HIT.<\/p>\n<\/div><\/div><footer class='av-milestone-article-footer entry-footer'><\/footer><\/article><div class=\"av-milestone-icon-wrap\"><span class='av-milestone-icon milestone_icon milestone-icon-hasborder avia-font-entypo-fontello'><span class='av-milestone-icon-inner milestone_inner'><i class='milestone-char' aria-hidden='true' data-av_icon='\ue907' data-av_iconfont='entypo-fontello'><\/i><\/span><\/span><\/div><h2 class='av-milestone-date ' id='milestone-2018'><strong>2018<\/p>\n<p><img class=\"custom-img-history\" src=\"https:\/\/hit-tracking.com\/wp-content\/uploads\/2019\/12\/hit-clock-300x300.png\" rel=\"noopener noreferrer\" target=\"_blank\"\/><span class='av-milestone-indicator'><\/span><\/strong><\/h2><\/li>\n<li  class='av-milestone av-wzu1-2a9a3794543289716fae241d6d31eec7 av-animated-generic fade-in av-milestone-valign-middle av-milestone-odd'><h2 class='av-milestone-date ' id='milestone-aujourdhui'><strong>Aujourd\u2019hui<span class='av-milestone-indicator'><\/span><\/strong><\/h2><div class=\"av-milestone-icon-wrap\"><span class='av-milestone-icon milestone_icon milestone-icon-hasborder avia-font-entypo-fontello'><span class='av-milestone-icon-inner milestone_inner'><i class='milestone-char' aria-hidden='true' data-av_icon='\ue80b' data-av_iconfont='entypo-fontello'><\/i><\/span><\/span><\/div><article class='av-milestone-content-wrap'><div class='av-milestone-contentbox'><div class='av-milestone-content'><p>A l&rsquo;heure d&rsquo;aujourd&rsquo;hui, Ficos s&rsquo;agrandit de plus en plus. De nouveaux membres rejoignent l&rsquo;\u00e9quipe, ils d\u00e9m\u00e9nagent dans de plus grands locaux, et une liste de plusieurs nouveaux produits qui arriveront tr\u00e8s prochainement est d\u00e9j\u00e0 cr\u00e9\u00e9e.<\/p>\n<\/div><\/div><footer class='av-milestone-article-footer entry-footer'><\/footer><\/article><\/li>\n<\/ul><\/div>\n\n","protected":false},"excerpt":{"rendered":"","protected":false},"author":2,"featured_media":0,"parent":0,"menu_order":0,"comment_status":"closed","ping_status":"closed","template":"","meta":[],"_links":{"self":[{"href":"https:\/\/hit-tracking.com\/fr\/wp-json\/wp\/v2\/pages\/33"}],"collection":[{"href":"https:\/\/hit-tracking.com\/fr\/wp-json\/wp\/v2\/pages"}],"about":[{"href":"https:\/\/hit-tracking.com\/fr\/wp-json\/wp\/v2\/types\/page"}],"author":[{"embeddable":true,"href":"https:\/\/hit-tracking.com\/fr\/wp-json\/wp\/v2\/users\/2"}],"replies":[{"embeddable":true,"href":"https:\/\/hit-tracking.com\/fr\/wp-json\/wp\/v2\/comments?post=33"}],"version-history":[{"count":13,"href":"https:\/\/hit-tracking.com\/fr\/wp-json\/wp\/v2\/pages\/33\/revisions"}],"predecessor-version":[{"id":2202,"href":"https:\/\/hit-tracking.com\/fr\/wp-json\/wp\/v2\/pages\/33\/revisions\/2202"}],"wp:attachment":[{"href":"https:\/\/hit-tracking.com\/fr\/wp-json\/wp\/v2\/media?parent=33"}],"curies":[{"name":"wp","href":"https:\/\/api.w.org\/{rel}","templated":true}]}}