{"id":34,"date":"2018-09-03T16:24:28","date_gmt":"2018-09-03T14:24:28","guid":{"rendered":"http:\/\/new.hit-tracking.com\/?page_id=34"},"modified":"2020-08-05T15:26:30","modified_gmt":"2020-08-05T13:26:30","slug":"nos-valeurs","status":"publish","type":"page","link":"https:\/\/hit-tracking.com\/fr\/nos-valeurs\/","title":{"rendered":"Nos valeurs"},"content":{"rendered":"\n<style type=\"text\/css\" data-created_by=\"avia_inline_auto\" id=\"style-css-av-jlnm7vqf-c21e5d670ea0c12cc0a84add3f6287e5\">\n#top .av-special-heading.av-jlnm7vqf-c21e5d670ea0c12cc0a84add3f6287e5{\npadding-bottom:10px;\ncolor:#ffffff;\nfont-size:40px;\n}\nbody .av-special-heading.av-jlnm7vqf-c21e5d670ea0c12cc0a84add3f6287e5 .av-special-heading-tag .heading-char{\nfont-size:25px;\n}\n#top #wrap_all .av-special-heading.av-jlnm7vqf-c21e5d670ea0c12cc0a84add3f6287e5 .av-special-heading-tag{\nfont-size:40px;\n}\n.av-special-heading.av-jlnm7vqf-c21e5d670ea0c12cc0a84add3f6287e5 .special-heading-inner-border{\nborder-color:#ffffff;\n}\n.av-special-heading.av-jlnm7vqf-c21e5d670ea0c12cc0a84add3f6287e5 .av-subheading{\nfont-size:15px;\n}\n<\/style>\n<div  class='av-special-heading av-jlnm7vqf-c21e5d670ea0c12cc0a84add3f6287e5 av-special-heading-h1 custom-color-heading blockquote modern-quote modern-centered  avia-builder-el-0  el_before_av_hr  avia-builder-el-first  av-inherit-size'><h1 class='av-special-heading-tag'  itemprop=\"headline\"  >Les valeurs d\u2019une entreprise refl\u00e8tent son professionnalisme <\/h1><div class='av_custom_color av-subheading av-subheading_below'><p>Ficos y fait particuli\u00e8rement attention<\/p>\n<\/div><div class=\"special-heading-border\"><div class=\"special-heading-inner-border\"><\/div><\/div><\/div>\n\n<style type=\"text\/css\" data-created_by=\"avia_inline_auto\" id=\"style-css-av-jlncwmfy-4880d04e8e0343aecfb61dbe4c6f2d38\">\n#top .hr.av-jlncwmfy-4880d04e8e0343aecfb61dbe4c6f2d38{\nmargin-top:30px;\nmargin-bottom:30px;\n}\n.hr.av-jlncwmfy-4880d04e8e0343aecfb61dbe4c6f2d38 .hr-inner{\nwidth:70px;\nborder-color:#ffffff;\nmax-width:45%;\n}\n.hr.av-jlncwmfy-4880d04e8e0343aecfb61dbe4c6f2d38 .av-seperator-icon{\ncolor:#19a3b2;\n}\n<\/style>\n<div  class='hr av-jlncwmfy-4880d04e8e0343aecfb61dbe4c6f2d38 hr-custom  avia-builder-el-1  el_after_av_heading  el_before_av_layout_row  avia-builder-el-last  hr-center hr-icon-yes'><span class='hr-inner inner-border-av-border-fat'><span class=\"hr-inner-style\"><\/span><\/span><span class='av-seperator-icon' aria-hidden='true' data-av_icon='\ue827' data-av_iconfont='entypo-fontello'><\/span><span class='hr-inner inner-border-av-border-fat'><span class=\"hr-inner-style\"><\/span><\/span><\/div>\n<\/div><\/div><\/div><!-- close content main div --><\/div><\/div><div id='av-layout-grid-1'  class='av-layout-grid-container av-5tzqy-7d9562abe808f15d20a81a3e1db2df86 entry-content-wrapper main_color av-flex-cells  avia-builder-el-2  el_after_av_hr  avia-builder-el-last  grid-row-not-first  container_wrap fullsize'  >\n<div class='flex_cell av_one_full av-4x3c2-bfa495be1d6bb5afe808216393310cef no_margin  avia-builder-el-3  avia-builder-el-no-sibling ' ><div class='flex_cell_inner'><p>\n<style type=\"text\/css\" data-created_by=\"avia_inline_auto\" id=\"style-css-av-jlnm1a0j-c60e92587055f01ff717daf54d5766b3\">\n#top .hr.hr-invisible.av-jlnm1a0j-c60e92587055f01ff717daf54d5766b3{\nheight:50px;\n}\n<\/style>\n<div  class='hr av-jlnm1a0j-c60e92587055f01ff717daf54d5766b3 hr-invisible  avia-builder-el-4  el_before_av_one_half  avia-builder-el-first '><span class='hr-inner '><span class=\"hr-inner-style\"><\/span><\/span><\/div><br \/>\n\n<style type=\"text\/css\" data-created_by=\"avia_inline_auto\" id=\"style-css-av-gkpi-6a58ddd39aaf7bee2927138045666dbc\">\n.flex_column.av-gkpi-6a58ddd39aaf7bee2927138045666dbc{\nborder-radius:0px 0px 0px 0px;\n-webkit-border-radius:0px 0px 0px 0px;\n-moz-border-radius:0px 0px 0px 0px;\n}\n<\/style>\n<div class='flex_column av-gkpi-6a58ddd39aaf7bee2927138045666dbc av_one_half  avia-builder-el-5  el_after_av_hr  el_before_av_one_half  first flex_column_div av-zero-column-padding '   ><style type=\"text\/css\" data-created_by=\"avia_inline_auto\" id=\"style-css-av-jlnm4n3n-ec1ebcd069d06f0d2bc99704cd474ec5\">\n#top .avia-icon-list-container.av-jlnm4n3n-ec1ebcd069d06f0d2bc99704cd474ec5 .iconlist_icon{\ncolor:#19a3b2;\nbackground-color:#ffffff;\nborder:1px solid #45494d;\n}\n<\/style>\n<div  class='avia-icon-list-container av-jlnm4n3n-ec1ebcd069d06f0d2bc99704cd474ec5  avia-builder-el-6  avia-builder-el-no-sibling '><ul class='avia-icon-list avia_animate_when_almost_visible avia-icon-list-right av-iconlist-big av-jlnm4n3n-ec1ebcd069d06f0d2bc99704cd474ec5 avia-iconlist-animate'>\n<li><div class='iconlist_icon av-3suna-dfb7a65d6dea4b818883baeb335ac153 avia-font-entypo-fontello'><span class='iconlist-char' aria-hidden='true' data-av_icon='\ue856' data-av_iconfont='entypo-fontello'><\/span><\/div><article class=\"article-icon-entry \"  itemscope=\"itemscope\" itemtype=\"https:\/\/schema.org\/CreativeWork\" ><div class=\"iconlist_content_wrap\"><header class=\"entry-content-header\"><h4 class='av_iconlist_title iconlist_title  '  itemprop=\"headline\" >\u00caTRE RIGOUREUX ET PROFESSIONNEL<\/h4><\/header><div class='iconlist_content '  itemprop=\"text\" ><p style=\"text-align: right;\"><i class=\"fa fa-briefcase \" ><\/i>\u00a0 \u00a0Conna\u00eetre son m\u00e9tier et ses responsabilit\u00e9s<br \/>\nConna\u00eetre ses clients, son march\u00e9, ses fournisseurs et ses concurrents<br \/>\nMesurer d\u2019o\u00f9 le vent vient et o\u00f9 il souffle \u00e0 travers l\u2019\u00e9coute, la recherche et la curiosit\u00e9<br \/>\nExercer une veille proactive et continue<br \/>\nAller au bout des choses et ne pas se contenter de t\u00e2ches superficielles<br \/>\nEx\u00e9cuter ses t\u00e2ches pour ne les faire qu\u2019une seule fois<br \/>\nDemander l\u2019assistance n\u00e9cessaire pour terminer une t\u00e2che et accepter cette aide<\/p>\n<\/div><\/div><footer class=\"entry-footer\"><\/footer><\/article><div class=\"iconlist-timeline\"><\/div><\/li>\n<li><div class='iconlist_icon av-39la6-0abcf7b7cfe05e979fe40cfd0d8117a3 avia-font-entypo-fontello'><span class='iconlist-char' aria-hidden='true' data-av_icon='\ue82b' data-av_iconfont='entypo-fontello'><\/span><\/div><article class=\"article-icon-entry \"  itemscope=\"itemscope\" itemtype=\"https:\/\/schema.org\/CreativeWork\" ><div class=\"iconlist_content_wrap\"><header class=\"entry-content-header\"><h4 class='av_iconlist_title iconlist_title  '  itemprop=\"headline\" >SATISFAIRE SES CLIENTS<\/h4><\/header><div class='iconlist_content '  itemprop=\"text\" ><p><i class=\"fa fa-thumbs-o-up \" ><\/i>\u00a0 \u00a0S\u2019assurer que le client (interne ou externe) soit satisfait de nos produits et nos services<\/p>\n<\/div><\/div><footer class=\"entry-footer\"><\/footer><\/article><div class=\"iconlist-timeline\"><\/div><\/li>\n<\/ul><\/div><\/div>\n<style type=\"text\/css\" data-created_by=\"avia_inline_auto\" id=\"style-css-av-2obma-3c64c1caf3b1d8fc76c1b355b3263bf9\">\n.flex_column.av-2obma-3c64c1caf3b1d8fc76c1b355b3263bf9{\nborder-radius:0px 0px 0px 0px;\n-webkit-border-radius:0px 0px 0px 0px;\n-moz-border-radius:0px 0px 0px 0px;\n}\n<\/style>\n<div class='flex_column av-2obma-3c64c1caf3b1d8fc76c1b355b3263bf9 av_one_half  avia-builder-el-7  el_after_av_one_half  avia-builder-el-last  flex_column_div av-zero-column-padding '   ><style type=\"text\/css\" data-created_by=\"avia_inline_auto\" id=\"style-css-av-jlnm4n3n-9105d6e8e4fbcad138e84098ce209bda\">\n#top .avia-icon-list-container.av-jlnm4n3n-9105d6e8e4fbcad138e84098ce209bda .iconlist_icon{\ncolor:#19a3b2;\nbackground-color:#ffffff;\nborder:1px solid #45494d;\n}\n<\/style>\n<div  class='avia-icon-list-container av-jlnm4n3n-9105d6e8e4fbcad138e84098ce209bda  avia-builder-el-8  avia-builder-el-no-sibling '><ul class='avia-icon-list avia_animate_when_almost_visible avia-icon-list-left av-iconlist-big av-jlnm4n3n-9105d6e8e4fbcad138e84098ce209bda avia-iconlist-animate'>\n<li><div class='iconlist_icon av-23xa6-e04d79abac3d8c36fdacf20211ba7580 avia-font-entypo-fontello'><span class='iconlist-char' aria-hidden='true' data-av_icon='\ue80b' data-av_iconfont='entypo-fontello'><\/span><\/div><article class=\"article-icon-entry \"  itemscope=\"itemscope\" itemtype=\"https:\/\/schema.org\/CreativeWork\" ><div class=\"iconlist_content_wrap\"><header class=\"entry-content-header\"><h4 class='av_iconlist_title iconlist_title  '  itemprop=\"headline\" >TRAVAILLER ENSEMBLE ET S\u2019ENTRAIDER<\/h4><\/header><div class='iconlist_content '  itemprop=\"text\" ><p style=\"text-align: left;\">Travailler ensemble, avec ses coll\u00e8gues dans une direction commune<br \/>\nAider un coll\u00e8gue en difficult\u00e9, m\u00eame si on n\u2019est pas \u00e0 l\u2019origine du probl\u00e8me<br \/>\nMobiliser les \u00e9nergies et les comp\u00e9tences de tous dans la poursuite d\u2019un objectif commun<br \/>\nS\u2019assurer que les bonnes personnes sont aux bonnes places, en conformit\u00e9 avec les capacit\u00e9s, l\u2019\u00e9ducation et le talent\u00a0 \u00a0<i class=\"fa fa-compress \" ><\/i><\/p>\n<\/div><\/div><footer class=\"entry-footer\"><\/footer><\/article><div class=\"iconlist-timeline\"><\/div><\/li>\n<li><div class='iconlist_icon av-1s0ci-b5d953b4de95773af2f5aad2f1325722 avia-font-entypo-fontello'><span class='iconlist-char' aria-hidden='true' data-av_icon='\ue864' data-av_iconfont='entypo-fontello'><\/span><\/div><article class=\"article-icon-entry \"  itemscope=\"itemscope\" itemtype=\"https:\/\/schema.org\/CreativeWork\" ><div class=\"iconlist_content_wrap\"><header class=\"entry-content-header\"><h4 class='av_iconlist_title iconlist_title  '  itemprop=\"headline\" >INNOVER<\/h4><\/header><div class='iconlist_content '  itemprop=\"text\" ><p>Innover est un facteur cl\u00e9 du d\u00e9veloppement de l\u2019entreprise.<br \/>\nInnover ne doit pas \u00eatre assimil\u00e9 \u00e0 de l\u2019amateurisme, innover demande du professionnalisme en particulier dans l\u2019\u00e9valuation des risques potentiels et les mesures \u00e0 prendre pour limiter ces risques.\u00a0 \u00a0<i class=\"fa fa-battery-empty \" ><\/i>\u00a0 \u00a0<i class=\"fa fa-battery-quarter \" ><\/i>\u00a0 \u00a0<i class=\"fa fa-battery-half \" ><\/i>\u00a0 \u00a0<i class=\"fa fa-battery-three-quarters \" ><\/i>\u00a0 \u00a0<i class=\"fa fa-battery-full \" ><\/i><\/p>\n<\/div><\/div><footer class=\"entry-footer\"><\/footer><\/article><div class=\"iconlist-timeline\"><\/div><\/li>\n<li><div class='iconlist_icon av-ukc2-8547f1d1aafc5e8b29622cd88790ebf1 avia-font-entypo-fontello'><span class='iconlist-char' aria-hidden='true' data-av_icon='\ue83c' data-av_iconfont='entypo-fontello'><\/span><\/div><article class=\"article-icon-entry \"  itemscope=\"itemscope\" itemtype=\"https:\/\/schema.org\/CreativeWork\" ><div class=\"iconlist_content_wrap\"><header class=\"entry-content-header\"><h4 class='av_iconlist_title iconlist_title  '  itemprop=\"headline\" >LE RESPECT<\/h4><\/header><div class='iconlist_content '  itemprop=\"text\" ><p>Respecter les clients, fournisseurs, sous-traitants, les banques\u2026.<br \/>\nRespect les personnes, et en particulier pour le personnel<br \/>\nRespecter les normes, r\u00e8gles, \u2026<br \/>\nRespect ne signifie pas tout accepter sans avoir \u00e0 d\u00e9fendre ses propres int\u00e9r\u00eats.\u00a0 \u00a0<i class=\"fa fa-handshake-o \" ><\/i><\/p>\n<\/div><\/div><footer class=\"entry-footer\"><\/footer><\/article><div class=\"iconlist-timeline\"><\/div><\/li>\n<\/ul><\/div><\/div><\/p>\n<\/div><\/div><\/div>\n","protected":false},"excerpt":{"rendered":"","protected":false},"author":2,"featured_media":0,"parent":0,"menu_order":0,"comment_status":"closed","ping_status":"closed","template":"","meta":[],"_links":{"self":[{"href":"https:\/\/hit-tracking.com\/fr\/wp-json\/wp\/v2\/pages\/34"}],"collection":[{"href":"https:\/\/hit-tracking.com\/fr\/wp-json\/wp\/v2\/pages"}],"about":[{"href":"https:\/\/hit-tracking.com\/fr\/wp-json\/wp\/v2\/types\/page"}],"author":[{"embeddable":true,"href":"https:\/\/hit-tracking.com\/fr\/wp-json\/wp\/v2\/users\/2"}],"replies":[{"embeddable":true,"href":"https:\/\/hit-tracking.com\/fr\/wp-json\/wp\/v2\/comments?post=34"}],"version-history":[{"count":4,"href":"https:\/\/hit-tracking.com\/fr\/wp-json\/wp\/v2\/pages\/34\/revisions"}],"predecessor-version":[{"id":1523,"href":"https:\/\/hit-tracking.com\/fr\/wp-json\/wp\/v2\/pages\/34\/revisions\/1523"}],"wp:attachment":[{"href":"https:\/\/hit-tracking.com\/fr\/wp-json\/wp\/v2\/media?parent=34"}],"curies":[{"name":"wp","href":"https:\/\/api.w.org\/{rel}","templated":true}]}}