{"id":36,"date":"2018-09-03T16:24:58","date_gmt":"2018-09-03T14:24:58","guid":{"rendered":"http:\/\/new.hit-tracking.com\/?page_id=36"},"modified":"2020-08-05T16:01:14","modified_gmt":"2020-08-05T14:01:14","slug":"nos-autres-solutions","status":"publish","type":"page","link":"https:\/\/hit-tracking.com\/fr\/nos-autres-solutions\/","title":{"rendered":"Nos autres solutions"},"content":{"rendered":"\n<style type=\"text\/css\" data-created_by=\"avia_inline_auto\" id=\"style-css-av-av_heading-ff01cfe81d5c3584db98a2869fcc8079\">\n#top .av-special-heading.av-av_heading-ff01cfe81d5c3584db98a2869fcc8079{\npadding-bottom:10px;\ncolor:#ffffff;\nfont-size:40px;\n}\nbody .av-special-heading.av-av_heading-ff01cfe81d5c3584db98a2869fcc8079 .av-special-heading-tag .heading-char{\nfont-size:25px;\n}\n#top #wrap_all .av-special-heading.av-av_heading-ff01cfe81d5c3584db98a2869fcc8079 .av-special-heading-tag{\nfont-size:40px;\n}\n.av-special-heading.av-av_heading-ff01cfe81d5c3584db98a2869fcc8079 .special-heading-inner-border{\nborder-color:#ffffff;\n}\n.av-special-heading.av-av_heading-ff01cfe81d5c3584db98a2869fcc8079 .av-subheading{\nfont-size:15px;\n}\n<\/style>\n<div  class='av-special-heading av-av_heading-ff01cfe81d5c3584db98a2869fcc8079 av-special-heading-h1 custom-color-heading blockquote modern-quote modern-centered  avia-builder-el-0  el_before_av_hr  avia-builder-el-first  av-inherit-size'><h1 class='av-special-heading-tag'  itemprop=\"headline\"  >Ficos : l\u2019expert informatique de la construction<\/h1><div class=\"special-heading-border\"><div class=\"special-heading-inner-border\"><\/div><\/div><\/div>\n\n<style type=\"text\/css\" data-created_by=\"avia_inline_auto\" id=\"style-css-av-jlncwmfy-08280a8766a812780eff43bcf2f54646\">\n#top .hr.av-jlncwmfy-08280a8766a812780eff43bcf2f54646{\nmargin-top:30px;\nmargin-bottom:30px;\n}\n.hr.av-jlncwmfy-08280a8766a812780eff43bcf2f54646 .hr-inner{\nwidth:70px;\nborder-color:#ffffff;\nmax-width:45%;\n}\n.hr.av-jlncwmfy-08280a8766a812780eff43bcf2f54646 .av-seperator-icon{\ncolor:#19a3b2;\n}\n<\/style>\n<div  class='hr av-jlncwmfy-08280a8766a812780eff43bcf2f54646 hr-custom  avia-builder-el-1  el_after_av_heading  el_before_av_section  avia-builder-el-last  hr-center hr-icon-yes'><span class='hr-inner inner-border-av-border-fat'><span class=\"hr-inner-style\"><\/span><\/span><span class='av-seperator-icon' aria-hidden='true' data-av_icon='\ue82b' data-av_iconfont='entypo-fontello'><\/span><span class='hr-inner inner-border-av-border-fat'><span class=\"hr-inner-style\"><\/span><\/span><\/div>\n<\/div><\/div><\/div><!-- close content main div --><\/div><\/div><div id='av_section_1'  class='avia-section av-b9wao-78dbe5980aced122ed0b3e3082225b9f main_color avia-section-default avia-no-border-styling  avia-builder-el-2  el_after_av_hr  el_before_av_section  avia-bg-style-scroll container_wrap fullsize'  ><div class='container av-section-cont-open' ><div class='template-page content  av-content-full alpha units'><div class='post-entry post-entry-type-page post-entry-36'><div class='entry-content-wrapper clearfix'>\n\n<style type=\"text\/css\" data-created_by=\"avia_inline_auto\" id=\"style-css-av-abmf8-9b43fce6c51bb45310b1fa41066dad73\">\n.flex_column.av-abmf8-9b43fce6c51bb45310b1fa41066dad73{\nborder-radius:0px 0px 0px 0px;\n-webkit-border-radius:0px 0px 0px 0px;\n-moz-border-radius:0px 0px 0px 0px;\n}\n<\/style>\n<div class='flex_column av-abmf8-9b43fce6c51bb45310b1fa41066dad73 av_one_fifth  avia-builder-el-3  el_before_av_three_fifth  avia-builder-el-first  first flex_column_div av-zero-column-padding '   ><\/div>\n<style type=\"text\/css\" data-created_by=\"avia_inline_auto\" id=\"style-css-av-9m7x0-b61571fc64e0aa939f1fa46e06c0b049\">\n.flex_column.av-9m7x0-b61571fc64e0aa939f1fa46e06c0b049{\nborder-radius:0px 0px 0px 0px;\n-webkit-border-radius:0px 0px 0px 0px;\n-moz-border-radius:0px 0px 0px 0px;\n}\n<\/style>\n<div class='flex_column av-9m7x0-b61571fc64e0aa939f1fa46e06c0b049 av_three_fifth  avia-builder-el-4  el_after_av_one_fifth  el_before_av_one_fifth  flex_column_div av-zero-column-padding '   ><p>\n<style type=\"text\/css\" data-created_by=\"avia_inline_auto\" id=\"style-css-av-jlnmp8lp-7a6547e0f3efb21a3d22d303e59e6eda\">\n#top .av-special-heading.av-jlnmp8lp-7a6547e0f3efb21a3d22d303e59e6eda{\npadding-bottom:10px;\ncolor:#45494d;\nfont-size:35px;\n}\nbody .av-special-heading.av-jlnmp8lp-7a6547e0f3efb21a3d22d303e59e6eda .av-special-heading-tag .heading-char{\nfont-size:25px;\n}\n#top #wrap_all .av-special-heading.av-jlnmp8lp-7a6547e0f3efb21a3d22d303e59e6eda .av-special-heading-tag{\nfont-size:35px;\n}\n.av-special-heading.av-jlnmp8lp-7a6547e0f3efb21a3d22d303e59e6eda .special-heading-inner-border{\nborder-color:#45494d;\n}\n.av-special-heading.av-jlnmp8lp-7a6547e0f3efb21a3d22d303e59e6eda .av-subheading{\nfont-size:15px;\n}\n<\/style>\n<div  class='av-special-heading av-jlnmp8lp-7a6547e0f3efb21a3d22d303e59e6eda av-special-heading-h2 custom-color-heading blockquote modern-quote  avia-builder-el-5  el_before_av_textblock  avia-builder-el-first  av-inherit-size'><h2 class='av-special-heading-tag'  itemprop=\"headline\"  >Notre entreprise<\/h2><div class=\"special-heading-border\"><div class=\"special-heading-inner-border\"><\/div><\/div><\/div><br \/>\n<section  class='av_textblock_section av-jlnmph17-2133b14a20866efbc1f9dd21b8d966ee'  itemscope=\"itemscope\" itemtype=\"https:\/\/schema.org\/CreativeWork\" ><div class='avia_textblock'  itemprop=\"text\" ><p style=\"text-align: left;\">Ficos Luxembourg est le groupe informatique de l\u2019entreprise de construction HP-Linden de Saint-Vith. Notre mission consiste \u00e0 l\u2019optimisation des processus des entreprises de construction via le plan d\u2019action suivant\u00a0:<\/p>\n<ul>\n<li style=\"text-align: left;\">Audit de votre syst\u00e8me existant<\/li>\n<li style=\"text-align: left;\">Installation des produits adapt\u00e9s \u00e0 votre entreprise<\/li>\n<li style=\"text-align: left;\">Nous vous accompagnons dans l\u2019utilisation de nos produits (coaching \u2013 formation)<\/li>\n<\/ul>\n<\/div><\/section><\/p><\/div>\n<style type=\"text\/css\" data-created_by=\"avia_inline_auto\" id=\"style-css-av-8zn9g-a5a208b43f4390d09e7be2392960d9f3\">\n.flex_column.av-8zn9g-a5a208b43f4390d09e7be2392960d9f3{\nborder-radius:0px 0px 0px 0px;\n-webkit-border-radius:0px 0px 0px 0px;\n-moz-border-radius:0px 0px 0px 0px;\n}\n<\/style>\n<div class='flex_column av-8zn9g-a5a208b43f4390d09e7be2392960d9f3 av_one_fifth  avia-builder-el-7  el_after_av_three_fifth  el_before_av_one_fifth  flex_column_div av-zero-column-padding '   ><\/div>\n<style type=\"text\/css\" data-created_by=\"avia_inline_auto\" id=\"style-css-av-8u9z4-a9540c9dadedc7183b7bc1816d2a7241\">\n.flex_column.av-8u9z4-a9540c9dadedc7183b7bc1816d2a7241{\nborder-radius:0px 0px 0px 0px;\n-webkit-border-radius:0px 0px 0px 0px;\n-moz-border-radius:0px 0px 0px 0px;\n}\n<\/style>\n<div class='flex_column av-8u9z4-a9540c9dadedc7183b7bc1816d2a7241 av_one_fifth  avia-builder-el-8  el_after_av_one_fifth  el_before_av_three_fifth  first flex_column_div av-zero-column-padding column-top-margin'   ><\/div>\n<style type=\"text\/css\" data-created_by=\"avia_inline_auto\" id=\"style-css-av-81w50-2e6a7096891fd2d56fcd94adc6f47db3\">\n.flex_column.av-81w50-2e6a7096891fd2d56fcd94adc6f47db3{\nborder-radius:0px 0px 0px 0px;\n-webkit-border-radius:0px 0px 0px 0px;\n-moz-border-radius:0px 0px 0px 0px;\n}\n<\/style>\n<div class='flex_column av-81w50-2e6a7096891fd2d56fcd94adc6f47db3 av_three_fifth  avia-builder-el-9  el_after_av_one_fifth  el_before_av_one_fifth  flex_column_div av-zero-column-padding column-top-margin'   ><p>\n<style type=\"text\/css\" data-created_by=\"avia_inline_auto\" id=\"style-css-av-jlnmp8lp-799e33005f45dbb6f4e5e41ede3d3bb4\">\n#top .av-special-heading.av-jlnmp8lp-799e33005f45dbb6f4e5e41ede3d3bb4{\npadding-bottom:10px;\ncolor:#45494d;\nfont-size:35px;\n}\nbody .av-special-heading.av-jlnmp8lp-799e33005f45dbb6f4e5e41ede3d3bb4 .av-special-heading-tag .heading-char{\nfont-size:25px;\n}\n#top #wrap_all .av-special-heading.av-jlnmp8lp-799e33005f45dbb6f4e5e41ede3d3bb4 .av-special-heading-tag{\nfont-size:35px;\n}\n.av-special-heading.av-jlnmp8lp-799e33005f45dbb6f4e5e41ede3d3bb4 .special-heading-inner-border{\nborder-color:#45494d;\n}\n.av-special-heading.av-jlnmp8lp-799e33005f45dbb6f4e5e41ede3d3bb4 .av-subheading{\nfont-size:15px;\n}\n<\/style>\n<div  class='av-special-heading av-jlnmp8lp-799e33005f45dbb6f4e5e41ede3d3bb4 av-special-heading-h2 custom-color-heading blockquote modern-quote  avia-builder-el-10  el_before_av_textblock  avia-builder-el-first  av-inherit-size'><h2 class='av-special-heading-tag'  itemprop=\"headline\"  >Notre mission<\/h2><div class=\"special-heading-border\"><div class=\"special-heading-inner-border\"><\/div><\/div><\/div><br \/>\n<section  class='av_textblock_section av-jlnmph17-2133b14a20866efbc1f9dd21b8d966ee'  itemscope=\"itemscope\" itemtype=\"https:\/\/schema.org\/CreativeWork\" ><div class='avia_textblock'  itemprop=\"text\" ><blockquote>\n<p style=\"text-align: left;\">Notre mission est d\u2019am\u00e9liorer la gestion op\u00e9rationnelle de tous les acteurs du secteur de la construction.<\/p>\n<\/blockquote>\n<p style=\"text-align: left;\">Autrement dit, Ficos esp\u00e8re, dans les ann\u00e9es \u00e0 venir, prolif\u00e9rer et devenir leader du march\u00e9 de l\u2019IT destin\u00e9 au secteur de la construction en Belgique et aux Luxembourg. Nous esp\u00e9rons \u00e9galement \u00e9tendre notre activit\u00e9 \u00e0 l&rsquo;\u00e9tranger, bien que nous soyons d\u00e9j\u00e0 pr\u00e9sents dans de nombreux pays du monde entier.<\/p>\n<\/div><\/section><\/p><\/div>\n<style type=\"text\/css\" data-created_by=\"avia_inline_auto\" id=\"style-css-av-7bjzo-4ad7a8fd2fbde0e97cb22ee26a7d6b72\">\n.flex_column.av-7bjzo-4ad7a8fd2fbde0e97cb22ee26a7d6b72{\nborder-radius:0px 0px 0px 0px;\n-webkit-border-radius:0px 0px 0px 0px;\n-moz-border-radius:0px 0px 0px 0px;\n}\n<\/style>\n<div class='flex_column av-7bjzo-4ad7a8fd2fbde0e97cb22ee26a7d6b72 av_one_fifth  avia-builder-el-12  el_after_av_three_fifth  avia-builder-el-last  flex_column_div av-zero-column-padding column-top-margin'   ><\/div>\n\n<p><\/div><\/div><\/div><!-- close content main div --><\/div><\/div><div id='av_section_2'  class='avia-section av-6pnes-ace35a6ab2d34397c1432b988e16f3b0 main_color avia-section-default avia-no-border-styling  avia-builder-el-13  el_after_av_section  el_before_av_section  avia-bg-style-scroll container_wrap fullsize'  ><div class='container av-section-cont-open' ><div class='template-page content  av-content-full alpha units'><div class='post-entry post-entry-type-page post-entry-36'><div class='entry-content-wrapper clearfix'>\n\n<style type=\"text\/css\" data-created_by=\"avia_inline_auto\" id=\"style-css-av-jlnmry8n-4fab9ecf5cd76340dee178a04a389001\">\n#top .av-special-heading.av-jlnmry8n-4fab9ecf5cd76340dee178a04a389001{\npadding-bottom:10px;\ncolor:#45494d;\nfont-size:35px;\n}\nbody .av-special-heading.av-jlnmry8n-4fab9ecf5cd76340dee178a04a389001 .av-special-heading-tag .heading-char{\nfont-size:25px;\n}\n#top #wrap_all .av-special-heading.av-jlnmry8n-4fab9ecf5cd76340dee178a04a389001 .av-special-heading-tag{\nfont-size:35px;\n}\n.av-special-heading.av-jlnmry8n-4fab9ecf5cd76340dee178a04a389001 .special-heading-inner-border{\nborder-color:#45494d;\n}\n.av-special-heading.av-jlnmry8n-4fab9ecf5cd76340dee178a04a389001 .av-subheading{\nfont-size:15px;\n}\n<\/style>\n<div  class='av-special-heading av-jlnmry8n-4fab9ecf5cd76340dee178a04a389001 av-special-heading-h2 custom-color-heading blockquote modern-quote modern-centered  avia-builder-el-14  avia-builder-el-no-sibling  av-inherit-size'><h2 class='av-special-heading-tag'  itemprop=\"headline\"  >Editeur de produits : La gamme <i> HIT <i><\/i> by Ficos<\/h2><div class='av_custom_color av-subheading av-subheading_below'><p>Nous \u00e9ditons et commercialisons la gamme de produits Hit qui permet d\u2019optimiser l\u2019ensemble des flux de tout type d\u2019entreprise de construction.<\/p>\n<\/div><div class=\"special-heading-border\"><div class=\"special-heading-inner-border\"><\/div><\/div><\/div>\n<\/i><\/p>\n<\/div><\/div><\/div><!-- close content main div --><\/div><\/div><div id='av_section_3'  class='avia-section av-av_section-7c51d45cb193ee5453f2d869ba9ea4f1 main_color avia-section-default avia-no-border-styling  avia-builder-el-15  el_after_av_section  avia-builder-el-last  avia-bg-style-scroll container_wrap fullsize'  ><div class='container av-section-cont-open' ><div class='template-page content  av-content-full alpha units'><div class='post-entry post-entry-type-page post-entry-36'><div class='entry-content-wrapper clearfix'>\n\n<style type=\"text\/css\" data-created_by=\"avia_inline_auto\" id=\"style-css-av-5a63c-bff295f94ef370dba1018e4bac1988f0\">\n.flex_column.av-5a63c-bff295f94ef370dba1018e4bac1988f0{\nborder-radius:0px 0px 0px 0px;\n-webkit-border-radius:0px 0px 0px 0px;\n-moz-border-radius:0px 0px 0px 0px;\n}\n<\/style>\n<div class='flex_column av-5a63c-bff295f94ef370dba1018e4bac1988f0 av_one_fourth  avia-builder-el-16  el_before_av_one_fourth  avia-builder-el-first  first flex_column_div av-zero-column-padding '   ><style type=\"text\/css\" data-created_by=\"avia_inline_auto\" id=\"style-css-av-k0zdf7qw-b5c15edc2be8a4d33ec7836210d459b5\">\n.avia-image-container.av-k0zdf7qw-b5c15edc2be8a4d33ec7836210d459b5 .av-image-caption-overlay-center{\ncolor:#ffffff;\n}\n<\/style>\n<div  class='avia-image-container av-k0zdf7qw-b5c15edc2be8a4d33ec7836210d459b5 av-styling- avia_animated_image avia_animate_when_almost_visible left-to-right avia-align-right  avia-builder-el-17  avia-builder-el-no-sibling '  itemprop=\"image\" itemscope=\"itemscope\" itemtype=\"https:\/\/schema.org\/ImageObject\" ><div class=\"avia-image-container-inner\"><div class=\"avia-image-overlay-wrap\"><a href=\"https:\/\/www.hit-office.com\" class='avia_image' target=\"_blank\" rel=\"noopener noreferrer\"><img class='wp-image-172 avia-img-lazy-loading-not-172 avia_image' src=\"https:\/\/hit-tracking.com\/wp-content\/uploads\/2018\/09\/Hit-Office-300x300.png\" alt='' title='Hit-Office-300x300'  height=\"300\" width=\"300\"  itemprop=\"thumbnailUrl\" srcset=\"https:\/\/hit-tracking.com\/wp-content\/uploads\/2018\/09\/Hit-Office-300x300.png 300w, https:\/\/hit-tracking.com\/wp-content\/uploads\/2018\/09\/Hit-Office-300x300-80x80.png 80w, https:\/\/hit-tracking.com\/wp-content\/uploads\/2018\/09\/Hit-Office-300x300-36x36.png 36w, https:\/\/hit-tracking.com\/wp-content\/uploads\/2018\/09\/Hit-Office-300x300-180x180.png 180w, https:\/\/hit-tracking.com\/wp-content\/uploads\/2018\/09\/Hit-Office-300x300-120x120.png 120w\" sizes=\"(max-width: 300px) 100vw, 300px\" \/><\/a><\/div><\/div><\/div><\/div>\n<style type=\"text\/css\" data-created_by=\"avia_inline_auto\" id=\"style-css-av-1p7s-1ad4ede9d465a2b8b3fbf475a68f3056\">\n.flex_column.av-1p7s-1ad4ede9d465a2b8b3fbf475a68f3056{\nborder-radius:0px 0px 0px 0px;\n-webkit-border-radius:0px 0px 0px 0px;\n-moz-border-radius:0px 0px 0px 0px;\n}\n<\/style>\n<div class='flex_column av-1p7s-1ad4ede9d465a2b8b3fbf475a68f3056 av_one_fourth  avia-builder-el-18  el_after_av_one_fourth  el_before_av_one_fourth  flex_column_div av-zero-column-padding '   ><section  class='av_textblock_section av-k0zdfdqn-8f2716ecec430cb644eaa742e0ab1e02'  itemscope=\"itemscope\" itemtype=\"https:\/\/schema.org\/CreativeWork\" ><div class='avia_textblock'  itemprop=\"text\" ><p>Ficos vous propose le logiciel Hit-Office qui est destin\u00e9 aux entrepreneurs, aux architectes, aux installateurs et aux promoteurs. Hit-Office est constitu\u00e9 d\u2019un large pannel de modules \u00e0 la carte pour r\u00e9pondre aux besoins des entreprises.<\/p>\n<\/div><\/section><\/div>\n<style type=\"text\/css\" data-created_by=\"avia_inline_auto\" id=\"style-css-av-3pb6g-28df753f5cb8d264c4469e185fedb4db\">\n.flex_column.av-3pb6g-28df753f5cb8d264c4469e185fedb4db{\nborder-radius:0px 0px 0px 0px;\n-webkit-border-radius:0px 0px 0px 0px;\n-moz-border-radius:0px 0px 0px 0px;\n}\n<\/style>\n<div class='flex_column av-3pb6g-28df753f5cb8d264c4469e185fedb4db av_one_fourth  avia-builder-el-20  el_after_av_one_fourth  el_before_av_one_fourth  flex_column_div av-zero-column-padding '   ><section  class='av_textblock_section av-k0zdfdqn-8f2716ecec430cb644eaa742e0ab1e02'  itemscope=\"itemscope\" itemtype=\"https:\/\/schema.org\/CreativeWork\" ><div class='avia_textblock'  itemprop=\"text\" ><p>Ficos d\u00e9veloppe \u00e9galement diff\u00e9rentes applications mobiles orient\u00e9es chantier. Hit-Mobile est une application de chantier qui permet de g\u00e9rer vos chantiers depuis votre appareil mobile. La solution Hit-Stock permet de g\u00e9rer votre stock depuis un smartphone par syst\u00e8me de scan.<\/p>\n<\/div><\/section><\/div>\n<style type=\"text\/css\" data-created_by=\"avia_inline_auto\" id=\"style-css-av-33pv4-d6ef6c6a4cde2664c37b40f0d9b64a77\">\n.flex_column.av-33pv4-d6ef6c6a4cde2664c37b40f0d9b64a77{\nborder-radius:0px 0px 0px 0px;\n-webkit-border-radius:0px 0px 0px 0px;\n-moz-border-radius:0px 0px 0px 0px;\n}\n<\/style>\n<div class='flex_column av-33pv4-d6ef6c6a4cde2664c37b40f0d9b64a77 av_one_fourth  avia-builder-el-22  el_after_av_one_fourth  el_before_av_one_fourth  flex_column_div av-zero-column-padding '   ><style type=\"text\/css\" data-created_by=\"avia_inline_auto\" id=\"style-css-av-k0zdf7qw-dfc4acb6bec3ac0761a595a68becd6fa\">\n.avia-image-container.av-k0zdf7qw-dfc4acb6bec3ac0761a595a68becd6fa .av-image-caption-overlay-center{\ncolor:#ffffff;\n}\n<\/style>\n<div  class='avia-image-container av-k0zdf7qw-dfc4acb6bec3ac0761a595a68becd6fa av-styling- avia_animated_image avia_animate_when_almost_visible right-to-left avia-align-left  avia-builder-el-23  avia-builder-el-no-sibling '  itemprop=\"image\" itemscope=\"itemscope\" itemtype=\"https:\/\/schema.org\/ImageObject\" ><div class=\"avia-image-container-inner\"><div class=\"avia-image-overlay-wrap\"><a href=\"https:\/\/www.hit-mobile.com\" class='avia_image' target=\"_blank\" rel=\"noopener noreferrer\"><img class='wp-image-171 avia-img-lazy-loading-not-171 avia_image' src=\"https:\/\/hit-tracking.com\/wp-content\/uploads\/2018\/09\/Hit-Mobile-300x297-300x297.png\" alt='' title='Hit-Mobile-300x297'  height=\"297\" width=\"300\"  itemprop=\"thumbnailUrl\" srcset=\"https:\/\/hit-tracking.com\/wp-content\/uploads\/2018\/09\/Hit-Mobile-300x297.png 300w, https:\/\/hit-tracking.com\/wp-content\/uploads\/2018\/09\/Hit-Mobile-300x297-80x80.png 80w, https:\/\/hit-tracking.com\/wp-content\/uploads\/2018\/09\/Hit-Mobile-300x297-36x36.png 36w, https:\/\/hit-tracking.com\/wp-content\/uploads\/2018\/09\/Hit-Mobile-300x297-120x120.png 120w\" sizes=\"(max-width: 300px) 100vw, 300px\" \/><\/a><\/div><\/div><\/div><\/div>\n<style type=\"text\/css\" data-created_by=\"avia_inline_auto\" id=\"style-css-av-2vncs-deaf584968e0417601f7933252b9b02e\">\n.flex_column.av-2vncs-deaf584968e0417601f7933252b9b02e{\nborder-radius:0px 0px 0px 0px;\n-webkit-border-radius:0px 0px 0px 0px;\n-moz-border-radius:0px 0px 0px 0px;\n}\n<\/style>\n<div class='flex_column av-2vncs-deaf584968e0417601f7933252b9b02e av_one_fourth  avia-builder-el-24  el_after_av_one_fourth  el_before_av_one_fourth  first flex_column_div av-zero-column-padding column-top-margin'   ><style type=\"text\/css\" data-created_by=\"avia_inline_auto\" id=\"style-css-av-k0zdf7qw-f7e19096d6284c5c7c21dc48c5c9e53d\">\n.avia-image-container.av-k0zdf7qw-f7e19096d6284c5c7c21dc48c5c9e53d .av-image-caption-overlay-center{\ncolor:#ffffff;\n}\n<\/style>\n<div  class='avia-image-container av-k0zdf7qw-f7e19096d6284c5c7c21dc48c5c9e53d av-styling- avia_animated_image avia_animate_when_almost_visible left-to-right avia-align-right  avia-builder-el-25  avia-builder-el-no-sibling '  itemprop=\"image\" itemscope=\"itemscope\" itemtype=\"https:\/\/schema.org\/ImageObject\" ><div class=\"avia-image-container-inner\"><div class=\"avia-image-overlay-wrap\"><a href=\"https:\/\/www.hit-market.eu\" class='avia_image' target=\"_blank\" rel=\"noopener noreferrer\"><img class='wp-image-170 avia-img-lazy-loading-not-170 avia_image' src=\"https:\/\/hit-tracking.com\/wp-content\/uploads\/2018\/09\/hit-market-300x300.png\" alt='' title='hit-market-300x300'  height=\"300\" width=\"300\"  itemprop=\"thumbnailUrl\" srcset=\"https:\/\/hit-tracking.com\/wp-content\/uploads\/2018\/09\/hit-market-300x300.png 300w, https:\/\/hit-tracking.com\/wp-content\/uploads\/2018\/09\/hit-market-300x300-80x80.png 80w, https:\/\/hit-tracking.com\/wp-content\/uploads\/2018\/09\/hit-market-300x300-36x36.png 36w, https:\/\/hit-tracking.com\/wp-content\/uploads\/2018\/09\/hit-market-300x300-180x180.png 180w, https:\/\/hit-tracking.com\/wp-content\/uploads\/2018\/09\/hit-market-300x300-120x120.png 120w\" sizes=\"(max-width: 300px) 100vw, 300px\" \/><\/a><\/div><\/div><\/div><\/div>\n<style type=\"text\/css\" data-created_by=\"avia_inline_auto\" id=\"style-css-av-20jdc-2a07336e0a17dc89bf56747392b60826\">\n.flex_column.av-20jdc-2a07336e0a17dc89bf56747392b60826{\nborder-radius:0px 0px 0px 0px;\n-webkit-border-radius:0px 0px 0px 0px;\n-moz-border-radius:0px 0px 0px 0px;\n}\n<\/style>\n<div class='flex_column av-20jdc-2a07336e0a17dc89bf56747392b60826 av_one_fourth  avia-builder-el-26  el_after_av_one_fourth  el_before_av_one_fourth  flex_column_div av-zero-column-padding column-top-margin'   ><section  class='av_textblock_section av-k0zdfdqn-8f2716ecec430cb644eaa742e0ab1e02'  itemscope=\"itemscope\" itemtype=\"https:\/\/schema.org\/CreativeWork\" ><div class='avia_textblock'  itemprop=\"text\" ><p>Ficos se sp\u00e9cialise \u00e9galement dans le d\u00e9veloppement de solutions WEB. Hit-Market est une plateforme de demande de prix entre entrepreneurs et sous-traitants permettant d\u2019envoyer et de compl\u00e9ter directement le m\u00e9tr\u00e9 et transf\u00e9rer des documents.<\/p>\n<\/div><\/section><\/div>\n<style type=\"text\/css\" data-created_by=\"avia_inline_auto\" id=\"style-css-av-1ajn8-7a6afae61354ff72b5e1ad7c89faa94e\">\n.flex_column.av-1ajn8-7a6afae61354ff72b5e1ad7c89faa94e{\nborder-radius:0px 0px 0px 0px;\n-webkit-border-radius:0px 0px 0px 0px;\n-moz-border-radius:0px 0px 0px 0px;\n}\n<\/style>\n<div class='flex_column av-1ajn8-7a6afae61354ff72b5e1ad7c89faa94e av_one_fourth  avia-builder-el-28  el_after_av_one_fourth  el_before_av_one_fourth  flex_column_div av-zero-column-padding column-top-margin'   ><section  class='av_textblock_section av-k0zdfdqn-8f2716ecec430cb644eaa742e0ab1e02'  itemscope=\"itemscope\" itemtype=\"https:\/\/schema.org\/CreativeWork\" ><div class='avia_textblock'  itemprop=\"text\" ><p>Hit-Clock est une application mobile en fonction \u201cStart-Stop\u201d qui a \u00e9t\u00e9 d\u00e9velopp\u00e9e pour vous aider \u00e0 g\u00e9rer votre activit\u00e9. Vous pouvez g\u00e9rer les entr\u00e9es et sorties de vos ouvriers sur un chantier en un simple geste. Simple et efficace, elle vous guide dans la gestion de vos \u00e9quipes et l\u2019encodage de leurs heures de travail.<\/p>\n<\/div><\/section><\/div>\n<style type=\"text\/css\" data-created_by=\"avia_inline_auto\" id=\"style-css-av-13dgs-ba759f90e774da9a81cf509bbbe989cf\">\n.flex_column.av-13dgs-ba759f90e774da9a81cf509bbbe989cf{\nborder-radius:0px 0px 0px 0px;\n-webkit-border-radius:0px 0px 0px 0px;\n-moz-border-radius:0px 0px 0px 0px;\n}\n<\/style>\n<div class='flex_column av-13dgs-ba759f90e774da9a81cf509bbbe989cf av_one_fourth  avia-builder-el-30  el_after_av_one_fourth  avia-builder-el-last  flex_column_div av-zero-column-padding column-top-margin'   ><style type=\"text\/css\" data-created_by=\"avia_inline_auto\" id=\"style-css-av-k0zdf7qw-5c8fc3dd87ad768038c69a2976e69397\">\n.avia-image-container.av-k0zdf7qw-5c8fc3dd87ad768038c69a2976e69397 .av-image-caption-overlay-center{\ncolor:#ffffff;\n}\n<\/style>\n<div  class='avia-image-container av-k0zdf7qw-5c8fc3dd87ad768038c69a2976e69397 av-styling- avia_animated_image avia_animate_when_almost_visible right-to-left avia-align-left  avia-builder-el-31  avia-builder-el-no-sibling '  itemprop=\"image\" itemscope=\"itemscope\" itemtype=\"https:\/\/schema.org\/ImageObject\" ><div class=\"avia-image-container-inner\"><div class=\"avia-image-overlay-wrap\"><a href=\"https:\/\/www.hit-clock.com\" class='avia_image' target=\"_blank\" rel=\"noopener noreferrer\"><img class='wp-image-169 avia-img-lazy-loading-not-169 avia_image' src=\"https:\/\/hit-tracking.com\/wp-content\/uploads\/2018\/09\/hit-clock-300x300-300x299.png\" alt='' title='hit-clock-300x300'  height=\"299\" width=\"300\"  itemprop=\"thumbnailUrl\" srcset=\"https:\/\/hit-tracking.com\/wp-content\/uploads\/2018\/09\/hit-clock-300x300.png 300w, https:\/\/hit-tracking.com\/wp-content\/uploads\/2018\/09\/hit-clock-300x300-80x80.png 80w, https:\/\/hit-tracking.com\/wp-content\/uploads\/2018\/09\/hit-clock-300x300-36x36.png 36w, https:\/\/hit-tracking.com\/wp-content\/uploads\/2018\/09\/hit-clock-300x300-180x180.png 180w, https:\/\/hit-tracking.com\/wp-content\/uploads\/2018\/09\/hit-clock-300x300-120x120.png 120w\" sizes=\"(max-width: 300px) 100vw, 300px\" \/><\/a><\/div><\/div><\/div><\/div>\n","protected":false},"excerpt":{"rendered":"","protected":false},"author":4,"featured_media":0,"parent":0,"menu_order":0,"comment_status":"closed","ping_status":"closed","template":"","meta":[],"_links":{"self":[{"href":"https:\/\/hit-tracking.com\/fr\/wp-json\/wp\/v2\/pages\/36"}],"collection":[{"href":"https:\/\/hit-tracking.com\/fr\/wp-json\/wp\/v2\/pages"}],"about":[{"href":"https:\/\/hit-tracking.com\/fr\/wp-json\/wp\/v2\/types\/page"}],"author":[{"embeddable":true,"href":"https:\/\/hit-tracking.com\/fr\/wp-json\/wp\/v2\/users\/4"}],"replies":[{"embeddable":true,"href":"https:\/\/hit-tracking.com\/fr\/wp-json\/wp\/v2\/comments?post=36"}],"version-history":[{"count":7,"href":"https:\/\/hit-tracking.com\/fr\/wp-json\/wp\/v2\/pages\/36\/revisions"}],"predecessor-version":[{"id":1520,"href":"https:\/\/hit-tracking.com\/fr\/wp-json\/wp\/v2\/pages\/36\/revisions\/1520"}],"wp:attachment":[{"href":"https:\/\/hit-tracking.com\/fr\/wp-json\/wp\/v2\/media?parent=36"}],"curies":[{"name":"wp","href":"https:\/\/api.w.org\/{rel}","templated":true}]}}