{"id":66,"date":"2018-09-03T16:49:06","date_gmt":"2018-09-03T14:49:06","guid":{"rendered":"http:\/\/new.hit-tracking.com\/?page_id=66"},"modified":"2020-01-13T13:29:27","modified_gmt":"2020-01-13T12:29:27","slug":"geolocalisation-smartphone","status":"publish","type":"page","link":"https:\/\/hit-tracking.com\/fr\/geolocalisation-smartphone\/","title":{"rendered":"Hit-Tracking Smartphone"},"content":{"rendered":"\n<style type=\"text\/css\" data-created_by=\"avia_inline_auto\" id=\"style-css-av-av_heading-e75e937c3e368f4f88e2047e42490d53\">\n#top .av-special-heading.av-av_heading-e75e937c3e368f4f88e2047e42490d53{\npadding-bottom:10px;\ncolor:#ffffff;\nfont-size:40px;\n}\nbody .av-special-heading.av-av_heading-e75e937c3e368f4f88e2047e42490d53 .av-special-heading-tag .heading-char{\nfont-size:25px;\n}\n#top #wrap_all .av-special-heading.av-av_heading-e75e937c3e368f4f88e2047e42490d53 .av-special-heading-tag{\nfont-size:40px;\n}\n.av-special-heading.av-av_heading-e75e937c3e368f4f88e2047e42490d53 .special-heading-inner-border{\nborder-color:#ffffff;\n}\n.av-special-heading.av-av_heading-e75e937c3e368f4f88e2047e42490d53 .av-subheading{\nfont-size:30px;\n}\n<\/style>\n<div  class='av-special-heading av-av_heading-e75e937c3e368f4f88e2047e42490d53 av-special-heading-h1 custom-color-heading blockquote modern-quote modern-centered  avia-builder-el-0  el_before_av_hr  avia-builder-el-first  av-inherit-size'><h1 class='av-special-heading-tag'  itemprop=\"headline\"  >G\u00e9olocalisation par smartphone<\/h1><div class='av_custom_color av-subheading av-subheading_below'><p>La g\u00e9olocalisation \u00e0 partir d&rsquo;une application<\/p>\n<\/div><div class=\"special-heading-border\"><div class=\"special-heading-inner-border\"><\/div><\/div><\/div>\n\n<style type=\"text\/css\" data-created_by=\"avia_inline_auto\" id=\"style-css-av-jlncwmfy-d89e09ce574812a0eff766fdcdbe36b3\">\n#top .hr.av-jlncwmfy-d89e09ce574812a0eff766fdcdbe36b3{\nmargin-top:30px;\nmargin-bottom:30px;\n}\n.hr.av-jlncwmfy-d89e09ce574812a0eff766fdcdbe36b3 .hr-inner{\nwidth:70px;\nborder-color:#ffffff;\nmax-width:45%;\n}\n.hr.av-jlncwmfy-d89e09ce574812a0eff766fdcdbe36b3 .av-seperator-icon{\ncolor:#19a3b2;\n}\n<\/style>\n<div  class='hr av-jlncwmfy-d89e09ce574812a0eff766fdcdbe36b3 hr-custom  avia-builder-el-1  el_after_av_heading  el_before_av_layout_row  avia-builder-el-last  hr-center hr-icon-yes'><span class='hr-inner inner-border-av-border-fat'><span class=\"hr-inner-style\"><\/span><\/span><span class='av-seperator-icon' aria-hidden='true' data-av_icon='\ue826' data-av_iconfont='entypo-fontello'><\/span><span class='hr-inner inner-border-av-border-fat'><span class=\"hr-inner-style\"><\/span><\/span><\/div>\n<\/div><\/div><\/div><!-- close content main div --><\/div><\/div><div id='av-layout-grid-1'  class='av-layout-grid-container av-8fdko-6ee1f068c8193e2746facd613c209691 entry-content-wrapper main_color av-flex-cells  avia-builder-el-2  el_after_av_hr  el_before_av_section  grid-row-not-first  container_wrap fullsize'  >\n<div class='flex_cell av_one_full av-85rw8-9873cd86e0ef0bda907a2f337493f756 no_margin  avia-builder-el-3  avia-builder-el-no-sibling ' ><div class='flex_cell_inner'><p>\n<style type=\"text\/css\" data-created_by=\"avia_inline_auto\" id=\"style-css-av-6fcd4-3ba579cc301a6434eac1d404cf0b3a99\">\n.flex_column.av-6fcd4-3ba579cc301a6434eac1d404cf0b3a99{\nborder-radius:0px 0px 0px 0px;\n-webkit-border-radius:0px 0px 0px 0px;\n-moz-border-radius:0px 0px 0px 0px;\n}\n<\/style>\n<div class='flex_column av-6fcd4-3ba579cc301a6434eac1d404cf0b3a99 av_one_half  avia-builder-el-4  el_before_av_one_half  avia-builder-el-first  first flex_column_div av-zero-column-padding '   ><p>\n<style type=\"text\/css\" data-created_by=\"avia_inline_auto\" id=\"style-css-av-av_heading-7f1454482a5ffca83aa56e2814febe20\">\n#top .av-special-heading.av-av_heading-7f1454482a5ffca83aa56e2814febe20{\npadding-bottom:10px;\ncolor:#45494d;\nfont-size:35px;\n}\nbody .av-special-heading.av-av_heading-7f1454482a5ffca83aa56e2814febe20 .av-special-heading-tag .heading-char{\nfont-size:25px;\n}\n#top #wrap_all .av-special-heading.av-av_heading-7f1454482a5ffca83aa56e2814febe20 .av-special-heading-tag{\nfont-size:35px;\n}\n.av-special-heading.av-av_heading-7f1454482a5ffca83aa56e2814febe20 .special-heading-inner-border{\nborder-color:#45494d;\n}\n.av-special-heading.av-av_heading-7f1454482a5ffca83aa56e2814febe20 .av-subheading{\nfont-size:15px;\n}\n<\/style>\n<div  class='av-special-heading av-av_heading-7f1454482a5ffca83aa56e2814febe20 av-special-heading-h2 custom-color-heading blockquote modern-quote modern-centered  avia-builder-el-5  el_before_av_textblock  avia-builder-el-first  av-inherit-size'><h2 class='av-special-heading-tag'  itemprop=\"headline\"  >En quoi \u00e7a consiste?<\/h2><div class=\"special-heading-border\"><div class=\"special-heading-inner-border\"><\/div><\/div><\/div><br \/>\n\n<style type=\"text\/css\" data-created_by=\"avia_inline_auto\" id=\"style-css-av-jlnd1ee2-b7e557176e06cb022a3713a58d0c6d22\">\n#top .av_textblock_section.av-jlnd1ee2-b7e557176e06cb022a3713a58d0c6d22 .avia_textblock{\nfont-size:25px;\n}\n<\/style>\n<section  class='av_textblock_section av-jlnd1ee2-b7e557176e06cb022a3713a58d0c6d22'  itemscope=\"itemscope\" itemtype=\"https:\/\/schema.org\/CreativeWork\" ><div class='avia_textblock'  itemprop=\"text\" ><p style=\"text-align: justify;\"><a href=\"https:\/\/play.google.com\/store\/apps\/details?id=com.ficos.hit_tracking.full\" target=\"_blank\" rel=\"noopener noreferrer\">L&rsquo;application mobile Hit-Tracking\u00a0\u00a0<\/a>vous permet de profiter de l&rsquo;int\u00e9gralit\u00e9 des fonctions de la plateforme web sur votre smartphone.<\/p>\n<p>Vous aurez alors la possibilit\u00e9 de vous\u00a0g\u00e9olocaliser directement, depuis un smartphone, de suivre vos d\u00e9placements ainsi que ceux de votre \u00e9quipe ou de vos proches.<\/p>\n<\/div><\/section><br \/>\n\n<style type=\"text\/css\" data-created_by=\"avia_inline_auto\" id=\"style-css-av-jlnjyd15-e24ba03e6664e0af5985946c29a60bfa\">\n.avia-image-container.av-jlnjyd15-e24ba03e6664e0af5985946c29a60bfa .av-image-caption-overlay-center{\ncolor:#ffffff;\n}\n<\/style>\n<div  class='avia-image-container av-jlnjyd15-e24ba03e6664e0af5985946c29a60bfa av-styling-circle avia-align-center  avia-builder-el-7  el_after_av_textblock  avia-builder-el-last '  itemprop=\"image\" itemscope=\"itemscope\" itemtype=\"https:\/\/schema.org\/ImageObject\" ><div class=\"avia-image-container-inner\"><div class=\"avia-image-overlay-wrap\"><a href=\"https:\/\/play.google.com\/store\/apps\/details?id=com.ficos.hit_tracking.full\" class='avia_image' target=\"_blank\" rel=\"noopener noreferrer\"><img class='wp-image-161 avia-img-lazy-loading-not-161 avia_image' src=\"https:\/\/hit-tracking.com\/wp-content\/uploads\/2018\/09\/Google-play-hit-tracking-300x98.png\" alt='' title='Google-play-hit-tracking'  height=\"98\" width=\"300\"  itemprop=\"thumbnailUrl\" srcset=\"https:\/\/hit-tracking.com\/wp-content\/uploads\/2018\/09\/Google-play-hit-tracking-300x98.png 300w, https:\/\/hit-tracking.com\/wp-content\/uploads\/2018\/09\/Google-play-hit-tracking-768x251.png 768w, https:\/\/hit-tracking.com\/wp-content\/uploads\/2018\/09\/Google-play-hit-tracking-705x230.png 705w, https:\/\/hit-tracking.com\/wp-content\/uploads\/2018\/09\/Google-play-hit-tracking-450x147.png 450w, https:\/\/hit-tracking.com\/wp-content\/uploads\/2018\/09\/Google-play-hit-tracking.png 866w\" sizes=\"(max-width: 300px) 100vw, 300px\" \/><\/a><\/div><\/div><\/div><\/p><\/div>\n<style type=\"text\/css\" data-created_by=\"avia_inline_auto\" id=\"style-css-av-6t84s-e9b28bd348df4e5033e6f2db51cf98ab\">\n.flex_column.av-6t84s-e9b28bd348df4e5033e6f2db51cf98ab{\nborder-radius:0px 0px 0px 0px;\n-webkit-border-radius:0px 0px 0px 0px;\n-moz-border-radius:0px 0px 0px 0px;\n}\n<\/style>\n<div class='flex_column av-6t84s-e9b28bd348df4e5033e6f2db51cf98ab av_one_half  avia-builder-el-8  el_after_av_one_half  avia-builder-el-last  flex_column_div av-zero-column-padding '   ><style type=\"text\/css\" data-created_by=\"avia_inline_auto\" id=\"style-css-av-jlnd8moa-5127eef6b7bc7e8187df866d1c3ee87c\">\n.avia-image-container.av-jlnd8moa-5127eef6b7bc7e8187df866d1c3ee87c .av-image-caption-overlay-center{\ncolor:#ffffff;\n}\n<\/style>\n<div  class='avia-image-container av-jlnd8moa-5127eef6b7bc7e8187df866d1c3ee87c av-styling-circle avia_animated_image avia_animate_when_almost_visible fade-in avia-align-center  avia-builder-el-9  avia-builder-el-no-sibling '  itemprop=\"image\" itemscope=\"itemscope\" itemtype=\"https:\/\/schema.org\/ImageObject\" ><div class=\"avia-image-container-inner\"><div class=\"avia-image-overlay-wrap\"><a href=\"https:\/\/play.google.com\/store\/apps\/details?id=com.ficos.hit_tracking.full\" class='avia_image' target=\"_blank\" rel=\"noopener noreferrer\"><img class='wp-image-160 avia-img-lazy-loading-not-160 avia_image' src=\"https:\/\/hit-tracking.com\/wp-content\/uploads\/2018\/09\/Hit-Clock-smartphone.png\" alt='' title='Hit-Clock-smartphone'  height=\"420\" width=\"314\"  itemprop=\"thumbnailUrl\" srcset=\"https:\/\/hit-tracking.com\/wp-content\/uploads\/2018\/09\/Hit-Clock-smartphone.png 314w, https:\/\/hit-tracking.com\/wp-content\/uploads\/2018\/09\/Hit-Clock-smartphone-224x300.png 224w\" sizes=\"(max-width: 314px) 100vw, 314px\" \/><\/a><\/div><\/div><\/div><\/div><\/p>\n<\/div><\/div><\/div>\n<style type=\"text\/css\" data-created_by=\"avia_inline_auto\" id=\"style-css-av-jlngp16d-d0b7688a1a4d6477b495d582db0069d5\">\n.avia-section.av-jlngp16d-d0b7688a1a4d6477b495d582db0069d5{\nbackground-color:#292825;\n}\n.avia-section.av-jlngp16d-d0b7688a1a4d6477b495d582db0069d5 .av-extra-border-element .av-extra-border-inner{\nbackground-color:#292825;\n}\n<\/style>\n<div id='av_section_1'  class='avia-section av-jlngp16d-d0b7688a1a4d6477b495d582db0069d5 main_color avia-section-default avia-no-border-styling  avia-builder-el-10  el_after_av_layout_row  avia-builder-el-last  avia-bg-style-scroll av-arrow-down-section av-minimum-height av-minimum-height-custom  container_wrap fullsize'  ><div class='container av-section-cont-open' style='height:100px'><div class='template-page content  av-content-full alpha units'><div class='post-entry post-entry-type-page post-entry-66'><div class='entry-content-wrapper clearfix'><\/p>\n","protected":false},"excerpt":{"rendered":"","protected":false},"author":2,"featured_media":0,"parent":0,"menu_order":0,"comment_status":"closed","ping_status":"closed","template":"","meta":[],"_links":{"self":[{"href":"https:\/\/hit-tracking.com\/fr\/wp-json\/wp\/v2\/pages\/66"}],"collection":[{"href":"https:\/\/hit-tracking.com\/fr\/wp-json\/wp\/v2\/pages"}],"about":[{"href":"https:\/\/hit-tracking.com\/fr\/wp-json\/wp\/v2\/types\/page"}],"author":[{"embeddable":true,"href":"https:\/\/hit-tracking.com\/fr\/wp-json\/wp\/v2\/users\/2"}],"replies":[{"embeddable":true,"href":"https:\/\/hit-tracking.com\/fr\/wp-json\/wp\/v2\/comments?post=66"}],"version-history":[{"count":8,"href":"https:\/\/hit-tracking.com\/fr\/wp-json\/wp\/v2\/pages\/66\/revisions"}],"predecessor-version":[{"id":2007,"href":"https:\/\/hit-tracking.com\/fr\/wp-json\/wp\/v2\/pages\/66\/revisions\/2007"}],"wp:attachment":[{"href":"https:\/\/hit-tracking.com\/fr\/wp-json\/wp\/v2\/media?parent=66"}],"curies":[{"name":"wp","href":"https:\/\/api.w.org\/{rel}","templated":true}]}}