{"id":1135,"date":"2019-12-09T12:17:52","date_gmt":"2019-12-09T11:17:52","guid":{"rendered":"http:\/\/new.hit-tracking.com\/onze-andere-oplossingen\/"},"modified":"2021-08-02T13:40:35","modified_gmt":"2021-08-02T11:40:35","slug":"onze-andere-oplossingen","status":"publish","type":"page","link":"https:\/\/hit-tracking.com\/nl\/onze-andere-oplossingen\/","title":{"rendered":"Onze andere oplossingen"},"content":{"rendered":"\n<style type=\"text\/css\" data-created_by=\"avia_inline_auto\" id=\"style-css-av-1ry6s-b62002fbcc8a8eefef8e2078279b8c57\">\n#top .av-special-heading.av-1ry6s-b62002fbcc8a8eefef8e2078279b8c57{\npadding-bottom:10px;\ncolor:#ffffff;\nfont-size:40px;\n}\nbody .av-special-heading.av-1ry6s-b62002fbcc8a8eefef8e2078279b8c57 .av-special-heading-tag .heading-char{\nfont-size:25px;\n}\n#top #wrap_all .av-special-heading.av-1ry6s-b62002fbcc8a8eefef8e2078279b8c57 .av-special-heading-tag{\nfont-size:40px;\n}\n.av-special-heading.av-1ry6s-b62002fbcc8a8eefef8e2078279b8c57 .special-heading-inner-border{\nborder-color:#ffffff;\n}\n.av-special-heading.av-1ry6s-b62002fbcc8a8eefef8e2078279b8c57 .av-subheading{\nfont-size:15px;\n}\n<\/style>\n<div  class='av-special-heading av-1ry6s-b62002fbcc8a8eefef8e2078279b8c57 av-special-heading-h1 custom-color-heading blockquote modern-quote modern-centered  avia-builder-el-0  el_before_av_hr  avia-builder-el-first  av-inherit-size'><h1 class='av-special-heading-tag'  itemprop=\"headline\"  >FICOS: DE INFORMATICA EXPERT VAN DE CONSTRUCTIE<\/h1><div class=\"special-heading-border\"><div class=\"special-heading-inner-border\"><\/div><\/div><\/div>\n\n<style type=\"text\/css\" data-created_by=\"avia_inline_auto\" id=\"style-css-av-jlncwmfy-08280a8766a812780eff43bcf2f54646\">\n#top .hr.av-jlncwmfy-08280a8766a812780eff43bcf2f54646{\nmargin-top:30px;\nmargin-bottom:30px;\n}\n.hr.av-jlncwmfy-08280a8766a812780eff43bcf2f54646 .hr-inner{\nwidth:70px;\nborder-color:#ffffff;\nmax-width:45%;\n}\n.hr.av-jlncwmfy-08280a8766a812780eff43bcf2f54646 .av-seperator-icon{\ncolor:#19a3b2;\n}\n<\/style>\n<div  class='hr av-jlncwmfy-08280a8766a812780eff43bcf2f54646 hr-custom  avia-builder-el-1  el_after_av_heading  el_before_av_section  avia-builder-el-last  hr-center hr-icon-yes'><span class='hr-inner inner-border-av-border-fat'><span class=\"hr-inner-style\"><\/span><\/span><span class='av-seperator-icon' aria-hidden='true' data-av_icon='\ue82b' data-av_iconfont='entypo-fontello'><\/span><span class='hr-inner inner-border-av-border-fat'><span class=\"hr-inner-style\"><\/span><\/span><\/div>\n<\/div><\/div><\/div><!-- close content main div --><\/div><\/div><div id='av_section_1'  class='avia-section av-b9wao-78dbe5980aced122ed0b3e3082225b9f main_color avia-section-default avia-no-border-styling  avia-builder-el-2  el_after_av_hr  el_before_av_section  avia-bg-style-scroll container_wrap fullsize'  ><div class='container av-section-cont-open' ><div class='template-page content  av-content-full alpha units'><div class='post-entry post-entry-type-page post-entry-1135'><div class='entry-content-wrapper clearfix'>\n\n<style type=\"text\/css\" data-created_by=\"avia_inline_auto\" id=\"style-css-av-abmf8-9b43fce6c51bb45310b1fa41066dad73\">\n.flex_column.av-abmf8-9b43fce6c51bb45310b1fa41066dad73{\nborder-radius:0px 0px 0px 0px;\n-webkit-border-radius:0px 0px 0px 0px;\n-moz-border-radius:0px 0px 0px 0px;\n}\n<\/style>\n<div class='flex_column av-abmf8-9b43fce6c51bb45310b1fa41066dad73 av_one_fifth  avia-builder-el-3  el_before_av_three_fifth  avia-builder-el-first  first flex_column_div av-zero-column-padding '   ><\/div>\n<style type=\"text\/css\" data-created_by=\"avia_inline_auto\" id=\"style-css-av-9m7x0-b61571fc64e0aa939f1fa46e06c0b049\">\n.flex_column.av-9m7x0-b61571fc64e0aa939f1fa46e06c0b049{\nborder-radius:0px 0px 0px 0px;\n-webkit-border-radius:0px 0px 0px 0px;\n-moz-border-radius:0px 0px 0px 0px;\n}\n<\/style>\n<div class='flex_column av-9m7x0-b61571fc64e0aa939f1fa46e06c0b049 av_three_fifth  avia-builder-el-4  el_after_av_one_fifth  el_before_av_one_fifth  flex_column_div av-zero-column-padding '   ><p>\n<style type=\"text\/css\" data-created_by=\"avia_inline_auto\" id=\"style-css-av-jlnmp8lp-8cff48a72a1e28942f10ff7d2f8dc588\">\n#top .av-special-heading.av-jlnmp8lp-8cff48a72a1e28942f10ff7d2f8dc588{\npadding-bottom:10px;\ncolor:#45494d;\nfont-size:35px;\n}\nbody .av-special-heading.av-jlnmp8lp-8cff48a72a1e28942f10ff7d2f8dc588 .av-special-heading-tag .heading-char{\nfont-size:25px;\n}\n#top #wrap_all .av-special-heading.av-jlnmp8lp-8cff48a72a1e28942f10ff7d2f8dc588 .av-special-heading-tag{\nfont-size:35px;\n}\n.av-special-heading.av-jlnmp8lp-8cff48a72a1e28942f10ff7d2f8dc588 .special-heading-inner-border{\nborder-color:#45494d;\n}\n.av-special-heading.av-jlnmp8lp-8cff48a72a1e28942f10ff7d2f8dc588 .av-subheading{\nfont-size:15px;\n}\n<\/style>\n<div  class='av-special-heading av-jlnmp8lp-8cff48a72a1e28942f10ff7d2f8dc588 av-special-heading-h2 custom-color-heading blockquote modern-quote  avia-builder-el-5  el_before_av_textblock  avia-builder-el-first  av-inherit-size'><h2 class='av-special-heading-tag'  itemprop=\"headline\"  >ONS BEDRIJF<\/h2><div class=\"special-heading-border\"><div class=\"special-heading-inner-border\"><\/div><\/div><\/div><br \/>\n<section  class='av_textblock_section av-jlnmph17-2133b14a20866efbc1f9dd21b8d966ee'  itemscope=\"itemscope\" itemtype=\"https:\/\/schema.org\/CreativeWork\" ><div class='avia_textblock'  itemprop=\"text\" ><p>Ficos Luxemburg is de informatica group van het bouwbedrijf HP-Linden van Sankt-Vith. Onze missie is het optimaliseren van processen van bouwbedrijven via het volgende actieplan:<\/p>\n<ul>\n<li>Audit van uw bestaande systeem<\/li>\n<li>Installatie van producten aangepast aan uw bedrijf<\/li>\n<li>We begeleiden u bij het gebruik van onze producten (coaching &#8211; opleiding)<\/li>\n<\/ul>\n\n<\/div><\/section><\/p><\/div>\n<style type=\"text\/css\" data-created_by=\"avia_inline_auto\" id=\"style-css-av-8zn9g-a5a208b43f4390d09e7be2392960d9f3\">\n.flex_column.av-8zn9g-a5a208b43f4390d09e7be2392960d9f3{\nborder-radius:0px 0px 0px 0px;\n-webkit-border-radius:0px 0px 0px 0px;\n-moz-border-radius:0px 0px 0px 0px;\n}\n<\/style>\n<div class='flex_column av-8zn9g-a5a208b43f4390d09e7be2392960d9f3 av_one_fifth  avia-builder-el-7  el_after_av_three_fifth  el_before_av_one_fifth  flex_column_div av-zero-column-padding '   ><\/div>\n<style type=\"text\/css\" data-created_by=\"avia_inline_auto\" id=\"style-css-av-8u9z4-a9540c9dadedc7183b7bc1816d2a7241\">\n.flex_column.av-8u9z4-a9540c9dadedc7183b7bc1816d2a7241{\nborder-radius:0px 0px 0px 0px;\n-webkit-border-radius:0px 0px 0px 0px;\n-moz-border-radius:0px 0px 0px 0px;\n}\n<\/style>\n<div class='flex_column av-8u9z4-a9540c9dadedc7183b7bc1816d2a7241 av_one_fifth  avia-builder-el-8  el_after_av_one_fifth  el_before_av_three_fifth  first flex_column_div av-zero-column-padding column-top-margin'   ><\/div>\n<style type=\"text\/css\" data-created_by=\"avia_inline_auto\" id=\"style-css-av-81w50-2e6a7096891fd2d56fcd94adc6f47db3\">\n.flex_column.av-81w50-2e6a7096891fd2d56fcd94adc6f47db3{\nborder-radius:0px 0px 0px 0px;\n-webkit-border-radius:0px 0px 0px 0px;\n-moz-border-radius:0px 0px 0px 0px;\n}\n<\/style>\n<div class='flex_column av-81w50-2e6a7096891fd2d56fcd94adc6f47db3 av_three_fifth  avia-builder-el-9  el_after_av_one_fifth  el_before_av_one_fifth  flex_column_div av-zero-column-padding column-top-margin'   ><p>\n<style type=\"text\/css\" data-created_by=\"avia_inline_auto\" id=\"style-css-av-jlnmp8lp-99f8ebda419bb2ad9c6f443c77043e42\">\n#top .av-special-heading.av-jlnmp8lp-99f8ebda419bb2ad9c6f443c77043e42{\npadding-bottom:10px;\ncolor:#45494d;\nfont-size:35px;\n}\nbody .av-special-heading.av-jlnmp8lp-99f8ebda419bb2ad9c6f443c77043e42 .av-special-heading-tag .heading-char{\nfont-size:25px;\n}\n#top #wrap_all .av-special-heading.av-jlnmp8lp-99f8ebda419bb2ad9c6f443c77043e42 .av-special-heading-tag{\nfont-size:35px;\n}\n.av-special-heading.av-jlnmp8lp-99f8ebda419bb2ad9c6f443c77043e42 .special-heading-inner-border{\nborder-color:#45494d;\n}\n.av-special-heading.av-jlnmp8lp-99f8ebda419bb2ad9c6f443c77043e42 .av-subheading{\nfont-size:15px;\n}\n<\/style>\n<div  class='av-special-heading av-jlnmp8lp-99f8ebda419bb2ad9c6f443c77043e42 av-special-heading-h2 custom-color-heading blockquote modern-quote  avia-builder-el-10  el_before_av_textblock  avia-builder-el-first  av-inherit-size'><h2 class='av-special-heading-tag'  itemprop=\"headline\"  >ONZE MISSIE<\/h2><div class=\"special-heading-border\"><div class=\"special-heading-inner-border\"><\/div><\/div><\/div><br \/>\n<section  class='av_textblock_section av-jlnmph17-2133b14a20866efbc1f9dd21b8d966ee'  itemscope=\"itemscope\" itemtype=\"https:\/\/schema.org\/CreativeWork\" ><div class='avia_textblock'  itemprop=\"text\" ><p>Onze missie is het verbeteren van de operationele beheer van alle medewerkers in de bouwsector.<\/p>\n<p>Anders gezegd, Ficos verwacht in de komende jaren, zich te profileren en een leider te worden op de IT markt in de bouwsector van Belgi\u00eb en Luxemburg. We hopen ook onze activiteiten in het buitenland uit te breiden, hoewel we al aanwezig zijn in veel landen over de hele wereld.<\/p>\n<\/div><\/section><\/p><\/div>\n<style type=\"text\/css\" data-created_by=\"avia_inline_auto\" id=\"style-css-av-7bjzo-4ad7a8fd2fbde0e97cb22ee26a7d6b72\">\n.flex_column.av-7bjzo-4ad7a8fd2fbde0e97cb22ee26a7d6b72{\nborder-radius:0px 0px 0px 0px;\n-webkit-border-radius:0px 0px 0px 0px;\n-moz-border-radius:0px 0px 0px 0px;\n}\n<\/style>\n<div class='flex_column av-7bjzo-4ad7a8fd2fbde0e97cb22ee26a7d6b72 av_one_fifth  avia-builder-el-12  el_after_av_three_fifth  avia-builder-el-last  flex_column_div av-zero-column-padding column-top-margin'   ><\/div>\n\n<\/div><\/div><\/div><!-- close content main div --><\/div><\/div><div id='av_section_2'  class='avia-section av-6pnes-ace35a6ab2d34397c1432b988e16f3b0 main_color avia-section-default avia-no-border-styling  avia-builder-el-13  el_after_av_section  el_before_av_section  avia-bg-style-scroll container_wrap fullsize'  ><div class='container av-section-cont-open' ><div class='template-page content  av-content-full alpha units'><div class='post-entry post-entry-type-page post-entry-1135'><div class='entry-content-wrapper clearfix'>\n\n<style type=\"text\/css\" data-created_by=\"avia_inline_auto\" id=\"style-css-av-jlnmry8n-fb45d309a7006097317388ff8da2a213\">\n#top .av-special-heading.av-jlnmry8n-fb45d309a7006097317388ff8da2a213{\npadding-bottom:10px;\ncolor:#45494d;\nfont-size:35px;\n}\nbody .av-special-heading.av-jlnmry8n-fb45d309a7006097317388ff8da2a213 .av-special-heading-tag .heading-char{\nfont-size:25px;\n}\n#top #wrap_all .av-special-heading.av-jlnmry8n-fb45d309a7006097317388ff8da2a213 .av-special-heading-tag{\nfont-size:35px;\n}\n.av-special-heading.av-jlnmry8n-fb45d309a7006097317388ff8da2a213 .special-heading-inner-border{\nborder-color:#45494d;\n}\n.av-special-heading.av-jlnmry8n-fb45d309a7006097317388ff8da2a213 .av-subheading{\nfont-size:15px;\n}\n<\/style>\n<div  class='av-special-heading av-jlnmry8n-fb45d309a7006097317388ff8da2a213 av-special-heading-h2 custom-color-heading blockquote modern-quote modern-centered  avia-builder-el-14  avia-builder-el-no-sibling  av-inherit-size'><h2 class='av-special-heading-tag'  itemprop=\"headline\"  >PRODUCT ONTWERP: HET GAMMA HIT DOOR FICOS<\/h2><div class='av_custom_color av-subheading av-subheading_below'><p>We ontwerpen en commercialiseren het gamma van de Hit producten die ons toelaat de stroom van alle typen bouwbedrijven te optimaliseren.<\/p>\n<\/div><div class=\"special-heading-border\"><div class=\"special-heading-inner-border\"><\/div><\/div><\/div>\n\n<\/div><\/div><\/div><!-- close content main div --><\/div><\/div><div id='av_section_3'  class='avia-section av-o9y4-354bc3abb8f0f65c1510fc098e7952cb main_color avia-section-default avia-no-border-styling  avia-builder-el-15  el_after_av_section  avia-builder-el-last  avia-bg-style-scroll container_wrap fullsize'  ><div class='container av-section-cont-open' ><div class='template-page content  av-content-full alpha units'><div class='post-entry post-entry-type-page post-entry-1135'><div class='entry-content-wrapper clearfix'>\n\n<style type=\"text\/css\" data-created_by=\"avia_inline_auto\" id=\"style-css-av-5a63c-bff295f94ef370dba1018e4bac1988f0\">\n.flex_column.av-5a63c-bff295f94ef370dba1018e4bac1988f0{\nborder-radius:0px 0px 0px 0px;\n-webkit-border-radius:0px 0px 0px 0px;\n-moz-border-radius:0px 0px 0px 0px;\n}\n<\/style>\n<div class='flex_column av-5a63c-bff295f94ef370dba1018e4bac1988f0 av_one_fourth  avia-builder-el-16  el_before_av_one_fourth  avia-builder-el-first  first flex_column_div av-zero-column-padding '   ><style type=\"text\/css\" data-created_by=\"avia_inline_auto\" id=\"style-css-av-k0zdf7qw-b5c15edc2be8a4d33ec7836210d459b5\">\n.avia-image-container.av-k0zdf7qw-b5c15edc2be8a4d33ec7836210d459b5 .av-image-caption-overlay-center{\ncolor:#ffffff;\n}\n<\/style>\n<div  class='avia-image-container av-k0zdf7qw-b5c15edc2be8a4d33ec7836210d459b5 av-styling- avia_animated_image avia_animate_when_almost_visible left-to-right avia-align-right  avia-builder-el-17  avia-builder-el-no-sibling '  itemprop=\"image\" itemscope=\"itemscope\" itemtype=\"https:\/\/schema.org\/ImageObject\" ><div class=\"avia-image-container-inner\"><div class=\"avia-image-overlay-wrap\"><a href=\"https:\/\/www.hit-office.com\" class='avia_image' target=\"_blank\" rel=\"noopener noreferrer\"><img class='wp-image-953 avia-img-lazy-loading-not-953 avia_image' src=\"https:\/\/hit-tracking.com\/wp-content\/uploads\/2018\/09\/Hit-Office-300x300.png\" alt='' title='Hit-Office-300x300'  height=\"300\" width=\"300\"  itemprop=\"thumbnailUrl\" srcset=\"https:\/\/hit-tracking.com\/wp-content\/uploads\/2018\/09\/Hit-Office-300x300.png 300w, https:\/\/hit-tracking.com\/wp-content\/uploads\/2018\/09\/Hit-Office-300x300-80x80.png 80w, https:\/\/hit-tracking.com\/wp-content\/uploads\/2018\/09\/Hit-Office-300x300-36x36.png 36w, https:\/\/hit-tracking.com\/wp-content\/uploads\/2018\/09\/Hit-Office-300x300-180x180.png 180w, https:\/\/hit-tracking.com\/wp-content\/uploads\/2018\/09\/Hit-Office-300x300-120x120.png 120w\" sizes=\"(max-width: 300px) 100vw, 300px\" \/><\/a><\/div><\/div><\/div><\/div>\n<style type=\"text\/css\" data-created_by=\"avia_inline_auto\" id=\"style-css-av-1p7s-1ad4ede9d465a2b8b3fbf475a68f3056\">\n.flex_column.av-1p7s-1ad4ede9d465a2b8b3fbf475a68f3056{\nborder-radius:0px 0px 0px 0px;\n-webkit-border-radius:0px 0px 0px 0px;\n-moz-border-radius:0px 0px 0px 0px;\n}\n<\/style>\n<div class='flex_column av-1p7s-1ad4ede9d465a2b8b3fbf475a68f3056 av_one_fourth  avia-builder-el-18  el_after_av_one_fourth  el_before_av_one_fourth  flex_column_div av-zero-column-padding '   ><section  class='av_textblock_section av-k0zdfdqn-8f2716ecec430cb644eaa742e0ab1e02'  itemscope=\"itemscope\" itemtype=\"https:\/\/schema.org\/CreativeWork\" ><div class='avia_textblock'  itemprop=\"text\" ><p>Ficos biedt Hit-Office-software voor aannemers, architecten, aan installateurs en aan ontwikkelaars. Hit-Office bestaat uit een groot aantal modules om aan de behoeften van bedrijven te voldoen.<\/p>\n<\/div><\/section><\/div>\n<style type=\"text\/css\" data-created_by=\"avia_inline_auto\" id=\"style-css-av-3pb6g-28df753f5cb8d264c4469e185fedb4db\">\n.flex_column.av-3pb6g-28df753f5cb8d264c4469e185fedb4db{\nborder-radius:0px 0px 0px 0px;\n-webkit-border-radius:0px 0px 0px 0px;\n-moz-border-radius:0px 0px 0px 0px;\n}\n<\/style>\n<div class='flex_column av-3pb6g-28df753f5cb8d264c4469e185fedb4db av_one_fourth  avia-builder-el-20  el_after_av_one_fourth  el_before_av_one_fourth  flex_column_div av-zero-column-padding '   ><section  class='av_textblock_section av-k0zdfdqn-8f2716ecec430cb644eaa742e0ab1e02'  itemscope=\"itemscope\" itemtype=\"https:\/\/schema.org\/CreativeWork\" ><div class='avia_textblock'  itemprop=\"text\" ><p>Ficos ontwikkelt ook verschillende mobiele applicaties gericht op een bouwwerf. Hit-Mobile is een werf applicatie die het toelaat uw werf te beheren van uw mobiele apparaat. De oplossing Hit-Stock laat u toe uw stock te beheren vanaf uw smartphone door een scansysteem.<\/p>\n<\/div><\/section><\/div>\n<style type=\"text\/css\" data-created_by=\"avia_inline_auto\" id=\"style-css-av-33pv4-d6ef6c6a4cde2664c37b40f0d9b64a77\">\n.flex_column.av-33pv4-d6ef6c6a4cde2664c37b40f0d9b64a77{\nborder-radius:0px 0px 0px 0px;\n-webkit-border-radius:0px 0px 0px 0px;\n-moz-border-radius:0px 0px 0px 0px;\n}\n<\/style>\n<div class='flex_column av-33pv4-d6ef6c6a4cde2664c37b40f0d9b64a77 av_one_fourth  avia-builder-el-22  el_after_av_one_fourth  el_before_av_one_fourth  flex_column_div av-zero-column-padding '   ><style type=\"text\/css\" data-created_by=\"avia_inline_auto\" id=\"style-css-av-k0zdf7qw-dfc4acb6bec3ac0761a595a68becd6fa\">\n.avia-image-container.av-k0zdf7qw-dfc4acb6bec3ac0761a595a68becd6fa .av-image-caption-overlay-center{\ncolor:#ffffff;\n}\n<\/style>\n<div  class='avia-image-container av-k0zdf7qw-dfc4acb6bec3ac0761a595a68becd6fa av-styling- avia_animated_image avia_animate_when_almost_visible right-to-left avia-align-left  avia-builder-el-23  avia-builder-el-no-sibling '  itemprop=\"image\" itemscope=\"itemscope\" itemtype=\"https:\/\/schema.org\/ImageObject\" ><div class=\"avia-image-container-inner\"><div class=\"avia-image-overlay-wrap\"><a href=\"https:\/\/www.hit-mobile.com\" class='avia_image' target=\"_blank\" rel=\"noopener noreferrer\"><img class='wp-image-954 avia-img-lazy-loading-not-954 avia_image' src=\"https:\/\/hit-tracking.com\/wp-content\/uploads\/2018\/09\/Hit-Mobile-300x297-300x297.png\" alt='' title='Hit-Mobile-300x297'  height=\"297\" width=\"300\"  itemprop=\"thumbnailUrl\" srcset=\"https:\/\/hit-tracking.com\/wp-content\/uploads\/2018\/09\/Hit-Mobile-300x297.png 300w, https:\/\/hit-tracking.com\/wp-content\/uploads\/2018\/09\/Hit-Mobile-300x297-80x80.png 80w, https:\/\/hit-tracking.com\/wp-content\/uploads\/2018\/09\/Hit-Mobile-300x297-36x36.png 36w, https:\/\/hit-tracking.com\/wp-content\/uploads\/2018\/09\/Hit-Mobile-300x297-120x120.png 120w\" sizes=\"(max-width: 300px) 100vw, 300px\" \/><\/a><\/div><\/div><\/div><\/div>\n<style type=\"text\/css\" data-created_by=\"avia_inline_auto\" id=\"style-css-av-2vncs-deaf584968e0417601f7933252b9b02e\">\n.flex_column.av-2vncs-deaf584968e0417601f7933252b9b02e{\nborder-radius:0px 0px 0px 0px;\n-webkit-border-radius:0px 0px 0px 0px;\n-moz-border-radius:0px 0px 0px 0px;\n}\n<\/style>\n<div class='flex_column av-2vncs-deaf584968e0417601f7933252b9b02e av_one_fourth  avia-builder-el-24  el_after_av_one_fourth  el_before_av_one_fourth  first flex_column_div av-zero-column-padding column-top-margin'   ><style type=\"text\/css\" data-created_by=\"avia_inline_auto\" id=\"style-css-av-k0zdf7qw-f7e19096d6284c5c7c21dc48c5c9e53d\">\n.avia-image-container.av-k0zdf7qw-f7e19096d6284c5c7c21dc48c5c9e53d .av-image-caption-overlay-center{\ncolor:#ffffff;\n}\n<\/style>\n<div  class='avia-image-container av-k0zdf7qw-f7e19096d6284c5c7c21dc48c5c9e53d av-styling- avia_animated_image avia_animate_when_almost_visible left-to-right avia-align-right  avia-builder-el-25  avia-builder-el-no-sibling '  itemprop=\"image\" itemscope=\"itemscope\" itemtype=\"https:\/\/schema.org\/ImageObject\" ><div class=\"avia-image-container-inner\"><div class=\"avia-image-overlay-wrap\"><a href=\"https:\/\/www.hit-market.eu\" class='avia_image' target=\"_blank\" rel=\"noopener noreferrer\"><img class='wp-image-956 avia-img-lazy-loading-not-956 avia_image' src=\"https:\/\/hit-tracking.com\/wp-content\/uploads\/2018\/09\/hit-market-300x300.png\" alt='' title='hit-market-300x300'  height=\"300\" width=\"300\"  itemprop=\"thumbnailUrl\" srcset=\"https:\/\/hit-tracking.com\/wp-content\/uploads\/2018\/09\/hit-market-300x300.png 300w, https:\/\/hit-tracking.com\/wp-content\/uploads\/2018\/09\/hit-market-300x300-80x80.png 80w, https:\/\/hit-tracking.com\/wp-content\/uploads\/2018\/09\/hit-market-300x300-36x36.png 36w, https:\/\/hit-tracking.com\/wp-content\/uploads\/2018\/09\/hit-market-300x300-180x180.png 180w, https:\/\/hit-tracking.com\/wp-content\/uploads\/2018\/09\/hit-market-300x300-120x120.png 120w\" sizes=\"(max-width: 300px) 100vw, 300px\" \/><\/a><\/div><\/div><\/div><\/div>\n<style type=\"text\/css\" data-created_by=\"avia_inline_auto\" id=\"style-css-av-20jdc-2a07336e0a17dc89bf56747392b60826\">\n.flex_column.av-20jdc-2a07336e0a17dc89bf56747392b60826{\nborder-radius:0px 0px 0px 0px;\n-webkit-border-radius:0px 0px 0px 0px;\n-moz-border-radius:0px 0px 0px 0px;\n}\n<\/style>\n<div class='flex_column av-20jdc-2a07336e0a17dc89bf56747392b60826 av_one_fourth  avia-builder-el-26  el_after_av_one_fourth  el_before_av_one_fourth  flex_column_div av-zero-column-padding column-top-margin'   ><section  class='av_textblock_section av-k0zdfdqn-8f2716ecec430cb644eaa742e0ab1e02'  itemscope=\"itemscope\" itemtype=\"https:\/\/schema.org\/CreativeWork\" ><div class='avia_textblock'  itemprop=\"text\" ><p>Ficos is ook gespecialiseerd in de ontwikkeling van WEB-oplossingen. Hit-Market is een platform van prijsaanvragen tussen aannemers en onderaannemers die het mogelijk maakt om de hoeveelheid te verzenden en onmiddellijk te vullen en documenten over te dragen.<\/p>\n<\/div><\/section><\/div>\n<style type=\"text\/css\" data-created_by=\"avia_inline_auto\" id=\"style-css-av-1ajn8-7a6afae61354ff72b5e1ad7c89faa94e\">\n.flex_column.av-1ajn8-7a6afae61354ff72b5e1ad7c89faa94e{\nborder-radius:0px 0px 0px 0px;\n-webkit-border-radius:0px 0px 0px 0px;\n-moz-border-radius:0px 0px 0px 0px;\n}\n<\/style>\n<div class='flex_column av-1ajn8-7a6afae61354ff72b5e1ad7c89faa94e av_one_fourth  avia-builder-el-28  el_after_av_one_fourth  el_before_av_one_fourth  flex_column_div av-zero-column-padding column-top-margin'   ><section  class='av_textblock_section av-k0zdfdqn-8f2716ecec430cb644eaa742e0ab1e02'  itemscope=\"itemscope\" itemtype=\"https:\/\/schema.org\/CreativeWork\" ><div class='avia_textblock'  itemprop=\"text\" ><p>Hit-Clock ist eine Mobilanwendung mit \u201cStart-Stopp\u201d Funktionalit\u00e4t die es Ihnen erm\u00f6glicht Ihr Unternehmen zu verwalten. Sie k\u00f6nnen auf einfache Art die Arbeitszeiten Ihrer Mitarbeiter verfolgen und die Anwendung unterst\u00fctzt Sie bei der Einplanung Ihrer Belegschaft.<\/p>\n<\/div><\/section><\/div>\n<style type=\"text\/css\" data-created_by=\"avia_inline_auto\" id=\"style-css-av-13dgs-ba759f90e774da9a81cf509bbbe989cf\">\n.flex_column.av-13dgs-ba759f90e774da9a81cf509bbbe989cf{\nborder-radius:0px 0px 0px 0px;\n-webkit-border-radius:0px 0px 0px 0px;\n-moz-border-radius:0px 0px 0px 0px;\n}\n<\/style>\n<div class='flex_column av-13dgs-ba759f90e774da9a81cf509bbbe989cf av_one_fourth  avia-builder-el-30  el_after_av_one_fourth  avia-builder-el-last  flex_column_div av-zero-column-padding column-top-margin'   ><style type=\"text\/css\" data-created_by=\"avia_inline_auto\" id=\"style-css-av-k0zdf7qw-5c8fc3dd87ad768038c69a2976e69397\">\n.avia-image-container.av-k0zdf7qw-5c8fc3dd87ad768038c69a2976e69397 .av-image-caption-overlay-center{\ncolor:#ffffff;\n}\n<\/style>\n<div  class='avia-image-container av-k0zdf7qw-5c8fc3dd87ad768038c69a2976e69397 av-styling- avia_animated_image avia_animate_when_almost_visible right-to-left avia-align-left  avia-builder-el-31  avia-builder-el-no-sibling '  itemprop=\"image\" itemscope=\"itemscope\" itemtype=\"https:\/\/schema.org\/ImageObject\" ><div class=\"avia-image-container-inner\"><div class=\"avia-image-overlay-wrap\"><a href=\"https:\/\/www.hit-clock.com\" class='avia_image' target=\"_blank\" rel=\"noopener noreferrer\"><img class='wp-image-957 avia-img-lazy-loading-not-957 avia_image' src=\"https:\/\/hit-tracking.com\/wp-content\/uploads\/2018\/09\/hit-clock-300x300-300x299.png\" alt='' title='hit-clock-300x300'  height=\"299\" width=\"300\"  itemprop=\"thumbnailUrl\" srcset=\"https:\/\/hit-tracking.com\/wp-content\/uploads\/2018\/09\/hit-clock-300x300.png 300w, https:\/\/hit-tracking.com\/wp-content\/uploads\/2018\/09\/hit-clock-300x300-80x80.png 80w, https:\/\/hit-tracking.com\/wp-content\/uploads\/2018\/09\/hit-clock-300x300-36x36.png 36w, https:\/\/hit-tracking.com\/wp-content\/uploads\/2018\/09\/hit-clock-300x300-180x180.png 180w, https:\/\/hit-tracking.com\/wp-content\/uploads\/2018\/09\/hit-clock-300x300-120x120.png 120w\" sizes=\"(max-width: 300px) 100vw, 300px\" \/><\/a><\/div><\/div><\/div><\/div>\n","protected":false},"excerpt":{"rendered":"","protected":false},"author":4,"featured_media":0,"parent":0,"menu_order":0,"comment_status":"closed","ping_status":"closed","template":"","meta":[],"_links":{"self":[{"href":"https:\/\/hit-tracking.com\/nl\/wp-json\/wp\/v2\/pages\/1135"}],"collection":[{"href":"https:\/\/hit-tracking.com\/nl\/wp-json\/wp\/v2\/pages"}],"about":[{"href":"https:\/\/hit-tracking.com\/nl\/wp-json\/wp\/v2\/types\/page"}],"author":[{"embeddable":true,"href":"https:\/\/hit-tracking.com\/nl\/wp-json\/wp\/v2\/users\/4"}],"replies":[{"embeddable":true,"href":"https:\/\/hit-tracking.com\/nl\/wp-json\/wp\/v2\/comments?post=1135"}],"version-history":[{"count":4,"href":"https:\/\/hit-tracking.com\/nl\/wp-json\/wp\/v2\/pages\/1135\/revisions"}],"predecessor-version":[{"id":2127,"href":"https:\/\/hit-tracking.com\/nl\/wp-json\/wp\/v2\/pages\/1135\/revisions\/2127"}],"wp:attachment":[{"href":"https:\/\/hit-tracking.com\/nl\/wp-json\/wp\/v2\/media?parent=1135"}],"curies":[{"name":"wp","href":"https:\/\/api.w.org\/{rel}","templated":true}]}}